{"id":16960,"date":"2022-05-30T11:13:23","date_gmt":"2022-05-30T09:13:23","guid":{"rendered":"https:\/\/www.raschvin.com\/vare\/toschi-nocello\/"},"modified":"2022-12-12T16:32:04","modified_gmt":"2022-12-12T15:32:04","slug":"toschi-nocello","status":"publish","type":"product","link":"https:\/\/www.raschvin.com\/sv\/produkt\/toschi-nocello\/","title":{"rendered":"Toschi Nocello 70 cl. 24%"},"content":{"rendered":"<p>Med briljanta k\u00e4nsliga anteckningar av hasseln\u00f6tter och valn\u00f6tter \u00e4r Toschi Nocella en rik italiensk lik\u00f6r som \u00e4r lika bekv\u00e4mt att dricka snyggt som det sprutas i en cocktail eller ens i en espresso! Det kommer med en valn\u00f6t stoppad, bara om du inte riktigt f\u00f6rstod att det \u00e4r sylt packat med n\u00f6tter.<\/p>\n","protected":false},"excerpt":{"rendered":"<p>Premium Italian Walnut Liqueur<\/p>\n","protected":false},"featured_media":10567,"template":"","meta":{"_acf_changed":false,"rs_blank_template":"","rs_page_bg_color":"","slide_template_v7":""},"product_brand":[],"product_cat":[2387,4670,2390],"product_tag":[],"class_list":{"0":"post-16960","1":"product","2":"type-product","3":"status-publish","4":"has-post-thumbnail","6":"product_cat-avec-sv","7":"product_cat-frukt","8":"product_cat-sprit","9":"pa_land-italien-sv","10":"pa_procent-24-sv","11":"pa_producent-toschi-vignola-sv","12":"pa_region-modena-sv","13":"pa_volume-70-sv-2","15":"first","16":"instock","17":"taxable","18":"shipping-taxable","19":"purchasable","20":"product-type-simple"},"bundled_by":[],"bundle_stock_status":"instock","bundle_stock_quantity":null,"bundle_virtual":false,"bundle_layout":"","bundle_add_to_cart_form_location":"","bundle_editable_in_cart":false,"bundle_sold_individually_context":"","bundle_item_grouping":"","bundle_min_size":"","bundle_max_size":"","bundle_price":[],"bundled_items":[],"bundle_sell_ids":[],"acf":[],"_links":{"self":[{"href":"https:\/\/www.raschvin.com\/sv\/wp-json\/wp\/v2\/product\/16960","targetHints":{"allow":["GET"]}}],"collection":[{"href":"https:\/\/www.raschvin.com\/sv\/wp-json\/wp\/v2\/product"}],"about":[{"href":"https:\/\/www.raschvin.com\/sv\/wp-json\/wp\/v2\/types\/product"}],"wp:featuredmedia":[{"embeddable":true,"href":"https:\/\/www.raschvin.com\/sv\/wp-json\/wp\/v2\/media\/10567"}],"wp:attachment":[{"href":"https:\/\/www.raschvin.com\/sv\/wp-json\/wp\/v2\/media?parent=16960"}],"wp:term":[{"taxonomy":"product_brand","embeddable":true,"href":"https:\/\/www.raschvin.com\/sv\/wp-json\/wp\/v2\/product_brand?post=16960"},{"taxonomy":"product_cat","embeddable":true,"href":"https:\/\/www.raschvin.com\/sv\/wp-json\/wp\/v2\/product_cat?post=16960"},{"taxonomy":"product_tag","embeddable":true,"href":"https:\/\/www.raschvin.com\/sv\/wp-json\/wp\/v2\/product_tag?post=16960"}],"curies":[{"name":"wp","href":"https:\/\/api.w.org\/{rel}","templated":true}]}}