{"id":16958,"date":"2022-05-30T11:13:23","date_gmt":"2022-05-30T09:13:23","guid":{"rendered":"https:\/\/www.raschvin.com\/vare\/cointreau-35-cl\/"},"modified":"2022-11-10T11:29:32","modified_gmt":"2022-11-10T10:29:32","slug":"cointreau-35-cl","status":"publish","type":"product","link":"https:\/\/www.raschvin.com\/sv\/produkt\/cointreau-35-cl\/","title":{"rendered":"Cointreau 35 cl. 40%"},"content":{"rendered":"<p>Cointreau \u00e4r v\u00e4rldens ledande och prisbel\u00f6nta orange ledtr\u00e5dar eller &#8221;Triple Sec&#8221;. Det skapades 1910 och \u00e4r en del av de ursprungliga recepten f\u00f6r k\u00e4nda cocktails som vit dam, sidor, margarita och kosmopolitiska.<\/p>\n<p>Cointreau \u00e4r gjord av 2 typer av apelsiner, bitter och s\u00f6t. Den har en rik smak i b\u00f6rjan, varefter den \u00e4r balanserad med alkoholstreck och den bittera s\u00f6ta smaken fr\u00e5n apelsinskal. Det kan serveras ensam kylt eller med is. Det kan ocks\u00e5 blandas f\u00f6r drycker.<\/p>\n<p>F\u00f6rslag:<\/p>\n<p>Orangeknas.<br \/>\n&#8211; 6 cl cointreau<br \/>\n&#8211; 12 clocio<br \/>\nBlanda och skaka med is och h\u00e4ll i glas.<\/p>\n","protected":false},"excerpt":{"rendered":"<p>French Orange Liqueur<\/p>\n","protected":false},"featured_media":10541,"template":"","meta":{"_acf_changed":false,"rs_blank_template":"","rs_page_bg_color":"","slide_template_v7":""},"product_brand":[],"product_cat":[2387,4670,2390],"product_tag":[],"class_list":{"0":"post-16958","1":"product","2":"type-product","3":"status-publish","4":"has-post-thumbnail","6":"product_cat-avec-sv","7":"product_cat-frukt","8":"product_cat-sprit","9":"pa_land-frankrike","10":"pa_procent-40-sv-2","11":"pa_producent-remy-cointreau-sv","12":"pa_volume-35-sv","14":"first","15":"instock","16":"taxable","17":"shipping-taxable","18":"purchasable","19":"product-type-simple"},"bundled_by":[],"bundle_stock_status":"instock","bundle_stock_quantity":null,"bundle_virtual":false,"bundle_layout":"","bundle_add_to_cart_form_location":"","bundle_editable_in_cart":false,"bundle_sold_individually_context":"","bundle_item_grouping":"","bundle_min_size":"","bundle_max_size":"","bundle_price":[],"bundled_items":[],"bundle_sell_ids":[],"acf":[],"_links":{"self":[{"href":"https:\/\/www.raschvin.com\/sv\/wp-json\/wp\/v2\/product\/16958","targetHints":{"allow":["GET"]}}],"collection":[{"href":"https:\/\/www.raschvin.com\/sv\/wp-json\/wp\/v2\/product"}],"about":[{"href":"https:\/\/www.raschvin.com\/sv\/wp-json\/wp\/v2\/types\/product"}],"wp:featuredmedia":[{"embeddable":true,"href":"https:\/\/www.raschvin.com\/sv\/wp-json\/wp\/v2\/media\/10541"}],"wp:attachment":[{"href":"https:\/\/www.raschvin.com\/sv\/wp-json\/wp\/v2\/media?parent=16958"}],"wp:term":[{"taxonomy":"product_brand","embeddable":true,"href":"https:\/\/www.raschvin.com\/sv\/wp-json\/wp\/v2\/product_brand?post=16958"},{"taxonomy":"product_cat","embeddable":true,"href":"https:\/\/www.raschvin.com\/sv\/wp-json\/wp\/v2\/product_cat?post=16958"},{"taxonomy":"product_tag","embeddable":true,"href":"https:\/\/www.raschvin.com\/sv\/wp-json\/wp\/v2\/product_tag?post=16958"}],"curies":[{"name":"wp","href":"https:\/\/api.w.org\/{rel}","templated":true}]}}