{"id":16957,"date":"2022-05-30T11:13:23","date_gmt":"2022-05-30T09:13:23","guid":{"rendered":"https:\/\/www.raschvin.com\/vare\/tarquins-blood-orange-gin\/"},"modified":"2022-12-07T19:41:41","modified_gmt":"2022-12-07T18:41:41","slug":"tarquins-blood-orange-gin","status":"publish","type":"product","link":"https:\/\/www.raschvin.com\/sv\/produkt\/tarquins-blood-orange-gin\/","title":{"rendered":"Tarquin&#8217;s Blood Orange Gin 70 cl. 38%"},"content":{"rendered":"<p>Ge din spritzes en extra hj\u00e4lp citrusfrukter med Tarquins Cornish Sunshine Blood Orange Gin, utformad f\u00f6r att anv\u00e4ndas i servering! En kombination av blodbesv\u00e4r, rosa grapefrukt, rabarber, hallon och gentianrod har levererats i andan s\u00e5 att den har en balanserad bitterhet bland frukterna. Folket p\u00e5 destilleriet i Cornwall rekommenderar att du l\u00e4gger till ett st\u00e4nk av fizz och en touch av mousserande hyllblomma till den perfekta serveringen.<\/p>\n<p>Orange s\u00f6tma och b\u00e4ra med enb\u00e4r, sur frukt och en bittersweet \u00f6rt\u00e4nd.<\/p>\n","protected":false},"excerpt":{"rendered":"<p>Handcrafted Cornish Dry Gin &#8211; Created On The Wild Cornish Coast<\/p>\n","protected":false},"featured_media":10528,"template":"","meta":{"_acf_changed":false,"rs_blank_template":"","rs_page_bg_color":"","slide_template_v7":""},"product_brand":[],"product_cat":[2402,2404,4700],"product_tag":[],"class_list":{"0":"post-16957","1":"product","2":"type-product","3":"status-publish","4":"has-post-thumbnail","6":"product_cat-sprit-sv","7":"product_cat-gin-sv","8":"product_cat-flavoured-gin-sv","9":"pa_land-england-sv","10":"pa_procent-38-sv","11":"pa_producent-southwestern-distillery-sv","12":"pa_volume-70-sv-2","14":"first","15":"instock","16":"sale","17":"taxable","18":"shipping-taxable","19":"purchasable","20":"product-type-simple"},"bundled_by":[],"bundle_stock_status":"instock","bundle_stock_quantity":null,"bundle_virtual":false,"bundle_layout":"","bundle_add_to_cart_form_location":"","bundle_editable_in_cart":false,"bundle_sold_individually_context":"","bundle_item_grouping":"","bundle_min_size":"","bundle_max_size":"","bundle_price":[],"bundled_items":[],"bundle_sell_ids":[],"acf":[],"_links":{"self":[{"href":"https:\/\/www.raschvin.com\/sv\/wp-json\/wp\/v2\/product\/16957","targetHints":{"allow":["GET"]}}],"collection":[{"href":"https:\/\/www.raschvin.com\/sv\/wp-json\/wp\/v2\/product"}],"about":[{"href":"https:\/\/www.raschvin.com\/sv\/wp-json\/wp\/v2\/types\/product"}],"wp:featuredmedia":[{"embeddable":true,"href":"https:\/\/www.raschvin.com\/sv\/wp-json\/wp\/v2\/media\/10528"}],"wp:attachment":[{"href":"https:\/\/www.raschvin.com\/sv\/wp-json\/wp\/v2\/media?parent=16957"}],"wp:term":[{"taxonomy":"product_brand","embeddable":true,"href":"https:\/\/www.raschvin.com\/sv\/wp-json\/wp\/v2\/product_brand?post=16957"},{"taxonomy":"product_cat","embeddable":true,"href":"https:\/\/www.raschvin.com\/sv\/wp-json\/wp\/v2\/product_cat?post=16957"},{"taxonomy":"product_tag","embeddable":true,"href":"https:\/\/www.raschvin.com\/sv\/wp-json\/wp\/v2\/product_tag?post=16957"}],"curies":[{"name":"wp","href":"https:\/\/api.w.org\/{rel}","templated":true}]}}