{"id":16955,"date":"2022-05-30T11:13:23","date_gmt":"2022-05-30T09:13:23","guid":{"rendered":"https:\/\/www.raschvin.com\/vare\/meukow-vanilla\/"},"modified":"2022-11-27T12:08:06","modified_gmt":"2022-11-27T11:08:06","slug":"meukow-vanilla","status":"publish","type":"product","link":"https:\/\/www.raschvin.com\/sv\/produkt\/meukow-vanilla\/","title":{"rendered":"Meukow Vanilla 70 cl. 30%"},"content":{"rendered":"<p>Anne Sarteaux har varit en k\u00e4llare Master of Cognachuset Meukow sedan 2007, och hon \u00e4r k\u00e4nd f\u00f6r att v\u00e4rna traditioner och kvalitet. Huset \u00e4r dock ocks\u00e5 ganska innovativt, vilket bland annat. Deras popul\u00e4ra Expresso och Vanilla-lik\u00f6rer vittnar om. Anne gynnar Cognac fr\u00e5n Fine Champagne, best\u00e5ende av Grande och Petite Champagne Crus p\u00e5 grund av deras komplexa, blommiga karakt\u00e4r och Bons Bois, Fins Bois och Borderies, f\u00f6r deras Woody och Fruity Aromas.<\/p>\n<p>Meukow vanilj \u00e4r tillverkad av Infusing Meukow vs Cognac med naturligt vanilj extrakt. Den tappas till 30% ABV ist\u00e4llet f\u00f6r den 40% ABV som kr\u00e4vs f\u00f6r att kallas en konjak. Detta f\u00f6r att ge en mildare smak d\u00e4r alla kan vara med.<\/p>\n<p>Bara vanilj spelar oerh\u00f6rt bra med Meukows cognacs som redan \u00e4r vanilj-karakteriserade av den extra flottan.<\/p>\n<p>I n\u00e4san finns vanilj, men det finns fortfarande gott om l\u00e4der och plommon fr\u00e5n konjaken i bakgrunden.<\/p>\n<p>Finishen \u00e4r \u00f6verraskande l\u00e5ng, fortfarande med vanilj, men s\u00e5 sm\u00e5ningom \u00e4r cognac-tonerna tydligt fram\u00e5t. Du kan frukta att det blir f\u00f6r mycket och f\u00f6r s\u00f6tt, men Meukow har hittat en riktigt fin balans, och det smakar bara fantastiskt!<\/p>\n<p>Superior Taste Award, International Taste &#038; Quality Institute, Bryssel 2008<\/p>\n<p>Guld p\u00e5 Beverage Testing Institutet av Chicago och 94 po\u00e4ng (exceptionell), 2004<\/p>\n<p>\u00c5rets m\u00e4rke, Drinks International Magazine 2003<\/p>\n<p>Kan vara berusad (kyld), i olika drycker eller blandningar med juice.<\/p>\n","protected":false},"excerpt":{"rendered":"<p>Liqueur Au Cognac de France<\/p>\n","protected":false},"featured_media":30378,"template":"","meta":{"_acf_changed":false,"rs_blank_template":"","rs_page_bg_color":"","slide_template_v7":""},"product_brand":[],"product_cat":[2387,2390,4716],"product_tag":[],"class_list":{"0":"post-16955","1":"product","2":"type-product","3":"status-publish","4":"has-post-thumbnail","6":"product_cat-avec-sv","7":"product_cat-sprit","8":"product_cat-andra-likorer","9":"pa_land-frankrike","10":"pa_procent-30-sv","11":"pa_producent-meukow-sv","12":"pa_region-cognac-sv","13":"pa_volume-70-sv-2","15":"first","16":"instock","17":"sale","18":"taxable","19":"shipping-taxable","20":"purchasable","21":"product-type-simple"},"bundled_by":[],"bundle_stock_status":"instock","bundle_stock_quantity":null,"bundle_virtual":false,"bundle_layout":"","bundle_add_to_cart_form_location":"","bundle_editable_in_cart":false,"bundle_sold_individually_context":"","bundle_item_grouping":"","bundle_min_size":"","bundle_max_size":"","bundle_price":[],"bundled_items":[],"bundle_sell_ids":[],"acf":[],"_links":{"self":[{"href":"https:\/\/www.raschvin.com\/sv\/wp-json\/wp\/v2\/product\/16955","targetHints":{"allow":["GET"]}}],"collection":[{"href":"https:\/\/www.raschvin.com\/sv\/wp-json\/wp\/v2\/product"}],"about":[{"href":"https:\/\/www.raschvin.com\/sv\/wp-json\/wp\/v2\/types\/product"}],"wp:featuredmedia":[{"embeddable":true,"href":"https:\/\/www.raschvin.com\/sv\/wp-json\/wp\/v2\/media\/30378"}],"wp:attachment":[{"href":"https:\/\/www.raschvin.com\/sv\/wp-json\/wp\/v2\/media?parent=16955"}],"wp:term":[{"taxonomy":"product_brand","embeddable":true,"href":"https:\/\/www.raschvin.com\/sv\/wp-json\/wp\/v2\/product_brand?post=16955"},{"taxonomy":"product_cat","embeddable":true,"href":"https:\/\/www.raschvin.com\/sv\/wp-json\/wp\/v2\/product_cat?post=16955"},{"taxonomy":"product_tag","embeddable":true,"href":"https:\/\/www.raschvin.com\/sv\/wp-json\/wp\/v2\/product_tag?post=16955"}],"curies":[{"name":"wp","href":"https:\/\/api.w.org\/{rel}","templated":true}]}}