{"id":16950,"date":"2022-05-30T11:11:34","date_gmt":"2022-05-30T09:11:34","guid":{"rendered":"https:\/\/www.raschvin.com\/vare\/ron-zacapa-la-edicion-negra\/"},"modified":"2022-12-05T11:05:47","modified_gmt":"2022-12-05T10:05:47","slug":"ron-zacapa-la-edicion-negra","status":"publish","type":"product","link":"https:\/\/www.raschvin.com\/sv\/produkt\/ron-zacapa-la-edicion-negra\/","title":{"rendered":"Ron Zacapa Sistema Solera Edicion Negra 70 cl. 43%"},"content":{"rendered":"<p>Ron Zacapa Edicion Negra \u00e4r ett s\u00f6tt rum fr\u00e5n Guatemala. Rom \u00e4r en blandning av destillat av olika \u00e5lder &#8211; fr\u00e5n 6 \u00e5r till 24 \u00e5r. Den \u00e4r lagrad p\u00e5 r\u00e4tter, som bland annat inneh\u00f6ll amerikansk whisky och den s\u00f6ta sherry typen Pedro Ximenez &#8211; och &#8221;det med sm\u00e5&#8221; ocks\u00e5 n\u00e4mner &#8221;Dubbel Charred Oak Barrels&#8221;. Tappade p\u00e5 43%.<\/p>\n<p>F\u00e4rg: Koppar.<br \/>\nDoft: Massor av torkad frukt, choklad och vanilj &#8211; och sedan en touch av r\u00f6k som kl\u00e4r det bra.<br \/>\nSmak Anm\u00e4rkningar: Runda och s\u00f6ta. Ananas, rosin och choklad.<\/p>\n<p>Serveringsf\u00f6rslag: b\u00f6r avnjutas ren.<\/p>\n<p>Det finns inga Rhore-drycker som inte k\u00e4nner till Ron Zacapa. Varum\u00e4rket \u00e4r gradvis entusiastisk, och den gyllene nektar i de bastomvnerade flaskorna \u00e4r kanske Rom som har agerat &#8221;Gateway-Rom&#8221; f\u00f6r de flesta i v\u00e4rlden. Vissa skulle tro att Zacapa har haft sin h\u00f6gtidstid &#8211; men vi \u00e4r av en annan vy. Vi har smakat den gamla &#8221;svarta&#8221; och &#8221;vita etiketten&#8221; och vi \u00e4r inte i tvivel &#8211; kvaliteten \u00e4r b\u00e4ttre idag!<\/p>\n","protected":false},"excerpt":{"rendered":"<p>Guatemala Premium Aged Rum<\/p>\n","protected":false},"featured_media":10455,"template":"","meta":{"_acf_changed":false,"rs_blank_template":"","rs_page_bg_color":"","slide_template_v7":""},"product_brand":[],"product_cat":[2387,4634,2391],"product_tag":[],"class_list":{"0":"post-16950","1":"product","2":"type-product","3":"status-publish","4":"has-post-thumbnail","6":"product_cat-avec-sv","7":"product_cat-premium-aged-sv","8":"product_cat-rom-sv","9":"pa_land-guatemala-sv","10":"pa_procent-43-sv","11":"pa_producent-ron-zacapa-sv","12":"pa_volume-70-sv-2","14":"first","15":"outofstock","16":"sale","17":"taxable","18":"shipping-taxable","19":"purchasable","20":"product-type-simple"},"bundled_by":[],"bundle_stock_status":"outofstock","bundle_stock_quantity":null,"bundle_virtual":false,"bundle_layout":"","bundle_add_to_cart_form_location":"","bundle_editable_in_cart":false,"bundle_sold_individually_context":"","bundle_item_grouping":"","bundle_min_size":"","bundle_max_size":"","bundle_price":[],"bundled_items":[],"bundle_sell_ids":[],"acf":[],"_links":{"self":[{"href":"https:\/\/www.raschvin.com\/sv\/wp-json\/wp\/v2\/product\/16950","targetHints":{"allow":["GET"]}}],"collection":[{"href":"https:\/\/www.raschvin.com\/sv\/wp-json\/wp\/v2\/product"}],"about":[{"href":"https:\/\/www.raschvin.com\/sv\/wp-json\/wp\/v2\/types\/product"}],"wp:featuredmedia":[{"embeddable":true,"href":"https:\/\/www.raschvin.com\/sv\/wp-json\/wp\/v2\/media\/10455"}],"wp:attachment":[{"href":"https:\/\/www.raschvin.com\/sv\/wp-json\/wp\/v2\/media?parent=16950"}],"wp:term":[{"taxonomy":"product_brand","embeddable":true,"href":"https:\/\/www.raschvin.com\/sv\/wp-json\/wp\/v2\/product_brand?post=16950"},{"taxonomy":"product_cat","embeddable":true,"href":"https:\/\/www.raschvin.com\/sv\/wp-json\/wp\/v2\/product_cat?post=16950"},{"taxonomy":"product_tag","embeddable":true,"href":"https:\/\/www.raschvin.com\/sv\/wp-json\/wp\/v2\/product_tag?post=16950"}],"curies":[{"name":"wp","href":"https:\/\/api.w.org\/{rel}","templated":true}]}}