{"id":16944,"date":"2022-05-30T11:11:34","date_gmt":"2022-05-30T09:11:34","guid":{"rendered":"https:\/\/www.raschvin.com\/vare\/yushan-signature-sherry-cask\/"},"modified":"2022-12-11T17:41:29","modified_gmt":"2022-12-11T16:41:29","slug":"yushan-signature-sherry-cask","status":"publish","type":"product","link":"https:\/\/www.raschvin.com\/sv\/produkt\/yushan-signature-sherry-cask\/","title":{"rendered":"Yushan Signature &#8211; Sherry Cask 70 cl. 46%"},"content":{"rendered":"<p>Underbart komplex whisky med fina toner av rostade n\u00f6tter, ek, rosenblad, vanilj, apelsinskal, russin och v\u00e4rmande kryddor och inslag av stenfrukt. Lagringen p\u00e5 sherryfat f\u00f6rnekar sig inte \u2013 inte ens i den fylliga munk\u00e4nslan, d\u00e4r svartpeppar, muskotn\u00f6t och kryddnejlika presenterar sig i en rund s\u00f6tma. En l\u00e5ng eftersmak l\u00e4mnar dig bara l\u00e5ngsamt med fina kryddor och vanilj.<\/p>\n<p>Om Nantou Distillery<br \/>\nNantou Distillery ligger i Nantou Hsien i Taiwan och grundades av Taiwan Tobacco &#038; Liquor Corporation 1978. Det var dock inte f\u00f6rr\u00e4n 2008 som Nantou Distillery producerade sin f\u00f6rsta whisky. Nantou Distillery har f\u00f6r n\u00e4rvarande fyra stillbilder tillverkade av Forsyths i Rothes i Speyside, Skottland. Det varma och fuktiga klimatet i Taiwan g\u00f6r att den ber\u00f6mda &#8221;Angel&#8217;s Share&#8221; \u00e4r runt 5% per \u00e5r<\/p>\n","protected":false},"excerpt":{"rendered":"<p>Taiwanese Single Malt Whisky<\/p>\n","protected":false},"featured_media":31150,"template":"","meta":{"_acf_changed":false,"rs_blank_template":"","rs_page_bg_color":"","slide_template_v7":""},"product_brand":[],"product_cat":[2387,4651,2392],"product_tag":[],"class_list":{"0":"post-16944","1":"product","2":"type-product","3":"status-publish","4":"has-post-thumbnail","6":"product_cat-avec-sv","7":"product_cat-single-malt-sv","8":"product_cat-whisky-sv","9":"pa_land-taiwan-sv","10":"pa_procent-46-sv","11":"pa_producent-nantou-distillery-sv","12":"pa_region-nantou-hsien-sv","13":"pa_traefad-sherry-sv","14":"pa_volume-70-sv-2","16":"first","17":"instock","18":"sale","19":"taxable","20":"shipping-taxable","21":"purchasable","22":"product-type-simple"},"bundled_by":[],"bundle_stock_status":"instock","bundle_stock_quantity":null,"bundle_virtual":false,"bundle_layout":"","bundle_add_to_cart_form_location":"","bundle_editable_in_cart":false,"bundle_sold_individually_context":"","bundle_item_grouping":"","bundle_min_size":"","bundle_max_size":"","bundle_price":[],"bundled_items":[],"bundle_sell_ids":[],"acf":[],"_links":{"self":[{"href":"https:\/\/www.raschvin.com\/sv\/wp-json\/wp\/v2\/product\/16944","targetHints":{"allow":["GET"]}}],"collection":[{"href":"https:\/\/www.raschvin.com\/sv\/wp-json\/wp\/v2\/product"}],"about":[{"href":"https:\/\/www.raschvin.com\/sv\/wp-json\/wp\/v2\/types\/product"}],"wp:featuredmedia":[{"embeddable":true,"href":"https:\/\/www.raschvin.com\/sv\/wp-json\/wp\/v2\/media\/31150"}],"wp:attachment":[{"href":"https:\/\/www.raschvin.com\/sv\/wp-json\/wp\/v2\/media?parent=16944"}],"wp:term":[{"taxonomy":"product_brand","embeddable":true,"href":"https:\/\/www.raschvin.com\/sv\/wp-json\/wp\/v2\/product_brand?post=16944"},{"taxonomy":"product_cat","embeddable":true,"href":"https:\/\/www.raschvin.com\/sv\/wp-json\/wp\/v2\/product_cat?post=16944"},{"taxonomy":"product_tag","embeddable":true,"href":"https:\/\/www.raschvin.com\/sv\/wp-json\/wp\/v2\/product_tag?post=16944"}],"curies":[{"name":"wp","href":"https:\/\/api.w.org\/{rel}","templated":true}]}}