{"id":16942,"date":"2022-05-30T11:10:12","date_gmt":"2022-05-30T09:10:12","guid":{"rendered":"https:\/\/www.raschvin.com\/vare\/togouchi-pure-malt\/"},"modified":"2022-12-11T15:00:49","modified_gmt":"2022-12-11T14:00:49","slug":"togouchi-pure-malt","status":"publish","type":"product","link":"https:\/\/www.raschvin.com\/sv\/produkt\/togouchi-pure-malt\/","title":{"rendered":"Togouchi &#8211; Pure Malt 70 cl. 40%"},"content":{"rendered":"<p>L\u00e4tt och fr\u00e4sch whisky i Toguchis japanska stil. Samtidigt \u00e4r den torvr\u00f6kt i en behaglig doft, d\u00e4r choklad, mogna aprikoser och vanilj bjuder p\u00e5 n\u00e4san. P\u00e5 tungan f\u00e5r man \u00e4ven inslag av fr\u00e4sch gr\u00e4dde och lite fler intryck av torv. I eftersmaken sm\u00e5 fina intryck av bitter kakao och hasseln\u00f6tter, medan torven sakta tonar ut.<\/p>\n<p>Lagrad p\u00e5 bourbon- och sherryfat.<\/p>\n<p>Om SAKURAO bryggeri och destilleri<br \/>\nJapanska Togouchi \u00e4r ett annat exempel p\u00e5 att Kingdom of the Sun skapar utm\u00e4rkt whisky. Choguko Jozo har under m\u00e5nga \u00e5r importerat maltwhisky fr\u00e5n Skottland och grain whisky fr\u00e5n Kanada till de olika buteljeringarna, men har sedan 2014 \u00e4ven destillerat sig. Fatlagringen skedde d\u00e4rf\u00f6r i Japan. De lagrar sedan i en gammal, 361 meter l\u00e5ng, nedlagd j\u00e4rnv\u00e4gstunnel som aldrig anv\u00e4ndes f\u00f6r sitt ursprungliga syfte. Det \u00e4r relativt ovanligt, men fungerar, inte minst eftersom temperaturen \u00e4r konstant och sval hela \u00e5ret runt 14 grader och med en luftfuktighet p\u00e5 80%. Whiskyerna blandas och buteljeras sedan.<\/p>\n","protected":false},"excerpt":{"rendered":"<p>Japanese Whisky<\/p>\n","protected":false},"featured_media":31226,"template":"","meta":{"_acf_changed":false,"rs_blank_template":"","rs_page_bg_color":"","slide_template_v7":""},"product_brand":[],"product_cat":[2387,2392,4648],"product_tag":[],"class_list":{"0":"post-16942","1":"product","2":"type-product","3":"status-publish","4":"has-post-thumbnail","6":"product_cat-avec-sv","7":"product_cat-whisky-sv","8":"product_cat-blended-malt","9":"pa_land-japan-sv","10":"pa_procent-40-sv-2","11":"pa_producent-sakurao-brewery-and-distillery-sv","12":"pa_region-hiroshima-sv","13":"pa_volume-70-sv-2","15":"first","16":"outofstock","17":"sale","18":"taxable","19":"shipping-taxable","20":"purchasable","21":"product-type-simple"},"bundled_by":[],"bundle_stock_status":"outofstock","bundle_stock_quantity":null,"bundle_virtual":false,"bundle_layout":"","bundle_add_to_cart_form_location":"","bundle_editable_in_cart":false,"bundle_sold_individually_context":"","bundle_item_grouping":"","bundle_min_size":"","bundle_max_size":"","bundle_price":[],"bundled_items":[],"bundle_sell_ids":[],"acf":[],"_links":{"self":[{"href":"https:\/\/www.raschvin.com\/sv\/wp-json\/wp\/v2\/product\/16942","targetHints":{"allow":["GET"]}}],"collection":[{"href":"https:\/\/www.raschvin.com\/sv\/wp-json\/wp\/v2\/product"}],"about":[{"href":"https:\/\/www.raschvin.com\/sv\/wp-json\/wp\/v2\/types\/product"}],"wp:featuredmedia":[{"embeddable":true,"href":"https:\/\/www.raschvin.com\/sv\/wp-json\/wp\/v2\/media\/31226"}],"wp:attachment":[{"href":"https:\/\/www.raschvin.com\/sv\/wp-json\/wp\/v2\/media?parent=16942"}],"wp:term":[{"taxonomy":"product_brand","embeddable":true,"href":"https:\/\/www.raschvin.com\/sv\/wp-json\/wp\/v2\/product_brand?post=16942"},{"taxonomy":"product_cat","embeddable":true,"href":"https:\/\/www.raschvin.com\/sv\/wp-json\/wp\/v2\/product_cat?post=16942"},{"taxonomy":"product_tag","embeddable":true,"href":"https:\/\/www.raschvin.com\/sv\/wp-json\/wp\/v2\/product_tag?post=16942"}],"curies":[{"name":"wp","href":"https:\/\/api.w.org\/{rel}","templated":true}]}}