{"id":16933,"date":"2022-05-30T11:08:25","date_gmt":"2022-05-30T09:08:25","guid":{"rendered":"https:\/\/www.raschvin.com\/vare\/redbreast-lustau-edition-sherry-finish\/"},"modified":"2022-12-02T18:58:12","modified_gmt":"2022-12-02T17:58:12","slug":"redbreast-lustau-edition-sherry-finish","status":"publish","type":"product","link":"https:\/\/www.raschvin.com\/sv\/produkt\/redbreast-lustau-edition-sherry-finish\/","title":{"rendered":"Redbreast Lustau Edition &#8211; Sherry Finish 70 cl. 46%"},"content":{"rendered":"<p>Redbreast Lustau Edition \u00e4r ett samarbete mellan Midleton Distillery och Spanish Sherrybodega, Lustau. Whiskyen \u00e4r av enstaka potten, och lagras f\u00f6rst 9-12 \u00e5r i Bourbon och Sherryfade. D\u00e4refter spenderar det 1 \u00e5r p\u00e5 utvald f\u00f6rstafyllning Oloroso Sherryfade fr\u00e5n Net Lustau, varefter den tappas till 46% alkohol, naturligtvis utan kylfiltrering.<\/p>\n<p>F\u00e4rg: Amber.<br \/>\nDoft: m\u00f6rk frukt som datum, fikon och pommes frites och lakrits, marcipan och br\u00e4nd ek.<br \/>\nSmak Anm\u00e4rkningar: Smaken k\u00e4nnetecknas ocks\u00e5 av bra sherryr\u00e4tter med anteckningar av n\u00f6tter, rosin och fikon och en l\u00e5ng, kryddig eftersmak.<\/p>\n<p>Serveringsf\u00f6rslag: b\u00f6r avnjutas ren, eventuellt. med en droppe vatten eller tv\u00e5.<\/p>\n<p>Midleton Distillery, n\u00e4ra hamnstaden Cork, med flera l\u00e4ngder av Irlands st\u00f6rsta destilleri. Det \u00e4r hem f\u00f6r en av v\u00e4rldens st\u00f6rsta pottstillst\u00e5nd och en p\u00e4rla av mycket \u00e4lskade whiskyer som Jameson, Redbreast, krafter, paddy, gr\u00f6n plats och f\u00f6rfattare t\u00e5rar. M\u00e5nga bra droppar som drivs av pannorna p\u00e5 destilleriet, som n\u00e4stan \u00e4r uppdelade i tv\u00e5; I en del g\u00f6r du kornwhisky p\u00e5 kolonnkedjor, medan i den andra typiskt irl\u00e4ndska enstaka potten fortfarande whisky. Korn whisky anv\u00e4nds i blandningar som Jameson, och h\u00e4r anv\u00e4nds ocks\u00e5 den unika irl\u00e4ndska enstaka potten fortfarande whisky, som \u00e4r gjord med b\u00e5de maltad och omm\u00e5lad korn, men detta tappas i st\u00f6rre och st\u00f6rre stil utan att integrera kornwhisky &#8211; s\u00e4kert ett gott tecken f\u00f6r framtiden f\u00f6r irl\u00e4ndsk whisky.<\/p>\n","protected":false},"excerpt":{"rendered":"<p>Single Pot Still Irish Whiskey<\/p>\n","protected":false},"featured_media":31000,"template":"","meta":{"_acf_changed":false,"rs_blank_template":"","rs_page_bg_color":"","slide_template_v7":""},"product_brand":[],"product_cat":[2387,2392,4768],"product_tag":[],"class_list":{"0":"post-16933","1":"product","2":"type-product","3":"status-publish","4":"has-post-thumbnail","6":"product_cat-avec-sv","7":"product_cat-whisky-sv","8":"product_cat-irish-whiskey","9":"pa_land-irland-sv","10":"pa_procent-46-sv","11":"pa_producent-midleton-distillery-sv","12":"pa_region-dublin-sv","13":"pa_volume-70-sv-2","15":"first","16":"instock","17":"taxable","18":"shipping-taxable","19":"purchasable","20":"product-type-simple"},"bundled_by":[],"bundle_stock_status":"instock","bundle_stock_quantity":null,"bundle_virtual":false,"bundle_layout":"","bundle_add_to_cart_form_location":"","bundle_editable_in_cart":false,"bundle_sold_individually_context":"","bundle_item_grouping":"","bundle_min_size":"","bundle_max_size":"","bundle_price":[],"bundled_items":[],"bundle_sell_ids":[],"acf":[],"_links":{"self":[{"href":"https:\/\/www.raschvin.com\/sv\/wp-json\/wp\/v2\/product\/16933","targetHints":{"allow":["GET"]}}],"collection":[{"href":"https:\/\/www.raschvin.com\/sv\/wp-json\/wp\/v2\/product"}],"about":[{"href":"https:\/\/www.raschvin.com\/sv\/wp-json\/wp\/v2\/types\/product"}],"wp:featuredmedia":[{"embeddable":true,"href":"https:\/\/www.raschvin.com\/sv\/wp-json\/wp\/v2\/media\/31000"}],"wp:attachment":[{"href":"https:\/\/www.raschvin.com\/sv\/wp-json\/wp\/v2\/media?parent=16933"}],"wp:term":[{"taxonomy":"product_brand","embeddable":true,"href":"https:\/\/www.raschvin.com\/sv\/wp-json\/wp\/v2\/product_brand?post=16933"},{"taxonomy":"product_cat","embeddable":true,"href":"https:\/\/www.raschvin.com\/sv\/wp-json\/wp\/v2\/product_cat?post=16933"},{"taxonomy":"product_tag","embeddable":true,"href":"https:\/\/www.raschvin.com\/sv\/wp-json\/wp\/v2\/product_tag?post=16933"}],"curies":[{"name":"wp","href":"https:\/\/api.w.org\/{rel}","templated":true}]}}