{"id":16932,"date":"2022-05-30T11:08:25","date_gmt":"2022-05-30T09:08:25","guid":{"rendered":"https:\/\/www.raschvin.com\/vare\/pure-shots-aeble\/"},"modified":"2022-12-02T09:38:02","modified_gmt":"2022-12-02T08:38:02","slug":"pure-shots-aeble","status":"publish","type":"product","link":"https:\/\/www.raschvin.com\/sv\/produkt\/pure-shots-aeble\/","title":{"rendered":"Pure \u00c6ble 70 cl. 16,4%"},"content":{"rendered":"<p>Apple Shots fr\u00e5n Pure!<\/p>\n<p>Ren \u00e4pple \u00e4r gjord p\u00e5 noggrant utvalda solmogna \u00e4pplen. \u00c4pplen \u00e4r l\u00e5ngsiktiga och d\u00e5 \u00e4r en del renad f\u00f6r en fin \u00e4ppelmassa. Denna metod inneb\u00e4r att du kan h\u00e5lla p\u00e5 den f\u00e4rska smaken och doften av \u00e4pple. D\u00e4refter leder vanilj fr\u00e5n riktiga vaniljst\u00e4nger och spannm\u00e5l till en s\u00f6t doft och rik smak.<\/p>\n<p>Ta ett skott och l\u00e5t sinnet ta dig tillbaka till smaken av en bra gammaldags \u00e4ppelkaka, vilken mamma gjorde det n\u00e4r du var ett barn. Kan b\u00e5da avnjutas ren, med vispad gr\u00e4dde p\u00e5 toppen eller blanda i en drink.<\/p>\n<p>B\u00f6r h\u00e5llas cool och skaka innan du dricker.<\/p>\n<p>70 cl. \/ 16,4%<\/p>\n<p>Rena skott.<br \/>\nRena skott produceras i \u00c5rhus och har blivit v\u00e4ldigt popul\u00e4ra i Danmark om n\u00e5gra \u00e5r. \u00c4ven ringer rena skott sina egna produkter f\u00f6r &#8221;m\u00f6jligen Danmarks b\u00e4sta skott&#8221;.<\/p>\n<p>Alla rena skottprodukter skapas och bryggs med samma princip: h\u00f6g kvalitet och god smak gjord p\u00e5 de b\u00e4sta ingredienserna. Ingredienserna v\u00e4ljs noggrant f\u00f6r att ge den b\u00e4sta och renaste smaken i varje variant.<\/p>\n<p>I alla produkter anv\u00e4nds en ren vodka, som \u00e4r gjord med mineralhaltigt aarhusiskt vatten. Vodka \u00e4r gjord p\u00e5 spannm\u00e5l och r\u00e5g som ger en mjuk och rund smak. Det betyder att det \u00e4r i harmoni med ingredienserna och inte ignorerar dem, vilket \u00e4r det s\u00e4tt som skottets rena smak skapas.<\/p>\n","protected":false},"excerpt":{"rendered":"<p>Spiritus Made In Aarhus (DK) &#8211; Mixxed By Hand <\/p>\n","protected":false},"featured_media":30666,"template":"","meta":{"_acf_changed":false,"rs_blank_template":"","rs_page_bg_color":"","slide_template_v7":""},"product_brand":[],"product_cat":[2387,4670,2407,2390,2402],"product_tag":[],"class_list":{"0":"post-16932","1":"product","2":"type-product","3":"status-publish","4":"has-post-thumbnail","6":"product_cat-avec-sv","7":"product_cat-frukt","8":"product_cat-shots-sv","9":"product_cat-sprit","10":"product_cat-sprit-sv","11":"pa_land-danmark-sv","12":"pa_procent-16-4-sv","13":"pa_producent-pure-shots-sv","14":"pa_region-aarhus-sv","15":"pa_volume-70-sv-2","17":"first","18":"instock","19":"taxable","20":"shipping-taxable","21":"purchasable","22":"product-type-simple"},"bundled_by":[],"bundle_stock_status":"instock","bundle_stock_quantity":null,"bundle_virtual":false,"bundle_layout":"","bundle_add_to_cart_form_location":"","bundle_editable_in_cart":false,"bundle_sold_individually_context":"","bundle_item_grouping":"","bundle_min_size":"","bundle_max_size":"","bundle_price":[],"bundled_items":[],"bundle_sell_ids":[],"acf":[],"_links":{"self":[{"href":"https:\/\/www.raschvin.com\/sv\/wp-json\/wp\/v2\/product\/16932","targetHints":{"allow":["GET"]}}],"collection":[{"href":"https:\/\/www.raschvin.com\/sv\/wp-json\/wp\/v2\/product"}],"about":[{"href":"https:\/\/www.raschvin.com\/sv\/wp-json\/wp\/v2\/types\/product"}],"wp:featuredmedia":[{"embeddable":true,"href":"https:\/\/www.raschvin.com\/sv\/wp-json\/wp\/v2\/media\/30666"}],"wp:attachment":[{"href":"https:\/\/www.raschvin.com\/sv\/wp-json\/wp\/v2\/media?parent=16932"}],"wp:term":[{"taxonomy":"product_brand","embeddable":true,"href":"https:\/\/www.raschvin.com\/sv\/wp-json\/wp\/v2\/product_brand?post=16932"},{"taxonomy":"product_cat","embeddable":true,"href":"https:\/\/www.raschvin.com\/sv\/wp-json\/wp\/v2\/product_cat?post=16932"},{"taxonomy":"product_tag","embeddable":true,"href":"https:\/\/www.raschvin.com\/sv\/wp-json\/wp\/v2\/product_tag?post=16932"}],"curies":[{"name":"wp","href":"https:\/\/api.w.org\/{rel}","templated":true}]}}