{"id":16930,"date":"2022-05-30T11:08:25","date_gmt":"2022-05-30T09:08:25","guid":{"rendered":"https:\/\/www.raschvin.com\/vare\/baron-d-denis-charpentier\/"},"modified":"2022-10-26T09:47:55","modified_gmt":"2022-10-26T07:47:55","slug":"baron-d-denis-charpentier","status":"publish","type":"product","link":"https:\/\/www.raschvin.com\/sv\/produkt\/baron-d-denis-charpentier\/","title":{"rendered":"Baron D &#8211; Denis Charpentier 70 cl. 40,4%"},"content":{"rendered":"<p>Denna franska gin best\u00e5r bland annat av m\u00e5nga sp\u00e4nnande botaniska botanik. Juniper, lime, citron, koriander, angelika rot, apelsin, hallon, svartb\u00e4r och macadamia n\u00f6tter. Ginet \u00e4r tillverkat i Frankrike p\u00e5 vatten fr\u00e5n Spirits Valley.<\/p>\n","protected":false},"excerpt":{"rendered":"<p>Botanical Premium French Gin<\/p>\n","protected":false},"featured_media":10243,"template":"","meta":{"_acf_changed":false,"rs_blank_template":"","rs_page_bg_color":"","slide_template_v7":""},"product_brand":[],"product_cat":[4711,2404,2402],"product_tag":[],"class_list":{"0":"post-16930","1":"product","2":"type-product","3":"status-publish","4":"has-post-thumbnail","6":"product_cat-andra-gins","7":"product_cat-gin-sv","8":"product_cat-sprit-sv","9":"pa_land-frankrike","10":"pa_procent-40-4-sv","11":"pa_producent-denis-charpentier-sv","12":"pa_volume-70-sv-2","14":"first","15":"instock","16":"sale","17":"taxable","18":"shipping-taxable","19":"purchasable","20":"product-type-simple"},"bundled_by":[],"bundle_stock_status":"instock","bundle_stock_quantity":null,"bundle_virtual":false,"bundle_layout":"","bundle_add_to_cart_form_location":"","bundle_editable_in_cart":false,"bundle_sold_individually_context":"","bundle_item_grouping":"","bundle_min_size":"","bundle_max_size":"","bundle_price":[],"bundled_items":[],"bundle_sell_ids":[],"acf":[],"_links":{"self":[{"href":"https:\/\/www.raschvin.com\/sv\/wp-json\/wp\/v2\/product\/16930","targetHints":{"allow":["GET"]}}],"collection":[{"href":"https:\/\/www.raschvin.com\/sv\/wp-json\/wp\/v2\/product"}],"about":[{"href":"https:\/\/www.raschvin.com\/sv\/wp-json\/wp\/v2\/types\/product"}],"wp:featuredmedia":[{"embeddable":true,"href":"https:\/\/www.raschvin.com\/sv\/wp-json\/wp\/v2\/media\/10243"}],"wp:attachment":[{"href":"https:\/\/www.raschvin.com\/sv\/wp-json\/wp\/v2\/media?parent=16930"}],"wp:term":[{"taxonomy":"product_brand","embeddable":true,"href":"https:\/\/www.raschvin.com\/sv\/wp-json\/wp\/v2\/product_brand?post=16930"},{"taxonomy":"product_cat","embeddable":true,"href":"https:\/\/www.raschvin.com\/sv\/wp-json\/wp\/v2\/product_cat?post=16930"},{"taxonomy":"product_tag","embeddable":true,"href":"https:\/\/www.raschvin.com\/sv\/wp-json\/wp\/v2\/product_tag?post=16930"}],"curies":[{"name":"wp","href":"https:\/\/api.w.org\/{rel}","templated":true}]}}