{"id":16927,"date":"2022-05-30T11:08:25","date_gmt":"2022-05-30T09:08:25","guid":{"rendered":"https:\/\/www.raschvin.com\/vare\/cointreau-noir\/"},"modified":"2022-11-10T11:45:46","modified_gmt":"2022-11-10T10:45:46","slug":"cointreau-noir","status":"publish","type":"product","link":"https:\/\/www.raschvin.com\/sv\/produkt\/cointreau-noir\/","title":{"rendered":"Cointreau Noir 70 cl. 42%"},"content":{"rendered":"<p>Cointreau Noir \u00e4r resultatet av en perfekt associering mellan Cointreau essens av s\u00f6ta och bittra orange skal och konjak fr\u00e5n R\u00e9my Martin. Det \u00e4r inspirerat av en majestik, ett recept som skapats av \u00c9douard cointreau i b\u00f6rjan av 1900-talet. Blandningen f\u00f6renar citrusfrisket fr\u00e5n apelsinerna med en fl\u00e4tande karess av konjak. Den \u00e4r macerated med valn\u00f6tter och mandlar f\u00f6r att l\u00e4gga till ett annat lager av komplexitet och sofistikering. \u00c5tnj\u00f6t ren eller med isbitar.<\/p>\n<p>70 cl. \/ 40%<\/p>\n","protected":false},"excerpt":{"rendered":"<p>French Cognac-Orange Liqueur<\/p>\n","protected":false},"featured_media":10204,"template":"","meta":{"_acf_changed":false,"rs_blank_template":"","rs_page_bg_color":"","slide_template_v7":""},"product_brand":[],"product_cat":[2387,4670,2390],"product_tag":[],"class_list":{"0":"post-16927","1":"product","2":"type-product","3":"status-publish","4":"has-post-thumbnail","6":"product_cat-avec-sv","7":"product_cat-frukt","8":"product_cat-sprit","9":"pa_land-frankrike","10":"pa_procent-42-sv","11":"pa_producent-remy-cointreau-sv","12":"pa_volume-70-sv-2","14":"first","15":"instock","16":"sale","17":"taxable","18":"shipping-taxable","19":"purchasable","20":"product-type-simple"},"bundled_by":[],"bundle_stock_status":"instock","bundle_stock_quantity":null,"bundle_virtual":false,"bundle_layout":"","bundle_add_to_cart_form_location":"","bundle_editable_in_cart":false,"bundle_sold_individually_context":"","bundle_item_grouping":"","bundle_min_size":"","bundle_max_size":"","bundle_price":[],"bundled_items":[],"bundle_sell_ids":[],"acf":[],"_links":{"self":[{"href":"https:\/\/www.raschvin.com\/sv\/wp-json\/wp\/v2\/product\/16927","targetHints":{"allow":["GET"]}}],"collection":[{"href":"https:\/\/www.raschvin.com\/sv\/wp-json\/wp\/v2\/product"}],"about":[{"href":"https:\/\/www.raschvin.com\/sv\/wp-json\/wp\/v2\/types\/product"}],"wp:featuredmedia":[{"embeddable":true,"href":"https:\/\/www.raschvin.com\/sv\/wp-json\/wp\/v2\/media\/10204"}],"wp:attachment":[{"href":"https:\/\/www.raschvin.com\/sv\/wp-json\/wp\/v2\/media?parent=16927"}],"wp:term":[{"taxonomy":"product_brand","embeddable":true,"href":"https:\/\/www.raschvin.com\/sv\/wp-json\/wp\/v2\/product_brand?post=16927"},{"taxonomy":"product_cat","embeddable":true,"href":"https:\/\/www.raschvin.com\/sv\/wp-json\/wp\/v2\/product_cat?post=16927"},{"taxonomy":"product_tag","embeddable":true,"href":"https:\/\/www.raschvin.com\/sv\/wp-json\/wp\/v2\/product_tag?post=16927"}],"curies":[{"name":"wp","href":"https:\/\/api.w.org\/{rel}","templated":true}]}}