{"id":16926,"date":"2022-05-30T11:08:25","date_gmt":"2022-05-30T09:08:25","guid":{"rendered":"https:\/\/www.raschvin.com\/vare\/cointreau-blood-orange\/"},"modified":"2022-11-10T11:41:46","modified_gmt":"2022-11-10T10:41:46","slug":"cointreau-blood-orange","status":"publish","type":"product","link":"https:\/\/www.raschvin.com\/sv\/produkt\/cointreau-blood-orange\/","title":{"rendered":"Cointreau Blood Orange 70 cl. 30%"},"content":{"rendered":"<p>Den klassiska cointreauen med en vridning. Cointreau Blood Orange \u00e4r gjord av blodrockar fr\u00e5n Korsika kombinerat med skal av s\u00f6t och bitter apelsin, som du hittar i den traditionella Cointreau.<\/p>\n<p>Bloddryckerna sk\u00f6rdas, precis n\u00e4r skalen inneh\u00e5ller den h\u00f6gsta koncentrationen av eteriska oljor, vilket resulterar i rika, uttrycksfulla citrusanteckningar i hela. Bitter citrus, s\u00f6tare apelsinskal och balanserade, bittera anteckningar Karakt\u00e4riserar Cointreau blodorange.<\/p>\n<p>70 cl. \/ 30%<\/p>\n","protected":false},"excerpt":{"rendered":"<p>French Blood Orange Liqueur<\/p>\n","protected":false},"featured_media":10191,"template":"","meta":{"_acf_changed":false,"rs_blank_template":"","rs_page_bg_color":"","slide_template_v7":""},"product_brand":[],"product_cat":[2387,4670,2390],"product_tag":[],"class_list":{"0":"post-16926","1":"product","2":"type-product","3":"status-publish","4":"has-post-thumbnail","6":"product_cat-avec-sv","7":"product_cat-frukt","8":"product_cat-sprit","9":"pa_land-frankrike","10":"pa_procent-30-sv","11":"pa_producent-remy-cointreau-sv","12":"pa_volume-70-sv-2","14":"first","15":"outofstock","16":"sale","17":"taxable","18":"shipping-taxable","19":"purchasable","20":"product-type-simple"},"bundled_by":[],"bundle_stock_status":"outofstock","bundle_stock_quantity":null,"bundle_virtual":false,"bundle_layout":"","bundle_add_to_cart_form_location":"","bundle_editable_in_cart":false,"bundle_sold_individually_context":"","bundle_item_grouping":"","bundle_min_size":"","bundle_max_size":"","bundle_price":[],"bundled_items":[],"bundle_sell_ids":[],"acf":[],"_links":{"self":[{"href":"https:\/\/www.raschvin.com\/sv\/wp-json\/wp\/v2\/product\/16926","targetHints":{"allow":["GET"]}}],"collection":[{"href":"https:\/\/www.raschvin.com\/sv\/wp-json\/wp\/v2\/product"}],"about":[{"href":"https:\/\/www.raschvin.com\/sv\/wp-json\/wp\/v2\/types\/product"}],"wp:featuredmedia":[{"embeddable":true,"href":"https:\/\/www.raschvin.com\/sv\/wp-json\/wp\/v2\/media\/10191"}],"wp:attachment":[{"href":"https:\/\/www.raschvin.com\/sv\/wp-json\/wp\/v2\/media?parent=16926"}],"wp:term":[{"taxonomy":"product_brand","embeddable":true,"href":"https:\/\/www.raschvin.com\/sv\/wp-json\/wp\/v2\/product_brand?post=16926"},{"taxonomy":"product_cat","embeddable":true,"href":"https:\/\/www.raschvin.com\/sv\/wp-json\/wp\/v2\/product_cat?post=16926"},{"taxonomy":"product_tag","embeddable":true,"href":"https:\/\/www.raschvin.com\/sv\/wp-json\/wp\/v2\/product_tag?post=16926"}],"curies":[{"name":"wp","href":"https:\/\/api.w.org\/{rel}","templated":true}]}}