{"id":16924,"date":"2022-05-30T11:08:25","date_gmt":"2022-05-30T09:08:25","guid":{"rendered":"https:\/\/www.raschvin.com\/vare\/licor-43-orochata-cuarenta-y-tres-100-cl\/"},"modified":"2022-11-23T12:51:44","modified_gmt":"2022-11-23T11:51:44","slug":"licor-43-orochata-cuarenta-y-tres-100-cl","status":"publish","type":"product","link":"https:\/\/www.raschvin.com\/sv\/produkt\/licor-43-orochata-cuarenta-y-tres-100-cl\/","title":{"rendered":"Licor 43 Orochata &#8211; Cuarenta y Tres 100 cl. 16%"},"content":{"rendered":"<p>En twist p\u00e5 Super Popular Licor 43.<\/p>\n<p>Medan originalet \u00e4r gjord med en hemlig kombination av citrus, \u00f6rter, frukt och kryddor &#8211; totalt 43 &#8211; den h\u00e4r tappningen infunderas med Horchata f\u00f6r att skapa en s\u00f6tare, l\u00e4tt kr\u00e4mig och nutty lik\u00f6r.<\/p>\n<p>F\u00f6r den oinitierade \u00e4r Horchata en drink gjord av blandning av tiger, socker, kanel och citron. I ett litet ordspel har denna tappning kallats &#8221;OROCHATA&#8221;, med Oro det spanska ordet f\u00f6r guld som p\u00e5minner om licens 43-tals standardflaskor.<\/p>\n<p>Slutresultatet \u00e4r en enklare version av licor 43 med en s\u00f6t, kryddig profil och en l\u00e4tt \u00f6rtartad och nutty bakgrund.<\/p>\n<p>L\u00e4ckra serveras \u00f6ver is tillsammans med en kr\u00e4mig efterr\u00e4tt.<\/p>\n","protected":false},"excerpt":{"rendered":"<p>Spanish Vegan Cream Liqueur<\/p>\n","protected":false},"featured_media":10165,"template":"","meta":{"_acf_changed":false,"rs_blank_template":"","rs_page_bg_color":"","slide_template_v7":""},"product_brand":[],"product_cat":[2387,4673,2390],"product_tag":[],"class_list":{"0":"post-16924","1":"product","2":"type-product","3":"status-publish","4":"has-post-thumbnail","6":"product_cat-avec-sv","7":"product_cat-creme-sv","8":"product_cat-sprit","9":"pa_land-spanien-sv","10":"pa_procent-16-sv","11":"pa_producent-zamora-sv","12":"pa_volume-100-sv","14":"first","15":"outofstock","16":"taxable","17":"shipping-taxable","18":"purchasable","19":"product-type-simple"},"bundled_by":[],"bundle_stock_status":"outofstock","bundle_stock_quantity":null,"bundle_virtual":false,"bundle_layout":"","bundle_add_to_cart_form_location":"","bundle_editable_in_cart":false,"bundle_sold_individually_context":"","bundle_item_grouping":"","bundle_min_size":"","bundle_max_size":"","bundle_price":[],"bundled_items":[],"bundle_sell_ids":[],"acf":[],"_links":{"self":[{"href":"https:\/\/www.raschvin.com\/sv\/wp-json\/wp\/v2\/product\/16924","targetHints":{"allow":["GET"]}}],"collection":[{"href":"https:\/\/www.raschvin.com\/sv\/wp-json\/wp\/v2\/product"}],"about":[{"href":"https:\/\/www.raschvin.com\/sv\/wp-json\/wp\/v2\/types\/product"}],"wp:featuredmedia":[{"embeddable":true,"href":"https:\/\/www.raschvin.com\/sv\/wp-json\/wp\/v2\/media\/10165"}],"wp:attachment":[{"href":"https:\/\/www.raschvin.com\/sv\/wp-json\/wp\/v2\/media?parent=16924"}],"wp:term":[{"taxonomy":"product_brand","embeddable":true,"href":"https:\/\/www.raschvin.com\/sv\/wp-json\/wp\/v2\/product_brand?post=16924"},{"taxonomy":"product_cat","embeddable":true,"href":"https:\/\/www.raschvin.com\/sv\/wp-json\/wp\/v2\/product_cat?post=16924"},{"taxonomy":"product_tag","embeddable":true,"href":"https:\/\/www.raschvin.com\/sv\/wp-json\/wp\/v2\/product_tag?post=16924"}],"curies":[{"name":"wp","href":"https:\/\/api.w.org\/{rel}","templated":true}]}}