{"id":16923,"date":"2022-05-30T11:06:46","date_gmt":"2022-05-30T09:06:46","guid":{"rendered":"https:\/\/www.raschvin.com\/vare\/pere-magloire-x-o\/"},"modified":"2022-12-11T18:06:19","modified_gmt":"2022-12-11T17:06:19","slug":"pere-magloire-x-o","status":"publish","type":"product","link":"https:\/\/www.raschvin.com\/sv\/produkt\/pere-magloire-x-o\/","title":{"rendered":"P\u00e8re Magloire X.O Calvados 50 cl. 40%"},"content":{"rendered":"<p>Concours Mondial Brusselsguldsan Francisco World Spirits Comp.s\u00f8lv<br \/>\nP\u00e8re Magloire har destillerat Calvados och perfektionsprocess sedan 1821. De tillverkar autentiska och gener\u00f6sa Calvados som har f\u00e5tt t\u00e4vlingar \u00f6ver hela v\u00e4rlden.<\/p>\n<p>Grundstenen i denna fina Calvados best\u00e5r av cider fr\u00e5n \u00e4pplen som plockas i Pays d&#8217;Auge-regionen mitt i Normandie. Cider destilleras tv\u00e5 g\u00e5nger och lagras p\u00e5 ekfat i nio \u00e5r. Dubbeldestillationen ger aromatisk komplexitet och en unik l\u00e4ngd.<\/p>\n<p>P\u00e8re Magloire Xo \u00e4r en vacker, Ravgylden Calvados med koppar gissningar. Doften k\u00e4nnetecknas av kvitten, kandad apelsin, kanel, svartpeppar och l\u00e4tt tobak. Smaken erbjuder karamellliserad \u00e4pple, varm kompot, kandad orange \/ aprikos och kakao. I den slutliga, en blandning av kryddor och varm Apple Compote. En perfekt balanserad Calvados.<\/p>\n<p>Nj\u00f6t ren, med isbitar eller i cocktails. P\u00e8re Magloire Xo Calvados garanterar minnesv\u00e4rda stunder.<\/p>\n<p>Premier<br \/>\n\u2022 2020 | Guld | Concours Mondial de Bruxelles<br \/>\n\u2022 2018 | Guld | Concours Mondial de Bruxelles<br \/>\n\u2022 2016 | Silver | San Francisco World Spirits t\u00e4vling<\/p>\n<p>50 cl. \/ 40%<\/p>\n","protected":false},"excerpt":{"rendered":"<p>Calvados Pays D&#8217;Auge &#8211; France<\/p>\n","protected":false},"featured_media":10152,"template":"","meta":{"_acf_changed":false,"rs_blank_template":"","rs_page_bg_color":"","slide_template_v7":""},"product_brand":[],"product_cat":[2743,2396],"product_tag":[],"class_list":{"0":"post-16923","1":"product","2":"type-product","3":"status-publish","4":"has-post-thumbnail","6":"product_cat-brannvin-sv","7":"product_cat-calvados-sv","8":"pa_land-frankrike","9":"pa_procent-40-sv-2","10":"pa_producent-pere-magloire-sv","11":"pa_region-calvados-sv","12":"pa_volume-50-sv","14":"first","15":"instock","16":"sale","17":"taxable","18":"shipping-taxable","19":"purchasable","20":"product-type-simple"},"bundled_by":[],"bundle_stock_status":"instock","bundle_stock_quantity":null,"bundle_virtual":false,"bundle_layout":"","bundle_add_to_cart_form_location":"","bundle_editable_in_cart":false,"bundle_sold_individually_context":"","bundle_item_grouping":"","bundle_min_size":"","bundle_max_size":"","bundle_price":[],"bundled_items":[],"bundle_sell_ids":[],"acf":[],"_links":{"self":[{"href":"https:\/\/www.raschvin.com\/sv\/wp-json\/wp\/v2\/product\/16923","targetHints":{"allow":["GET"]}}],"collection":[{"href":"https:\/\/www.raschvin.com\/sv\/wp-json\/wp\/v2\/product"}],"about":[{"href":"https:\/\/www.raschvin.com\/sv\/wp-json\/wp\/v2\/types\/product"}],"wp:featuredmedia":[{"embeddable":true,"href":"https:\/\/www.raschvin.com\/sv\/wp-json\/wp\/v2\/media\/10152"}],"wp:attachment":[{"href":"https:\/\/www.raschvin.com\/sv\/wp-json\/wp\/v2\/media?parent=16923"}],"wp:term":[{"taxonomy":"product_brand","embeddable":true,"href":"https:\/\/www.raschvin.com\/sv\/wp-json\/wp\/v2\/product_brand?post=16923"},{"taxonomy":"product_cat","embeddable":true,"href":"https:\/\/www.raschvin.com\/sv\/wp-json\/wp\/v2\/product_cat?post=16923"},{"taxonomy":"product_tag","embeddable":true,"href":"https:\/\/www.raschvin.com\/sv\/wp-json\/wp\/v2\/product_tag?post=16923"}],"curies":[{"name":"wp","href":"https:\/\/api.w.org\/{rel}","templated":true}]}}