{"id":16920,"date":"2022-05-30T11:06:46","date_gmt":"2022-05-30T09:06:46","guid":{"rendered":"https:\/\/www.raschvin.com\/vare\/sierra-tequila-reposado-100-cl\/"},"modified":"2022-12-06T20:17:37","modified_gmt":"2022-12-06T19:17:37","slug":"sierra-tequila-reposado-100-cl","status":"publish","type":"product","link":"https:\/\/www.raschvin.com\/sv\/produkt\/sierra-tequila-reposado-100-cl\/","title":{"rendered":"Sierra Tequila Reposado 100 cl. 38%"},"content":{"rendered":"<p>Den prisbel\u00f6nta Sierra Tequila reposado destilleras tv\u00e5 g\u00e5nger i kopparpottstillst\u00e5nd. Den \u00e4r lagrad p\u00e5 rostade ekfat i nio m\u00e5nader, vilket ger tequila den glittrande gyllene f\u00e4rgen. Reposado \u00e4r den f\u00f6redragna tequila bland mexikanerna.<\/p>\n<p>Sierra tequila reposado \u00e4r f\u00e4rskt med en oemotst\u00e5ndlig fruktfulness och k\u00e4nsliga anteckningar av vanilj, karamelll och \u00f6rter. Dess m\u00e5ngfald av aromer g\u00f6r det speciellt komplext. Njut av det som ett skott eller i drycker och cocktails.<\/p>\n<p>70 cl. \/ 38%<\/p>\n<p>Sierra Tequila, tillverkad av Destiler\u00eda Sierra, \u00e4r ett av de mest k\u00e4nda Tequila varum\u00e4rkena i v\u00e4rlden.<\/p>\n","protected":false},"excerpt":{"rendered":"<p>Jalisco Mexico &#8211; Agave Azul<\/p>\n","protected":false},"featured_media":10131,"template":"","meta":{"_acf_changed":false,"rs_blank_template":"","rs_page_bg_color":"","slide_template_v7":""},"product_brand":[],"product_cat":[2402,2408],"product_tag":[],"class_list":{"0":"post-16920","1":"product","2":"type-product","3":"status-publish","4":"has-post-thumbnail","6":"product_cat-sprit-sv","7":"product_cat-tequila-mescal-sv","8":"pa_champagne-type-reposado-sv","9":"pa_land-mexiko","10":"pa_procent-38-sv","11":"pa_producent-destilleria-sierra-sv","12":"pa_region-jalisco-sv","13":"pa_volume-100-sv","15":"first","16":"instock","17":"sale","18":"taxable","19":"shipping-taxable","20":"purchasable","21":"product-type-simple"},"bundled_by":[],"bundle_stock_status":"instock","bundle_stock_quantity":null,"bundle_virtual":false,"bundle_layout":"","bundle_add_to_cart_form_location":"","bundle_editable_in_cart":false,"bundle_sold_individually_context":"","bundle_item_grouping":"","bundle_min_size":"","bundle_max_size":"","bundle_price":[],"bundled_items":[],"bundle_sell_ids":[],"acf":[],"_links":{"self":[{"href":"https:\/\/www.raschvin.com\/sv\/wp-json\/wp\/v2\/product\/16920","targetHints":{"allow":["GET"]}}],"collection":[{"href":"https:\/\/www.raschvin.com\/sv\/wp-json\/wp\/v2\/product"}],"about":[{"href":"https:\/\/www.raschvin.com\/sv\/wp-json\/wp\/v2\/types\/product"}],"wp:featuredmedia":[{"embeddable":true,"href":"https:\/\/www.raschvin.com\/sv\/wp-json\/wp\/v2\/media\/10131"}],"wp:attachment":[{"href":"https:\/\/www.raschvin.com\/sv\/wp-json\/wp\/v2\/media?parent=16920"}],"wp:term":[{"taxonomy":"product_brand","embeddable":true,"href":"https:\/\/www.raschvin.com\/sv\/wp-json\/wp\/v2\/product_brand?post=16920"},{"taxonomy":"product_cat","embeddable":true,"href":"https:\/\/www.raschvin.com\/sv\/wp-json\/wp\/v2\/product_cat?post=16920"},{"taxonomy":"product_tag","embeddable":true,"href":"https:\/\/www.raschvin.com\/sv\/wp-json\/wp\/v2\/product_tag?post=16920"}],"curies":[{"name":"wp","href":"https:\/\/api.w.org\/{rel}","templated":true}]}}