{"id":16919,"date":"2022-05-30T11:06:46","date_gmt":"2022-05-30T09:06:46","guid":{"rendered":"https:\/\/www.raschvin.com\/vare\/sierra-tequila-silver-50-cl\/"},"modified":"2022-12-06T20:28:27","modified_gmt":"2022-12-06T19:28:27","slug":"sierra-tequila-silver-50-cl","status":"publish","type":"product","link":"https:\/\/www.raschvin.com\/sv\/produkt\/sierra-tequila-silver-50-cl\/","title":{"rendered":"Sierra Tequila Silver 50 cl. 38%"},"content":{"rendered":"<p>Sierra Tequila Silver \u00e4r en original mexikansk tequila fr\u00e5n Jalisco. Den \u00e4r gjord av bl\u00e5 agave som v\u00e4xer i Atotonilco El Alto i \u00f6ver 2000 meters h\u00f6jd. Endast efter 8-10 \u00e5r mognar den bl\u00e5 agaveren och kan sk\u00f6rdas. Highlands\u00e6ve \u00e4r k\u00e4nt f\u00f6r den renaste och mest fruktiga smaken.<\/p>\n<p>Denna kristallklara tequila har en tydligt ren smak med en mild och fin karakt\u00e4r. Sierra tequila silver fruktig, frisk smak domineras av l\u00e4tta anteckningar av chili, gr\u00f6na \u00e4pplen, unga ananas och nyanser av peppar. Njut av det som ett skott eller i drycker och cocktails.<\/p>\n<p>Sierra Tequila, tillverkad av Destiler\u00eda Sierra, \u00e4r ett av de mest k\u00e4nda Tequila varum\u00e4rkena i v\u00e4rlden.<\/p>\n","protected":false},"excerpt":{"rendered":"<p>Jalisco Mexico &#8211; Agave Azul<\/p>\n","protected":false},"featured_media":10121,"template":"","meta":{"_acf_changed":false,"rs_blank_template":"","rs_page_bg_color":"","slide_template_v7":""},"product_brand":[],"product_cat":[2402,2408],"product_tag":[],"class_list":{"0":"post-16919","1":"product","2":"type-product","3":"status-publish","4":"has-post-thumbnail","6":"product_cat-sprit-sv","7":"product_cat-tequila-mescal-sv","8":"pa_champagne-type-blanco-sv","9":"pa_land-mexiko","10":"pa_procent-38-sv","11":"pa_producent-destilleria-sierra-sv","12":"pa_region-jalisco-sv","13":"pa_volume-50-sv","15":"first","16":"instock","17":"taxable","18":"shipping-taxable","19":"purchasable","20":"product-type-simple"},"bundled_by":[],"bundle_stock_status":"instock","bundle_stock_quantity":null,"bundle_virtual":false,"bundle_layout":"","bundle_add_to_cart_form_location":"","bundle_editable_in_cart":false,"bundle_sold_individually_context":"","bundle_item_grouping":"","bundle_min_size":"","bundle_max_size":"","bundle_price":[],"bundled_items":[],"bundle_sell_ids":[],"acf":[],"_links":{"self":[{"href":"https:\/\/www.raschvin.com\/sv\/wp-json\/wp\/v2\/product\/16919","targetHints":{"allow":["GET"]}}],"collection":[{"href":"https:\/\/www.raschvin.com\/sv\/wp-json\/wp\/v2\/product"}],"about":[{"href":"https:\/\/www.raschvin.com\/sv\/wp-json\/wp\/v2\/types\/product"}],"wp:featuredmedia":[{"embeddable":true,"href":"https:\/\/www.raschvin.com\/sv\/wp-json\/wp\/v2\/media\/10121"}],"wp:attachment":[{"href":"https:\/\/www.raschvin.com\/sv\/wp-json\/wp\/v2\/media?parent=16919"}],"wp:term":[{"taxonomy":"product_brand","embeddable":true,"href":"https:\/\/www.raschvin.com\/sv\/wp-json\/wp\/v2\/product_brand?post=16919"},{"taxonomy":"product_cat","embeddable":true,"href":"https:\/\/www.raschvin.com\/sv\/wp-json\/wp\/v2\/product_cat?post=16919"},{"taxonomy":"product_tag","embeddable":true,"href":"https:\/\/www.raschvin.com\/sv\/wp-json\/wp\/v2\/product_tag?post=16919"}],"curies":[{"name":"wp","href":"https:\/\/api.w.org\/{rel}","templated":true}]}}