{"id":16917,"date":"2022-05-30T11:06:46","date_gmt":"2022-05-30T09:06:46","guid":{"rendered":"https:\/\/www.raschvin.com\/vare\/mount-gay-1703-master-select\/"},"modified":"2022-11-28T17:59:53","modified_gmt":"2022-11-28T16:59:53","slug":"mount-gay-1703-master-select","status":"publish","type":"product","link":"https:\/\/www.raschvin.com\/sv\/produkt\/mount-gay-1703-master-select\/","title":{"rendered":"Mount Gay 1703 Master Select 70 cl. 43%"},"content":{"rendered":"<p>Mount Gays Master Blender identifierar det finaste ROM-\u00e5ret varje \u00e5r, vilket blir den exklusiva, begr\u00e4nsade upplagan 1703 Master Select. Namnet h\u00e4nvisar till destilleringens grund\u00e5r, 1703.<\/p>\n<p>Det \u00e4r en elegant och sofistikerad faddagged Rom med en harmonisk doft av fruktig, rik vanilj, banan, ek och mocka. Smaken \u00e4r fin balanserad med anteckningar av russin, kryddor och rostat br\u00f6d. Efter magan \u00e4r exceptionellt rund med en l\u00e5ng och delikat finish.<\/p>\n<p>70 cl. \/ 43%<br \/>\nMaster Blender Trudiann Branker<\/p>\n<p>Mount Gay Space<br \/>\nJohn Sober \u00e4gde en mark p\u00e5 Barbados och \u00e4rvde ett litet destilleri p\u00e5 Mount Gilboa 1703. Sober Familjen anst\u00e4llde Sir John Gay Alleyne &#8211; fj\u00e4rde generationen fr\u00e5n Barbados &#8211; f\u00f6r att starta en ny era av destilleriet. Hans prestationer var s\u00e5 framg\u00e5ngsrika att nykter familjen bytte upp destilleriet till sin \u00e4ra &#8211; Mount Gay.<\/p>\n<p>Mount Gay Room \u00e4r brant i expertis, hantverk och kvalitet med sockerr\u00f6r fr\u00e5n egna plantager och vatten fr\u00e5n en underjordisk k\u00e4lla som k\u00f6rs under destilleriet. Vattnet plockas upp fr\u00e5n artesiska brunnen, som gr\u00e4vdes 1703 som allt b\u00f6rjade.<\/p>\n","protected":false},"excerpt":{"rendered":"<p>Premium Aged Barbados Rum &#8211; estd. 1703<\/p>\n","protected":false},"featured_media":28997,"template":"","meta":{"_acf_changed":false,"rs_blank_template":"","rs_page_bg_color":"","slide_template_v7":""},"product_brand":[],"product_cat":[2387,4634,2391],"product_tag":[],"class_list":{"0":"post-16917","1":"product","2":"type-product","3":"status-publish","4":"has-post-thumbnail","6":"product_cat-avec-sv","7":"product_cat-premium-aged-sv","8":"product_cat-rom-sv","9":"pa_land-barbados-sv","10":"pa_procent-43-sv","11":"pa_producent-mount-gay-rum-sv","12":"pa_volume-70-sv-2","14":"first","15":"outofstock","16":"taxable","17":"shipping-taxable","18":"purchasable","19":"product-type-simple"},"bundled_by":[],"bundle_stock_status":"outofstock","bundle_stock_quantity":null,"bundle_virtual":false,"bundle_layout":"","bundle_add_to_cart_form_location":"","bundle_editable_in_cart":false,"bundle_sold_individually_context":"","bundle_item_grouping":"","bundle_min_size":"","bundle_max_size":"","bundle_price":[],"bundled_items":[],"bundle_sell_ids":[],"acf":[],"_links":{"self":[{"href":"https:\/\/www.raschvin.com\/sv\/wp-json\/wp\/v2\/product\/16917","targetHints":{"allow":["GET"]}}],"collection":[{"href":"https:\/\/www.raschvin.com\/sv\/wp-json\/wp\/v2\/product"}],"about":[{"href":"https:\/\/www.raschvin.com\/sv\/wp-json\/wp\/v2\/types\/product"}],"wp:featuredmedia":[{"embeddable":true,"href":"https:\/\/www.raschvin.com\/sv\/wp-json\/wp\/v2\/media\/28997"}],"wp:attachment":[{"href":"https:\/\/www.raschvin.com\/sv\/wp-json\/wp\/v2\/media?parent=16917"}],"wp:term":[{"taxonomy":"product_brand","embeddable":true,"href":"https:\/\/www.raschvin.com\/sv\/wp-json\/wp\/v2\/product_brand?post=16917"},{"taxonomy":"product_cat","embeddable":true,"href":"https:\/\/www.raschvin.com\/sv\/wp-json\/wp\/v2\/product_cat?post=16917"},{"taxonomy":"product_tag","embeddable":true,"href":"https:\/\/www.raschvin.com\/sv\/wp-json\/wp\/v2\/product_tag?post=16917"}],"curies":[{"name":"wp","href":"https:\/\/api.w.org\/{rel}","templated":true}]}}