{"id":16915,"date":"2022-05-30T11:06:46","date_gmt":"2022-05-30T09:06:46","guid":{"rendered":"https:\/\/www.raschvin.com\/vare\/mount-gay-the-port-cask-expressions-55\/"},"modified":"2022-11-28T18:14:01","modified_gmt":"2022-11-28T17:14:01","slug":"mount-gay-the-port-cask-expressions-55","status":"publish","type":"product","link":"https:\/\/www.raschvin.com\/sv\/produkt\/mount-gay-the-port-cask-expressions-55\/","title":{"rendered":"Mount Gay The Port Cask Expression 70 cl. 55%"},"content":{"rendered":"<p>Mount Gay Room Port Cask Expression ROM 55% \u00e4r en del av Mount Gays \u00e5rliga master blender collection release som tillverkas p\u00e5 Barbados. 2020-utg\u00e5van best\u00e5r av Mount Gay&#8217;s New Female Master Blender, Trudiann Branker. Mount Gay Room The Port Cask Expression \u00e4r en blandning av koloniskt destillerat rum som har lagrats i Tawny Portvinsfade i 5 \u00e5r, och Pot Still Rom, som har lagrats i American Whisky-sk\u00e5len i 14 och publiceras i Tawny PortVinsFade i 1 \u00e5r. I doften finner man t.ex. Anteckningar av vanilj, karamelll och mandel. Mount Gay Room Port Cask Expression Rom har en smak av t.ex. K\u00f6rsb\u00e4r, torkad frukt, ek och mandel. Det produceras 6,570 flaskor av denna ROM, som inte kyls filtrerad (f\u00f6r att bevara s\u00e5 mycket som m\u00f6jligt av den ursprungliga aromen och smaken). Tappad av FAD Strength 55% ABV &#8211; 70 cl.<\/p>\n","protected":false},"excerpt":{"rendered":"<p>Premium Aged Barbados Rum \u2013 estd. 1703<\/p>\n","protected":false},"featured_media":10075,"template":"","meta":{"_acf_changed":false,"rs_blank_template":"","rs_page_bg_color":"","slide_template_v7":""},"product_brand":[],"product_cat":[2387,2391,4634],"product_tag":[],"class_list":{"0":"post-16915","1":"product","2":"type-product","3":"status-publish","4":"has-post-thumbnail","6":"product_cat-avec-sv","7":"product_cat-rom-sv","8":"product_cat-premium-aged-sv","9":"pa_land-barbados-sv","10":"pa_procent-55-sv","11":"pa_producent-mount-gay-rum-sv","12":"pa_volume-70-sv-2","14":"first","15":"instock","16":"taxable","17":"shipping-taxable","18":"purchasable","19":"product-type-simple"},"bundled_by":[],"bundle_stock_status":"instock","bundle_stock_quantity":null,"bundle_virtual":false,"bundle_layout":"","bundle_add_to_cart_form_location":"","bundle_editable_in_cart":false,"bundle_sold_individually_context":"","bundle_item_grouping":"","bundle_min_size":"","bundle_max_size":"","bundle_price":[],"bundled_items":[],"bundle_sell_ids":[],"acf":[],"_links":{"self":[{"href":"https:\/\/www.raschvin.com\/sv\/wp-json\/wp\/v2\/product\/16915","targetHints":{"allow":["GET"]}}],"collection":[{"href":"https:\/\/www.raschvin.com\/sv\/wp-json\/wp\/v2\/product"}],"about":[{"href":"https:\/\/www.raschvin.com\/sv\/wp-json\/wp\/v2\/types\/product"}],"wp:featuredmedia":[{"embeddable":true,"href":"https:\/\/www.raschvin.com\/sv\/wp-json\/wp\/v2\/media\/10075"}],"wp:attachment":[{"href":"https:\/\/www.raschvin.com\/sv\/wp-json\/wp\/v2\/media?parent=16915"}],"wp:term":[{"taxonomy":"product_brand","embeddable":true,"href":"https:\/\/www.raschvin.com\/sv\/wp-json\/wp\/v2\/product_brand?post=16915"},{"taxonomy":"product_cat","embeddable":true,"href":"https:\/\/www.raschvin.com\/sv\/wp-json\/wp\/v2\/product_cat?post=16915"},{"taxonomy":"product_tag","embeddable":true,"href":"https:\/\/www.raschvin.com\/sv\/wp-json\/wp\/v2\/product_tag?post=16915"}],"curies":[{"name":"wp","href":"https:\/\/api.w.org\/{rel}","templated":true}]}}