{"id":16911,"date":"2022-05-30T11:04:47","date_gmt":"2022-05-30T09:04:47","guid":{"rendered":"https:\/\/www.raschvin.com\/vare\/torres-20-hors-dage\/"},"modified":"2022-12-12T16:21:40","modified_gmt":"2022-12-12T15:21:40","slug":"torres-20-hors-dage","status":"publish","type":"product","link":"https:\/\/www.raschvin.com\/sv\/produkt\/torres-20-hors-dage\/","title":{"rendered":"Torres 20 Hors D&#8217;Age 70 cl. 40%"},"content":{"rendered":"<p>Torres 20 \u00e4r en ikon och det mest prisbel\u00f6nta br\u00e4nnvinet i v\u00e4rlden. Den har otaliga g\u00e5nger utsetts till v\u00e4rldens b\u00e4sta konjak vid t\u00e4vlingar som International Wine &#038; Spirit Competition.<br \/>\nDet \u00e4r en lagrad konjak destillerad fr\u00e5n druvsorterna Parellada och Ugni Blanc. B\u00e5da sorterna destilleras separat tv\u00e5 g\u00e5nger i traditionella destillationsapparater.<br \/>\nTorres 20 har en fin, m\u00f6rk b\u00e4rnstensf\u00e4rgad f\u00e4rg och en djup och varm doft med toner av vanilj, kanel och muskotn\u00f6t. P\u00e5 tungan \u00e4r den intensivt sammetslen med en kort finish och subtila ektoner.<\/p>\n<p>Tillverkad av Parellada-druvor, en traditionell katalansk sort, och Ugni Blanc-druvor, som \u00e4r vanligare i Cognac och italienska viner, \u00e4r Torres 20 ett v\u00e4larbetat uttryck. Konjaken tillbringar sin mognad p\u00e5 Limousin ekfat. Resultatet \u00e4r en elegant, rik och dekadent smakrik spansk konjak.<\/p>\n","protected":false},"excerpt":{"rendered":"<p>Solera Superior Brandy &#8211; Spain <\/p>\n","protected":false},"featured_media":10023,"template":"","meta":{"_acf_changed":false,"rs_blank_template":"","rs_page_bg_color":"","slide_template_v7":""},"product_brand":[],"product_cat":[2743,2395],"product_tag":[],"class_list":{"0":"post-16911","1":"product","2":"type-product","3":"status-publish","4":"has-post-thumbnail","6":"product_cat-brannvin-sv","7":"product_cat-brandy-sv","8":"pa_land-spanien-sv","9":"pa_procent-40-sv-2","10":"pa_producent-miguel-torres-s-a-sv","11":"pa_region-el-penedes-sv","12":"pa_volume-70-sv-2","14":"first","15":"instock","16":"sale","17":"taxable","18":"shipping-taxable","19":"purchasable","20":"product-type-simple"},"bundled_by":[],"bundle_stock_status":"instock","bundle_stock_quantity":null,"bundle_virtual":false,"bundle_layout":"","bundle_add_to_cart_form_location":"","bundle_editable_in_cart":false,"bundle_sold_individually_context":"","bundle_item_grouping":"","bundle_min_size":"","bundle_max_size":"","bundle_price":[],"bundled_items":[],"bundle_sell_ids":[],"acf":[],"_links":{"self":[{"href":"https:\/\/www.raschvin.com\/sv\/wp-json\/wp\/v2\/product\/16911","targetHints":{"allow":["GET"]}}],"collection":[{"href":"https:\/\/www.raschvin.com\/sv\/wp-json\/wp\/v2\/product"}],"about":[{"href":"https:\/\/www.raschvin.com\/sv\/wp-json\/wp\/v2\/types\/product"}],"wp:featuredmedia":[{"embeddable":true,"href":"https:\/\/www.raschvin.com\/sv\/wp-json\/wp\/v2\/media\/10023"}],"wp:attachment":[{"href":"https:\/\/www.raschvin.com\/sv\/wp-json\/wp\/v2\/media?parent=16911"}],"wp:term":[{"taxonomy":"product_brand","embeddable":true,"href":"https:\/\/www.raschvin.com\/sv\/wp-json\/wp\/v2\/product_brand?post=16911"},{"taxonomy":"product_cat","embeddable":true,"href":"https:\/\/www.raschvin.com\/sv\/wp-json\/wp\/v2\/product_cat?post=16911"},{"taxonomy":"product_tag","embeddable":true,"href":"https:\/\/www.raschvin.com\/sv\/wp-json\/wp\/v2\/product_tag?post=16911"}],"curies":[{"name":"wp","href":"https:\/\/api.w.org\/{rel}","templated":true}]}}