{"id":16910,"date":"2022-05-30T11:04:47","date_gmt":"2022-05-30T09:04:47","guid":{"rendered":"https:\/\/www.raschvin.com\/vare\/torres-15-included-giftbox\/"},"modified":"2022-12-12T16:16:00","modified_gmt":"2022-12-12T15:16:00","slug":"torres-15-included-giftbox","status":"publish","type":"product","link":"https:\/\/www.raschvin.com\/sv\/produkt\/torres-15-included-giftbox\/","title":{"rendered":"Torres 15 Reserva Privada 70 cl. 40%"},"content":{"rendered":"<p>Torres 15 Reserva Privada \u00e4r en ganska l\u00e4cker spansk konjak fr\u00e5n den v\u00e4lk\u00e4nda producenten, lagrad i ett solera-system. Med ljusa citrus- och vaniljelement som sticker ut bland de torkade fruktnoterna \u00e4r detta ett anm\u00e4rkningsv\u00e4rt uppfriskande uttryck.<\/p>\n<p>Citronskal och kola, saftiga sultaner, oljiga valn\u00f6tter och en hint av sockermandel. Subtila romliknande kryddor.<\/p>\n<p>Br\u00e4nnvinet har en o\u00f6vertr\u00e4ffad personlighet och stor m\u00e5ngsidighet, vilket g\u00f6r det perfekt i drinkar och cocktails, klassiskt s\u00e5v\u00e4l som mer uppfriskande och modernt som Torres 15 Ginger Ale med Torres 15, ginger ale, citronsaft, sockersirap, isbitar och citron krydda.<\/p>\n<p>UTM\u00c4RKELSER<\/p>\n<p>\u2022 Guldmedalj | World Spirits Awards 2018<br \/>\n\u2022 B\u00e4sta Brandy Solera | World Brandy Awards 2017<br \/>\n\u2022 Guldmedalj | International Spirits Challenge 2016<br \/>\n\u2022 Guldmedalj | World Brandy Awards 2015<\/p>\n","protected":false},"excerpt":{"rendered":"<p>Brandy Solera \u2013 Spain<\/p>\n","protected":false},"featured_media":10010,"template":"","meta":{"_acf_changed":false,"rs_blank_template":"","rs_page_bg_color":"","slide_template_v7":""},"product_brand":[],"product_cat":[2395,2743],"product_tag":[],"class_list":{"0":"post-16910","1":"product","2":"type-product","3":"status-publish","4":"has-post-thumbnail","6":"product_cat-brandy-sv","7":"product_cat-brannvin-sv","8":"pa_land-spanien-sv","9":"pa_procent-40-sv-2","10":"pa_producent-miguel-torres-s-a-sv","11":"pa_region-el-penedes-sv","12":"pa_volume-70-sv-2","14":"first","15":"instock","16":"sale","17":"taxable","18":"shipping-taxable","19":"purchasable","20":"product-type-simple"},"bundled_by":[],"bundle_stock_status":"instock","bundle_stock_quantity":null,"bundle_virtual":false,"bundle_layout":"","bundle_add_to_cart_form_location":"","bundle_editable_in_cart":false,"bundle_sold_individually_context":"","bundle_item_grouping":"","bundle_min_size":"","bundle_max_size":"","bundle_price":[],"bundled_items":[],"bundle_sell_ids":[],"acf":[],"_links":{"self":[{"href":"https:\/\/www.raschvin.com\/sv\/wp-json\/wp\/v2\/product\/16910","targetHints":{"allow":["GET"]}}],"collection":[{"href":"https:\/\/www.raschvin.com\/sv\/wp-json\/wp\/v2\/product"}],"about":[{"href":"https:\/\/www.raschvin.com\/sv\/wp-json\/wp\/v2\/types\/product"}],"wp:featuredmedia":[{"embeddable":true,"href":"https:\/\/www.raschvin.com\/sv\/wp-json\/wp\/v2\/media\/10010"}],"wp:attachment":[{"href":"https:\/\/www.raschvin.com\/sv\/wp-json\/wp\/v2\/media?parent=16910"}],"wp:term":[{"taxonomy":"product_brand","embeddable":true,"href":"https:\/\/www.raschvin.com\/sv\/wp-json\/wp\/v2\/product_brand?post=16910"},{"taxonomy":"product_cat","embeddable":true,"href":"https:\/\/www.raschvin.com\/sv\/wp-json\/wp\/v2\/product_cat?post=16910"},{"taxonomy":"product_tag","embeddable":true,"href":"https:\/\/www.raschvin.com\/sv\/wp-json\/wp\/v2\/product_tag?post=16910"}],"curies":[{"name":"wp","href":"https:\/\/api.w.org\/{rel}","templated":true}]}}