{"id":16905,"date":"2022-05-30T11:04:47","date_gmt":"2022-05-30T09:04:47","guid":{"rendered":"https:\/\/www.raschvin.com\/vare\/balvenie-21-years-portwood\/"},"modified":"2022-10-26T09:40:50","modified_gmt":"2022-10-26T07:40:50","slug":"balvenie-21-years-portwood","status":"publish","type":"product","link":"https:\/\/www.raschvin.com\/sv\/produkt\/balvenie-21-years-portwood\/","title":{"rendered":"Balvenie 21 Years Portwood 70 cl. 40%"},"content":{"rendered":"<p>Skapa Balvenie Portwood 21 \u00e5r gammal Single Malt Whisky \u00f6verf\u00f6rde en blandning av s\u00e4llsynta Balfy Whiskys f\u00f6r att blekna som har inneburit fina portviner. Hela processen \u00f6vervakas noggrant av Malt Master David C. Stewart Mbe.<\/p>\n<p>Denna whisky anses av m\u00e5nga som Malt Master Davids finaste arbete. Det \u00e4r en av hans mest imponerande prestationer som har vunnit ett antal mycket eftertraktade priser sedan publikationen 1996.<\/p>\n<p>Fragrance: Anteckningar av frukt och mogna russin som st\u00f6ds av en nutty torrhet.<\/p>\n<p>Smak: Raffinerad med en anm\u00e4rkningsv\u00e4rd karakt\u00e4r. Det \u00e4r kr\u00e4migt och silkesigt mjukt med frukt, honung och kryddor.<\/p>\n<p>Avsluta: L\u00e5ng, mild och nutty.<\/p>\n<p>Balvenie destilleriet.<br \/>\nBalvenie Distillery erbjuder en m\u00e4ngd olika malt-whiskys tillverkade av Malt Master David C. Stewart Mbe. Varje uttryck \u00e4r unikt, men alla whiskys \u00e4r rika, lyxiga smidiga och st\u00f6ds av en s\u00e4rskiljande, honungliknande karakt\u00e4r.<\/p>\n<p>Distillerens historia b\u00f6rjar 1892, d\u00e5 William Grant etablerar destilleriet i det \u00f6vergivna Balfy New House. 1 maj 1893 b\u00f6rjar destilleriet f\u00f6r att producera whisky. William Grant g\u00e5r bort 1923, och hans son, John, tar \u00f6ver och ut\u00f6kar destilleriet.<\/p>\n<p>\u00c5r 1962 \u00e4r David C. Stewart Mbe i William Grant &#038; Sons vid 17 \u00e5rs \u00e5lder. \u00c5r 1974 utn\u00e4mns han maltm\u00e4stare, den fj\u00e4rde i destilleriets historia. Han b\u00f6rjar experimentera med Fadlagring 1983. Han lagrar whisky p\u00e5 tv\u00e5 olika typer av tr\u00e4 efter varandra. Idag \u00e4r den h\u00e4r metoden mycket utbredd och kallad &#8221;efterbehandling&#8221;.<\/p>\n","protected":false},"excerpt":{"rendered":"<p>Speyside Scotch Single Malt Whisky<\/p>\n","protected":false},"featured_media":9945,"template":"","meta":{"_acf_changed":false,"rs_blank_template":"","rs_page_bg_color":"","slide_template_v7":""},"product_brand":[],"product_cat":[2387,4651,2392],"product_tag":[],"class_list":{"0":"post-16905","1":"product","2":"type-product","3":"status-publish","4":"has-post-thumbnail","6":"product_cat-avec-sv","7":"product_cat-single-malt-sv","8":"product_cat-whisky-sv","9":"pa_land-skottland","10":"pa_procent-40-sv-2","11":"pa_producent-william-grants-sons-sv","12":"pa_region-speyside-sv","13":"pa_volume-70-sv-2","15":"first","16":"instock","17":"taxable","18":"shipping-taxable","19":"purchasable","20":"product-type-simple"},"bundled_by":[],"bundle_stock_status":"instock","bundle_stock_quantity":null,"bundle_virtual":false,"bundle_layout":"","bundle_add_to_cart_form_location":"","bundle_editable_in_cart":false,"bundle_sold_individually_context":"","bundle_item_grouping":"","bundle_min_size":"","bundle_max_size":"","bundle_price":[],"bundled_items":[],"bundle_sell_ids":[],"acf":[],"_links":{"self":[{"href":"https:\/\/www.raschvin.com\/sv\/wp-json\/wp\/v2\/product\/16905","targetHints":{"allow":["GET"]}}],"collection":[{"href":"https:\/\/www.raschvin.com\/sv\/wp-json\/wp\/v2\/product"}],"about":[{"href":"https:\/\/www.raschvin.com\/sv\/wp-json\/wp\/v2\/types\/product"}],"wp:featuredmedia":[{"embeddable":true,"href":"https:\/\/www.raschvin.com\/sv\/wp-json\/wp\/v2\/media\/9945"}],"wp:attachment":[{"href":"https:\/\/www.raschvin.com\/sv\/wp-json\/wp\/v2\/media?parent=16905"}],"wp:term":[{"taxonomy":"product_brand","embeddable":true,"href":"https:\/\/www.raschvin.com\/sv\/wp-json\/wp\/v2\/product_brand?post=16905"},{"taxonomy":"product_cat","embeddable":true,"href":"https:\/\/www.raschvin.com\/sv\/wp-json\/wp\/v2\/product_cat?post=16905"},{"taxonomy":"product_tag","embeddable":true,"href":"https:\/\/www.raschvin.com\/sv\/wp-json\/wp\/v2\/product_tag?post=16905"}],"curies":[{"name":"wp","href":"https:\/\/api.w.org\/{rel}","templated":true}]}}