{"id":16900,"date":"2022-05-30T11:02:44","date_gmt":"2022-05-30T09:02:44","guid":{"rendered":"https:\/\/www.raschvin.com\/vare\/verano-gin-lemon\/"},"modified":"2022-12-12T19:04:05","modified_gmt":"2022-12-12T18:04:05","slug":"verano-gin-lemon","status":"publish","type":"product","link":"https:\/\/www.raschvin.com\/sv\/produkt\/verano-gin-lemon\/","title":{"rendered":"Verano Spanish Lemon Gin 70 cl. 40%"},"content":{"rendered":"<p>Denna citrusiga version fr\u00e5n Verano \u00e4r inspirerad av Medelhavets livliga smaker. Spanska citroner \u00e4r infunderade i denna, med extrakt av citronskal ocks\u00e5 tillsatt f\u00f6r lite extra pigg. Verano betyder egentligen &#8221;sommar&#8221; p\u00e5 spanska, s\u00e5 du kan vara s\u00e4ker p\u00e5 att det h\u00e4r kommer att vara hemma en varm sommarkv\u00e4ll.<\/p>\n<p>Sweet lemon curd och zingy citronzest, med piney enb\u00e4r och korianderkrydda.<\/p>\n<p>Verano Lemon Gin \u00e4r infunderad med spanska citroner och citronskal, vilket skapar en krispig och uppfriskande smak.<br \/>\nNjut av den i en klassisk Gin &#038; Tonic med isbitar eller prova den med \u00e4ppelcider i en fruktig gincocktail.<\/p>\n","protected":false},"excerpt":{"rendered":"<p>Spanish Inspired Flavoured Gin<\/p>\n","protected":false},"featured_media":9886,"template":"","meta":{"_acf_changed":false,"rs_blank_template":"","rs_page_bg_color":"","slide_template_v7":""},"product_brand":[],"product_cat":[2402,2404,4700],"product_tag":[],"class_list":{"0":"post-16900","1":"product","2":"type-product","3":"status-publish","4":"has-post-thumbnail","6":"product_cat-sprit-sv","7":"product_cat-gin-sv","8":"product_cat-flavoured-gin-sv","9":"pa_land-skottland","10":"pa_procent-40-sv-2","11":"pa_producent-william-grants-sons-sv","12":"pa_region-speyside-sv","13":"pa_volume-70-sv-2","15":"first","16":"instock","17":"sale","18":"taxable","19":"shipping-taxable","20":"purchasable","21":"product-type-simple"},"bundled_by":[],"bundle_stock_status":"instock","bundle_stock_quantity":null,"bundle_virtual":false,"bundle_layout":"","bundle_add_to_cart_form_location":"","bundle_editable_in_cart":false,"bundle_sold_individually_context":"","bundle_item_grouping":"","bundle_min_size":"","bundle_max_size":"","bundle_price":[],"bundled_items":[],"bundle_sell_ids":[],"acf":[],"_links":{"self":[{"href":"https:\/\/www.raschvin.com\/sv\/wp-json\/wp\/v2\/product\/16900","targetHints":{"allow":["GET"]}}],"collection":[{"href":"https:\/\/www.raschvin.com\/sv\/wp-json\/wp\/v2\/product"}],"about":[{"href":"https:\/\/www.raschvin.com\/sv\/wp-json\/wp\/v2\/types\/product"}],"wp:featuredmedia":[{"embeddable":true,"href":"https:\/\/www.raschvin.com\/sv\/wp-json\/wp\/v2\/media\/9886"}],"wp:attachment":[{"href":"https:\/\/www.raschvin.com\/sv\/wp-json\/wp\/v2\/media?parent=16900"}],"wp:term":[{"taxonomy":"product_brand","embeddable":true,"href":"https:\/\/www.raschvin.com\/sv\/wp-json\/wp\/v2\/product_brand?post=16900"},{"taxonomy":"product_cat","embeddable":true,"href":"https:\/\/www.raschvin.com\/sv\/wp-json\/wp\/v2\/product_cat?post=16900"},{"taxonomy":"product_tag","embeddable":true,"href":"https:\/\/www.raschvin.com\/sv\/wp-json\/wp\/v2\/product_tag?post=16900"}],"curies":[{"name":"wp","href":"https:\/\/api.w.org\/{rel}","templated":true}]}}