{"id":16897,"date":"2022-05-30T11:02:44","date_gmt":"2022-05-30T09:02:44","guid":{"rendered":"https:\/\/www.raschvin.com\/vare\/hendricks-lunar\/"},"modified":"2025-03-24T14:49:13","modified_gmt":"2025-03-24T13:49:13","slug":"hendricks-lunar","status":"publish","type":"product","link":"https:\/\/www.raschvin.com\/sv\/produkt\/hendricks-lunar\/","title":{"rendered":"Hendrick\u2019s Lunar 70 cl. 43,4%"},"content":{"rendered":"<p>Hendrick&#8217;s Lunar Gin \u00e4r en smidig och f\u00f6rf\u00f6risk gin. Den \u00e4r baserad p\u00e5 Hendricks klassiska recept med 11 v\u00e4xter, uts\u00f6kta infusioner av ros och gurka och n\u00e5gra sp\u00e4nnande till\u00e4gg f\u00f6r att skapa en unik, blommig och delikat kryddad gin med en hint av citrus. Lunar \u00e4r en m\u00e4rklig och ovanlig gin. Det \u00e4r uppfriskande med en sk\u00f6n v\u00e4rme.<br \/>\nLunar \u00e4r den perfekta f\u00f6ljeslagaren f\u00f6r solnedg\u00e5ngar och stj\u00e4rnklara n\u00e4tter i goda v\u00e4nners lag.<\/p>\n","protected":false},"excerpt":{"rendered":"<p>Premium Botanical Gin<\/p>\n","protected":false},"featured_media":29992,"template":"","meta":{"_acf_changed":false,"rs_blank_template":"","rs_page_bg_color":"","slide_template_v7":""},"product_brand":[],"product_cat":[4711,2404,8335,2402],"product_tag":[],"class_list":{"0":"post-16897","1":"product","2":"type-product","3":"status-publish","4":"has-post-thumbnail","6":"product_cat-andra-gins","7":"product_cat-gin-sv","8":"product_cat-hendriks-sv","9":"product_cat-sprit-sv","10":"pa_land-skottland","11":"pa_procent-43-4-sv","12":"pa_producent-girvan-distillery-sv","13":"pa_volume-70-sv-2","15":"first","16":"instock","17":"taxable","18":"shipping-taxable","19":"purchasable","20":"product-type-simple"},"bundled_by":[],"bundle_stock_status":"instock","bundle_stock_quantity":null,"bundle_virtual":false,"bundle_layout":"","bundle_add_to_cart_form_location":"","bundle_editable_in_cart":false,"bundle_sold_individually_context":"","bundle_item_grouping":"","bundle_min_size":"","bundle_max_size":"","bundle_price":[],"bundled_items":[],"bundle_sell_ids":[],"acf":[],"_links":{"self":[{"href":"https:\/\/www.raschvin.com\/sv\/wp-json\/wp\/v2\/product\/16897","targetHints":{"allow":["GET"]}}],"collection":[{"href":"https:\/\/www.raschvin.com\/sv\/wp-json\/wp\/v2\/product"}],"about":[{"href":"https:\/\/www.raschvin.com\/sv\/wp-json\/wp\/v2\/types\/product"}],"wp:featuredmedia":[{"embeddable":true,"href":"https:\/\/www.raschvin.com\/sv\/wp-json\/wp\/v2\/media\/29992"}],"wp:attachment":[{"href":"https:\/\/www.raschvin.com\/sv\/wp-json\/wp\/v2\/media?parent=16897"}],"wp:term":[{"taxonomy":"product_brand","embeddable":true,"href":"https:\/\/www.raschvin.com\/sv\/wp-json\/wp\/v2\/product_brand?post=16897"},{"taxonomy":"product_cat","embeddable":true,"href":"https:\/\/www.raschvin.com\/sv\/wp-json\/wp\/v2\/product_cat?post=16897"},{"taxonomy":"product_tag","embeddable":true,"href":"https:\/\/www.raschvin.com\/sv\/wp-json\/wp\/v2\/product_tag?post=16897"}],"curies":[{"name":"wp","href":"https:\/\/api.w.org\/{rel}","templated":true}]}}