{"id":16894,"date":"2022-05-30T11:02:44","date_gmt":"2022-05-30T09:02:44","guid":{"rendered":"https:\/\/www.raschvin.com\/vare\/stolichnaya-razberi\/"},"modified":"2022-12-07T15:05:06","modified_gmt":"2022-12-07T14:05:06","slug":"stolichnaya-razberi","status":"publish","type":"product","link":"https:\/\/www.raschvin.com\/sv\/produkt\/stolichnaya-razberi\/","title":{"rendered":"Stolichnaya Razberi 70 cl. 37,5%"},"content":{"rendered":"<p>Stolichnava Vodka Razberi \u00f6ppnar en intensiv doft av hallonflod, med en infusion av s\u00f6ta och starka kokta b\u00e4rfrukter. Smaken har hallon balancem fr\u00e5n den s\u00f6ta kryddor r\u00e5g och vete vodka, och lyfts av krispiga citron noter. Stolichnava Vodka Razberi slutar med en ledtr\u00e5d av peppar och vilda hallon.<\/p>\n<p>Stolichnava Vodka Razberi \u00e4r tillverkad p\u00e5 det finaste vete, r\u00e5g och extrakt fr\u00e5n hallon. Vete destilleras tre g\u00e5nger f\u00f6r att ge den fina kvaliteten denna vodka har.<\/p>\n<p>Det kan avnjutas ensam eller blandas i ett brett utbud av cocktails.<\/p>\n","protected":false},"excerpt":{"rendered":"<p>Lithuanian Raspberry Flavored Premium Vodka<\/p>\n","protected":false},"featured_media":9808,"template":"","meta":{"_acf_changed":false,"rs_blank_template":"","rs_page_bg_color":"","slide_template_v7":""},"product_brand":[],"product_cat":[4614,2402,2409],"product_tag":[],"class_list":{"0":"post-16894","1":"product","2":"type-product","3":"status-publish","4":"has-post-thumbnail","6":"product_cat-flavoured-sv","7":"product_cat-sprit-sv","8":"product_cat-vodka-sv","9":"pa_land-lettland","10":"pa_procent-37-5-sv","11":"pa_producent-stolichnaya-sv","12":"pa_volume-70-sv-2","14":"first","15":"instock","16":"taxable","17":"shipping-taxable","18":"purchasable","19":"product-type-simple"},"bundled_by":[],"bundle_stock_status":"instock","bundle_stock_quantity":null,"bundle_virtual":false,"bundle_layout":"","bundle_add_to_cart_form_location":"","bundle_editable_in_cart":false,"bundle_sold_individually_context":"","bundle_item_grouping":"","bundle_min_size":"","bundle_max_size":"","bundle_price":[],"bundled_items":[],"bundle_sell_ids":[],"acf":[],"_links":{"self":[{"href":"https:\/\/www.raschvin.com\/sv\/wp-json\/wp\/v2\/product\/16894","targetHints":{"allow":["GET"]}}],"collection":[{"href":"https:\/\/www.raschvin.com\/sv\/wp-json\/wp\/v2\/product"}],"about":[{"href":"https:\/\/www.raschvin.com\/sv\/wp-json\/wp\/v2\/types\/product"}],"wp:featuredmedia":[{"embeddable":true,"href":"https:\/\/www.raschvin.com\/sv\/wp-json\/wp\/v2\/media\/9808"}],"wp:attachment":[{"href":"https:\/\/www.raschvin.com\/sv\/wp-json\/wp\/v2\/media?parent=16894"}],"wp:term":[{"taxonomy":"product_brand","embeddable":true,"href":"https:\/\/www.raschvin.com\/sv\/wp-json\/wp\/v2\/product_brand?post=16894"},{"taxonomy":"product_cat","embeddable":true,"href":"https:\/\/www.raschvin.com\/sv\/wp-json\/wp\/v2\/product_cat?post=16894"},{"taxonomy":"product_tag","embeddable":true,"href":"https:\/\/www.raschvin.com\/sv\/wp-json\/wp\/v2\/product_tag?post=16894"}],"curies":[{"name":"wp","href":"https:\/\/api.w.org\/{rel}","templated":true}]}}