{"id":16893,"date":"2022-05-30T11:01:03","date_gmt":"2022-05-30T09:01:03","guid":{"rendered":"https:\/\/www.raschvin.com\/vare\/stolichnaya-salted-karamel\/"},"modified":"2022-12-07T15:03:19","modified_gmt":"2022-12-07T14:03:19","slug":"stolichnaya-salted-karamel","status":"publish","type":"product","link":"https:\/\/www.raschvin.com\/sv\/produkt\/stolichnaya-salted-karamel\/","title":{"rendered":"Stolichnaya Salted Karamel 70 cl. 37,5%"},"content":{"rendered":"<p>Stolichnaya har sedan 1938 producerat premiumkvalitetsfartyg. Det b\u00f6rjade med sitt ursprungliga vodka recept. Sedan dess har varum\u00e4rket utvecklat m\u00e5nga olika vodkas med smak, och deras vodka saltade karamelll \u00e4r bara en av dem. Idag \u00e4r Stolichnaya en av de ledande tillverkarna av vodka.<\/p>\n<p>Vodka var den f\u00f6rsta vodka med saltkaramulerande i v\u00e4rlden, och den har en v\u00e4lbalanserad smak mellan s\u00f6tt och salt. N\u00e4r du smakade p\u00e5 denna vodka fick dina smakl\u00f6kar uppleva b\u00e5de s\u00f6ta, engelska toffee och en l\u00e4tt salt smak, som tillsammans \u00e4r den perfekta kombinationen. Vodka kan avnjutas, men det \u00e4r ocks\u00e5 bra i en m\u00e4ngd cocktails.<\/p>\n","protected":false},"excerpt":{"rendered":"<p>Lithuanian Salted Karamel Flavored Premium Vodka<\/p>\n","protected":false},"featured_media":9795,"template":"","meta":{"_acf_changed":false,"rs_blank_template":"","rs_page_bg_color":"","slide_template_v7":""},"product_brand":[],"product_cat":[4614,2402,2409],"product_tag":[],"class_list":{"0":"post-16893","1":"product","2":"type-product","3":"status-publish","4":"has-post-thumbnail","6":"product_cat-flavoured-sv","7":"product_cat-sprit-sv","8":"product_cat-vodka-sv","9":"pa_land-lettland","10":"pa_procent-37-5-sv","11":"pa_producent-stolichnaya-sv","12":"pa_volume-70-sv-2","14":"first","15":"instock","16":"taxable","17":"shipping-taxable","18":"purchasable","19":"product-type-simple"},"bundled_by":[],"bundle_stock_status":"instock","bundle_stock_quantity":null,"bundle_virtual":false,"bundle_layout":"","bundle_add_to_cart_form_location":"","bundle_editable_in_cart":false,"bundle_sold_individually_context":"","bundle_item_grouping":"","bundle_min_size":"","bundle_max_size":"","bundle_price":[],"bundled_items":[],"bundle_sell_ids":[],"acf":[],"_links":{"self":[{"href":"https:\/\/www.raschvin.com\/sv\/wp-json\/wp\/v2\/product\/16893","targetHints":{"allow":["GET"]}}],"collection":[{"href":"https:\/\/www.raschvin.com\/sv\/wp-json\/wp\/v2\/product"}],"about":[{"href":"https:\/\/www.raschvin.com\/sv\/wp-json\/wp\/v2\/types\/product"}],"wp:featuredmedia":[{"embeddable":true,"href":"https:\/\/www.raschvin.com\/sv\/wp-json\/wp\/v2\/media\/9795"}],"wp:attachment":[{"href":"https:\/\/www.raschvin.com\/sv\/wp-json\/wp\/v2\/media?parent=16893"}],"wp:term":[{"taxonomy":"product_brand","embeddable":true,"href":"https:\/\/www.raschvin.com\/sv\/wp-json\/wp\/v2\/product_brand?post=16893"},{"taxonomy":"product_cat","embeddable":true,"href":"https:\/\/www.raschvin.com\/sv\/wp-json\/wp\/v2\/product_cat?post=16893"},{"taxonomy":"product_tag","embeddable":true,"href":"https:\/\/www.raschvin.com\/sv\/wp-json\/wp\/v2\/product_tag?post=16893"}],"curies":[{"name":"wp","href":"https:\/\/api.w.org\/{rel}","templated":true}]}}