{"id":16889,"date":"2022-05-30T11:01:03","date_gmt":"2022-05-30T09:01:03","guid":{"rendered":"https:\/\/www.raschvin.com\/vare\/el-dorado-12-years\/"},"modified":"2022-11-15T21:09:48","modified_gmt":"2022-11-15T20:09:48","slug":"el-dorado-12-years","status":"publish","type":"product","link":"https:\/\/www.raschvin.com\/sv\/produkt\/el-dorado-12-years\/","title":{"rendered":"El Dorado 12 Years 70 cl. 40%"},"content":{"rendered":"<p>El Dorado 12 \u00e5r \u00e4r en Rom fr\u00e5n det senaste \u00f6verlevande destilleriet p\u00e5 Guyana; Diamantdestillery. Rummet h\u00e4r best\u00e5r av destillat fr\u00e5n flera av sina pannor, inklusive den ber\u00f6mda Coffey fortfarande, Enmore. Den \u00e4r lagrad i minst 12 \u00e5r i amerikanska ekr\u00e4tter, och \u00e4r utan tvekan &#8221;Gateway-Rom&#8221; f\u00f6r m\u00e5nga romska \u00e4lskare, med sin fulla, djupa och s\u00f6t stil. Det \u00e4r ett elegant och komplext rum med rundad smak och l\u00e5ng torr finish. Det kan avnjutas ren eller i cocktails.<\/p>\n<p>F\u00e4rg: vacker b\u00e4rnsten \/ guldf\u00e4rg.<br \/>\nFragrance: vanilj, varma kryddor och karamelll.<br \/>\nSmak Anm\u00e4rkningar: S\u00f6t, mjuk och rund, men med gott djup och tyngd. Anteckningar av brunt farin, toffee, vanilj och karamelll.<\/p>\n<p>El Dorado Rom 12 \u00e5r av Karibiska rumsmak vann inte mindre \u00e4n 7 guldmedaljer! Dessutom har denna Rom en myriad av vackra recensioner.<\/p>\n<p>Den autentiska romproducenten, El Dorado, grundades tillbaka i 1670. Socker fr\u00e5n lokala producenter i Guyana, och de unika destillationsmetoderna, tr\u00e4coffee fortfarande och tr\u00e4krukan, bidrar fortfarande till den unika smaken av El Dorado Rom. Rummet anses vara en av v\u00e4rldens b\u00e4sta och har vunnit otaliga priser.<\/p>\n","protected":false},"excerpt":{"rendered":"<p>Guyana Premium Aged Rum<\/p>\n","protected":false},"featured_media":9752,"template":"","meta":{"_acf_changed":false,"rs_blank_template":"","rs_page_bg_color":"","slide_template_v7":""},"product_brand":[],"product_cat":[2387,4634,2391],"product_tag":[],"class_list":{"0":"post-16889","1":"product","2":"type-product","3":"status-publish","4":"has-post-thumbnail","6":"product_cat-avec-sv","7":"product_cat-premium-aged-sv","8":"product_cat-rom-sv","9":"pa_land-guyana-sv","10":"pa_procent-40-sv-2","11":"pa_producent-diamond-distillery-sv","12":"pa_volume-70-sv-2","14":"first","15":"instock","16":"taxable","17":"shipping-taxable","18":"purchasable","19":"product-type-simple"},"bundled_by":[],"bundle_stock_status":"instock","bundle_stock_quantity":null,"bundle_virtual":false,"bundle_layout":"","bundle_add_to_cart_form_location":"","bundle_editable_in_cart":false,"bundle_sold_individually_context":"","bundle_item_grouping":"","bundle_min_size":"","bundle_max_size":"","bundle_price":[],"bundled_items":[],"bundle_sell_ids":[],"acf":[],"_links":{"self":[{"href":"https:\/\/www.raschvin.com\/sv\/wp-json\/wp\/v2\/product\/16889","targetHints":{"allow":["GET"]}}],"collection":[{"href":"https:\/\/www.raschvin.com\/sv\/wp-json\/wp\/v2\/product"}],"about":[{"href":"https:\/\/www.raschvin.com\/sv\/wp-json\/wp\/v2\/types\/product"}],"wp:featuredmedia":[{"embeddable":true,"href":"https:\/\/www.raschvin.com\/sv\/wp-json\/wp\/v2\/media\/9752"}],"wp:attachment":[{"href":"https:\/\/www.raschvin.com\/sv\/wp-json\/wp\/v2\/media?parent=16889"}],"wp:term":[{"taxonomy":"product_brand","embeddable":true,"href":"https:\/\/www.raschvin.com\/sv\/wp-json\/wp\/v2\/product_brand?post=16889"},{"taxonomy":"product_cat","embeddable":true,"href":"https:\/\/www.raschvin.com\/sv\/wp-json\/wp\/v2\/product_cat?post=16889"},{"taxonomy":"product_tag","embeddable":true,"href":"https:\/\/www.raschvin.com\/sv\/wp-json\/wp\/v2\/product_tag?post=16889"}],"curies":[{"name":"wp","href":"https:\/\/api.w.org\/{rel}","templated":true}]}}