{"id":16882,"date":"2022-05-30T10:59:20","date_gmt":"2022-05-30T08:59:20","guid":{"rendered":"https:\/\/www.raschvin.com\/vare\/foursquare-crisma-cream-liqueur\/"},"modified":"2022-11-17T14:15:09","modified_gmt":"2022-11-17T13:15:09","slug":"foursquare-crisma-cream-liqueur","status":"publish","type":"product","link":"https:\/\/www.raschvin.com\/sv\/produkt\/foursquare-crisma-cream-liqueur\/","title":{"rendered":"Foursquare Crisma Cream Liqueur 70 cl. 17%"},"content":{"rendered":"<p>En kr\u00e4mlik\u00f6r gjord p\u00e5 Faddlagered Barbados-Rom fr\u00e5n Foursquare Distillery som blandas med \u00e4kta mj\u00f6lkig gr\u00e4dde, vanilj och kaffe &#8211; vad som inte gillar?<br \/>\nFoursquare Room Distillery i St Philip p\u00e5 Barbados \u00e4r en av n\u00e5gra kvarst\u00e5ende oberoende familje\u00e4gda andar tillverkare i Karibien.<br \/>\nSmaken \u00e4r kr\u00e4mig med klar s\u00f6tma fr\u00e5n vaniljn i god balans med den nutty-made Rom, k\u00e4nsligt kaffe och pepparkaka. Serveras med f\u00f6rdel med isbitar eller \u00f6ver en bra tid vaniljglass.<br \/>\nN\u00e4r den \u00f6ppnas m\u00e5ste den lagras i ett kylsk\u00e5p f\u00f6r att bibeh\u00e5lla kvalitet och smak.<\/p>\n","protected":false},"excerpt":{"rendered":"<p>Premium Barbados Rum-Cream Liqueur<\/p>\n","protected":false},"featured_media":9670,"template":"","meta":{"_acf_changed":false,"rs_blank_template":"","rs_page_bg_color":"","slide_template_v7":""},"product_brand":[],"product_cat":[2387,4673,4678,2390],"product_tag":[],"class_list":{"0":"post-16882","1":"product","2":"type-product","3":"status-publish","4":"has-post-thumbnail","6":"product_cat-avec-sv","7":"product_cat-creme-sv","8":"product_cat-romlikor","9":"product_cat-sprit","10":"pa_land-barbados-sv","11":"pa_procent-17-sv","12":"pa_producent-foursquare-sv","13":"pa_volume-70-sv-2","15":"first","16":"outofstock","17":"taxable","18":"shipping-taxable","19":"purchasable","20":"product-type-simple"},"bundled_by":[],"bundle_stock_status":"outofstock","bundle_stock_quantity":null,"bundle_virtual":false,"bundle_layout":"","bundle_add_to_cart_form_location":"","bundle_editable_in_cart":false,"bundle_sold_individually_context":"","bundle_item_grouping":"","bundle_min_size":"","bundle_max_size":"","bundle_price":[],"bundled_items":[],"bundle_sell_ids":[],"acf":[],"_links":{"self":[{"href":"https:\/\/www.raschvin.com\/sv\/wp-json\/wp\/v2\/product\/16882","targetHints":{"allow":["GET"]}}],"collection":[{"href":"https:\/\/www.raschvin.com\/sv\/wp-json\/wp\/v2\/product"}],"about":[{"href":"https:\/\/www.raschvin.com\/sv\/wp-json\/wp\/v2\/types\/product"}],"wp:featuredmedia":[{"embeddable":true,"href":"https:\/\/www.raschvin.com\/sv\/wp-json\/wp\/v2\/media\/9670"}],"wp:attachment":[{"href":"https:\/\/www.raschvin.com\/sv\/wp-json\/wp\/v2\/media?parent=16882"}],"wp:term":[{"taxonomy":"product_brand","embeddable":true,"href":"https:\/\/www.raschvin.com\/sv\/wp-json\/wp\/v2\/product_brand?post=16882"},{"taxonomy":"product_cat","embeddable":true,"href":"https:\/\/www.raschvin.com\/sv\/wp-json\/wp\/v2\/product_cat?post=16882"},{"taxonomy":"product_tag","embeddable":true,"href":"https:\/\/www.raschvin.com\/sv\/wp-json\/wp\/v2\/product_tag?post=16882"}],"curies":[{"name":"wp","href":"https:\/\/api.w.org\/{rel}","templated":true}]}}