{"id":16881,"date":"2025-02-18T10:50:20","date_gmt":"2025-02-18T09:50:20","guid":{"rendered":"https:\/\/www.raschvin.com\/vare\/1792-small-batch-bourobn\/"},"modified":"2025-02-18T10:59:44","modified_gmt":"2025-02-18T09:59:44","slug":"1792-small-batch-bourobn","status":"publish","type":"product","link":"https:\/\/www.raschvin.com\/sv\/produkt\/1792-small-batch-bourobn\/","title":{"rendered":"1792 Small Batch Bourbon 70 cl. 46,8%"},"content":{"rendered":"<p>Toast of Kentucky, 1792 Ridgemont Reserve \u00e4r en liten batch bourbon av stark karakt\u00e4r.<\/p>\n<p>Den har lagrat i 8 \u00e5r p\u00e5 nybr\u00e4nd \u00e4rm i Bardstown, Kentucky.<br \/>\nEn rik och fl\u00e4tig whisky f\u00f6r n\u00e5got speciellt tillf\u00e4lle. Det \u00e4r faktiskt den officiella &#8221;Bowl&#8221; -bourbonen p\u00e5 Kentucky Bourbon Festival.<\/p>\n<p>Doft.<br \/>\nLukten av honung och fruktkaka med b\u00e4r belagd av choklad<\/p>\n<p>Smak<br \/>\nEn mjuk start som forts\u00e4tter torka med rik kropp och karamellliserade n\u00f6tter och exotiska anteckningar<\/p>\n<p>Eftersmak<br \/>\nDet avrundar med f\u00e4rska ingef\u00e4ra och kryddor som varma<\/p>\n<p>Kommentar<br \/>\n&#8221;Dra \u00e5t s\u00e4kerhetsb\u00e4ltet!&#8221;<\/p>\n","protected":false},"excerpt":{"rendered":"<p>Kentucky Straight Bourbon Whisky<\/p>\n","protected":false},"featured_media":9657,"template":"","meta":{"_acf_changed":false,"rs_blank_template":"","rs_page_bg_color":"","slide_template_v7":""},"product_brand":[],"product_cat":[4657,2387,2392],"product_tag":[],"class_list":{"0":"post-16881","1":"product","2":"type-product","3":"status-publish","4":"has-post-thumbnail","6":"product_cat-american-bourbon-sv","7":"product_cat-avec-sv","8":"product_cat-whisky-sv","9":"pa_land-usa-sv","10":"pa_procent-46-8-sv","11":"pa_producent-buffalo-trace-american-whisky-sv","12":"pa_region-kentucky-sv","13":"pa_volume-70-sv-2","15":"first","16":"instock","17":"sale","18":"taxable","19":"shipping-taxable","20":"purchasable","21":"product-type-simple"},"bundled_by":[],"bundle_stock_status":"instock","bundle_stock_quantity":null,"bundle_virtual":false,"bundle_layout":"","bundle_add_to_cart_form_location":"","bundle_editable_in_cart":false,"bundle_sold_individually_context":"","bundle_item_grouping":"","bundle_min_size":"","bundle_max_size":"","bundle_price":[],"bundled_items":[],"bundle_sell_ids":[],"acf":[],"_links":{"self":[{"href":"https:\/\/www.raschvin.com\/sv\/wp-json\/wp\/v2\/product\/16881","targetHints":{"allow":["GET"]}}],"collection":[{"href":"https:\/\/www.raschvin.com\/sv\/wp-json\/wp\/v2\/product"}],"about":[{"href":"https:\/\/www.raschvin.com\/sv\/wp-json\/wp\/v2\/types\/product"}],"wp:featuredmedia":[{"embeddable":true,"href":"https:\/\/www.raschvin.com\/sv\/wp-json\/wp\/v2\/media\/9657"}],"wp:attachment":[{"href":"https:\/\/www.raschvin.com\/sv\/wp-json\/wp\/v2\/media?parent=16881"}],"wp:term":[{"taxonomy":"product_brand","embeddable":true,"href":"https:\/\/www.raschvin.com\/sv\/wp-json\/wp\/v2\/product_brand?post=16881"},{"taxonomy":"product_cat","embeddable":true,"href":"https:\/\/www.raschvin.com\/sv\/wp-json\/wp\/v2\/product_cat?post=16881"},{"taxonomy":"product_tag","embeddable":true,"href":"https:\/\/www.raschvin.com\/sv\/wp-json\/wp\/v2\/product_tag?post=16881"}],"curies":[{"name":"wp","href":"https:\/\/api.w.org\/{rel}","templated":true}]}}