{"id":16879,"date":"2022-05-30T10:59:20","date_gmt":"2022-05-30T08:59:20","guid":{"rendered":"https:\/\/www.raschvin.com\/vare\/tarquins-pink-grapefruit-elderflower-gin\/"},"modified":"2022-12-07T20:12:48","modified_gmt":"2022-12-07T19:12:48","slug":"tarquins-pink-grapefruit-elderflower-gin","status":"publish","type":"product","link":"https:\/\/www.raschvin.com\/sv\/produkt\/tarquins-pink-grapefruit-elderflower-gin\/","title":{"rendered":"Tarquin&#8217;s Pink Grapefruit &#038; Elderflower Gin 70 cl. 42%"},"content":{"rendered":"<p>Denna speciella gin \u00e4r inspirerad av de vackra cornish staket i full blomning. Ett modernt tillv\u00e4gag\u00e5ngss\u00e4tt f\u00f6r ett klassiskt torrt gin, destillerat med f\u00e4rsk hyllblomma och fr\u00e4sch rosa grapefruktskal.<\/p>\n<p>Inbrunderet med den saftiga rosa grapefrukten i s\u00e4songen och mata doftande hyllblomma, en sipp av detta gin, och du kommer att k\u00e4nna att du har transporterats direkt till v\u00e5r vackra Cornic Coast.<\/p>\n<p>Utan tillsatser efter destillation f\u00f6rblir denna gin-k\u00e4nsliga och aromatiska &#8211; perfekt ihop med en l\u00e4tt tonic och en grapefrukt.<\/p>\n","protected":false},"excerpt":{"rendered":"<p>Handcrafted Cornish Dry Gin \u2013 Created On The Wild Cornish Coast<\/p>\n","protected":false},"featured_media":30846,"template":"","meta":{"_acf_changed":false,"rs_blank_template":"","rs_page_bg_color":"","slide_template_v7":""},"product_brand":[],"product_cat":[4700,2404,2402],"product_tag":[],"class_list":{"0":"post-16879","1":"product","2":"type-product","3":"status-publish","4":"has-post-thumbnail","6":"product_cat-flavoured-gin-sv","7":"product_cat-gin-sv","8":"product_cat-sprit-sv","9":"pa_land-england-sv","10":"pa_procent-38-sv","11":"pa_producent-tarquins-sv","12":"pa_volume-70-sv-2","14":"first","15":"instock","16":"sale","17":"taxable","18":"shipping-taxable","19":"purchasable","20":"product-type-simple"},"bundled_by":[],"bundle_stock_status":"instock","bundle_stock_quantity":null,"bundle_virtual":false,"bundle_layout":"","bundle_add_to_cart_form_location":"","bundle_editable_in_cart":false,"bundle_sold_individually_context":"","bundle_item_grouping":"","bundle_min_size":"","bundle_max_size":"","bundle_price":[],"bundled_items":[],"bundle_sell_ids":[],"acf":[],"_links":{"self":[{"href":"https:\/\/www.raschvin.com\/sv\/wp-json\/wp\/v2\/product\/16879","targetHints":{"allow":["GET"]}}],"collection":[{"href":"https:\/\/www.raschvin.com\/sv\/wp-json\/wp\/v2\/product"}],"about":[{"href":"https:\/\/www.raschvin.com\/sv\/wp-json\/wp\/v2\/types\/product"}],"wp:featuredmedia":[{"embeddable":true,"href":"https:\/\/www.raschvin.com\/sv\/wp-json\/wp\/v2\/media\/30846"}],"wp:attachment":[{"href":"https:\/\/www.raschvin.com\/sv\/wp-json\/wp\/v2\/media?parent=16879"}],"wp:term":[{"taxonomy":"product_brand","embeddable":true,"href":"https:\/\/www.raschvin.com\/sv\/wp-json\/wp\/v2\/product_brand?post=16879"},{"taxonomy":"product_cat","embeddable":true,"href":"https:\/\/www.raschvin.com\/sv\/wp-json\/wp\/v2\/product_cat?post=16879"},{"taxonomy":"product_tag","embeddable":true,"href":"https:\/\/www.raschvin.com\/sv\/wp-json\/wp\/v2\/product_tag?post=16879"}],"curies":[{"name":"wp","href":"https:\/\/api.w.org\/{rel}","templated":true}]}}