{"id":16878,"date":"2022-05-30T10:59:20","date_gmt":"2022-05-30T08:59:20","guid":{"rendered":"https:\/\/www.raschvin.com\/vare\/tarquins-mixed-gin-set-4-x-5-cl\/"},"modified":"2022-12-07T20:06:44","modified_gmt":"2022-12-07T19:06:44","slug":"tarquins-mixed-gin-set-4-x-5-cl","status":"publish","type":"product","link":"https:\/\/www.raschvin.com\/sv\/produkt\/tarquins-mixed-gin-set-4-x-5-cl\/","title":{"rendered":"Tarquin&#8217;s Mixed Gin Set 4&#215;5 cl. 40%"},"content":{"rendered":"<p>Tarquins Mixed Gin Set inneh\u00e5ller 4 miniflasker s\u00e5 att du kan smaka ett antal av de utm\u00e4rkta ginsna fr\u00e5n det lilla destilleriet i Cornwall. Du f\u00e5r 5 cl av Tarquins Cornish Dry Gin och de tre fruktginnaren, BlackBerry Gin, Jordgubbe &#038; Lime Gin och Rabarber &#038; Raspberry Gin.<\/p>\n<p>Tarquins historia b\u00f6rjar 2012, n\u00e4r en 23-\u00e5rig kock, utbildad i Cordon Bleu i Paris, b\u00f6rjade experimentera med en 0,7-liters potten fortfarande &#8211; och d\u00e5 kan det inte vara mycket mindre. Denna mikroskopiska start ska senare bli det f\u00f6rsta destilleriet i Cornwall i \u00f6ver 100 \u00e5r! Efter m\u00e5nga b\u00e5de framg\u00e5ngsrika och misslyckade experiment p\u00e5 miniatyrpannan uppgraderades Tarquin ledningar 2013 till en 250-liters kruka fortfarande. Nu hade han hittat sitt perfekta ginrecept, och de f\u00f6rsta flaskorna s\u00e5ldes till Gurnard Head Hotel i St. Ives, Cornwall, 30 juli samma \u00e5r.<\/p>\n<p>Idag utvidgades Tarquin till 4 destillatorer, varav 3 \u00e4r fortfarande 250 liter och uppv\u00e4rmd med direkt eld. Allt \u00e4r fortfarande gjort f\u00f6r hand, allt fr\u00e5n destillation till mattflaskan (som ser ut som det har varit i stranden) vaxade.<br \/>\n  F\u00f6rutom gin g\u00f6r Tarquin ocks\u00e5 en pastis som naturligtvis har blivit namngiven Cornish Pastis &#8211; att inte vara f\u00f6rvirrad med den lilla pajen.<\/p>\n","protected":false},"excerpt":{"rendered":"<p>Handcrafted Cornish Dry Gin \u2013 Created On The Wild Cornish Coast<\/p>\n","protected":false},"featured_media":9621,"template":"","meta":{"_acf_changed":false,"rs_blank_template":"","rs_page_bg_color":"","slide_template_v7":""},"product_brand":[],"product_cat":[4711,4700,2754,2753,2404,2758,2402],"product_tag":[],"class_list":{"0":"post-16878","1":"product","2":"type-product","3":"status-publish","4":"has-post-thumbnail","6":"product_cat-andra-gins","7":"product_cat-flavoured-gin-sv","8":"product_cat-foeretagspresenter","9":"product_cat-gaavor","10":"product_cat-gin-sv","11":"product_cat-provsmakning-set","12":"product_cat-sprit-sv","13":"pa_land-england-sv","14":"pa_procent-40-sv-2","15":"pa_producent-tarquins-sv","16":"pa_volume-20-sv","18":"first","19":"instock","20":"sale","21":"taxable","22":"shipping-taxable","23":"purchasable","24":"product-type-simple"},"bundled_by":[],"bundle_stock_status":"instock","bundle_stock_quantity":null,"bundle_virtual":false,"bundle_layout":"","bundle_add_to_cart_form_location":"","bundle_editable_in_cart":false,"bundle_sold_individually_context":"","bundle_item_grouping":"","bundle_min_size":"","bundle_max_size":"","bundle_price":[],"bundled_items":[],"bundle_sell_ids":[],"acf":[],"_links":{"self":[{"href":"https:\/\/www.raschvin.com\/sv\/wp-json\/wp\/v2\/product\/16878","targetHints":{"allow":["GET"]}}],"collection":[{"href":"https:\/\/www.raschvin.com\/sv\/wp-json\/wp\/v2\/product"}],"about":[{"href":"https:\/\/www.raschvin.com\/sv\/wp-json\/wp\/v2\/types\/product"}],"wp:featuredmedia":[{"embeddable":true,"href":"https:\/\/www.raschvin.com\/sv\/wp-json\/wp\/v2\/media\/9621"}],"wp:attachment":[{"href":"https:\/\/www.raschvin.com\/sv\/wp-json\/wp\/v2\/media?parent=16878"}],"wp:term":[{"taxonomy":"product_brand","embeddable":true,"href":"https:\/\/www.raschvin.com\/sv\/wp-json\/wp\/v2\/product_brand?post=16878"},{"taxonomy":"product_cat","embeddable":true,"href":"https:\/\/www.raschvin.com\/sv\/wp-json\/wp\/v2\/product_cat?post=16878"},{"taxonomy":"product_tag","embeddable":true,"href":"https:\/\/www.raschvin.com\/sv\/wp-json\/wp\/v2\/product_tag?post=16878"}],"curies":[{"name":"wp","href":"https:\/\/api.w.org\/{rel}","templated":true}]}}