{"id":16877,"date":"2022-05-30T10:59:20","date_gmt":"2022-05-30T08:59:20","guid":{"rendered":"https:\/\/www.raschvin.com\/vare\/june-by-gvine-royal-pear-cardamom\/"},"modified":"2022-11-17T16:45:12","modified_gmt":"2022-11-17T15:45:12","slug":"june-by-gvine-royal-pear-cardamom","status":"publish","type":"product","link":"https:\/\/www.raschvin.com\/sv\/produkt\/june-by-gvine-royal-pear-cardamom\/","title":{"rendered":"G Vine &#8211; June Royal Pear &#038; Cardamom 70 cl. 37,5%"},"content":{"rendered":"<p>Juni Royal Pear och Cardamom, av G&#8217;vine 30% \u00e4r Maison Villerts nya superstar p\u00e5 Gin-marknaden, en Gin-baserad lik\u00f6r. Juni Royal Pear och Cardamoma \u00e4r juni Wild Peachs nya skarpa lillasyster, full av \u00f6verraskning, samma ljusa alkohol (30%), men med mycket smak. Juni \u00e4r lite s\u00f6t motsatt G&#8217;vine Floraison, som \u00e4r mer &#8221;s\u00f6t&#8221;. Juni \u00e4r gjord p\u00e5 Vindruespiritus som Nouaison Gin, av G&#8217;vine och G&#8217;vine Floraison, och har Maison Villerts DNA om renhet, klass och god smak. Med k\u00e4nsliga anteckningar av gl\u00f6dlampa, kardemer och det \u00e4r en sommarh\u00f6jd utan rak.<\/p>\n<p>Juni kunglig p\u00e4ron och kardamom \u00e4r motsatt juni vild persika mer till &#8221;Winter Lealed&#8221;, d\u00e4r juni vild persika med persika och f\u00e4rska b\u00e4r \u00e4r mer sammanfattning. Den mycket kategori av Gin-baserad brandy \u00e4r vid extrem drift och v\u00e4xte 2018 med 788% i Europa (dryckesverksamheten) och kategorin st\u00e5r f\u00f6r 50% av tillv\u00e4xten f\u00f6r Gin-kategorin som helhet (dryckesverksamheten). S\u00e5 det finns m\u00f6jlighet att g\u00e5 med i en v\u00e5g av Gin h\u00e4r.<\/p>\n<p>H\u00e4r \u00e4r ett par juni recept: skinny juni: i ett vinglas fyllt med is s\u00e4tta 4cl juni kunglig p\u00e4ron och kardemumma, fyll upp med danska vatten (ca 10-15cl) dekorationer med gl\u00f6dlampa. Juni Collins: Skaka efter med massor av is: 6Cl Juni Royal Pear och Cardamom, 3Cl Nypressad citronsaft, 1cl Sylage (1 del socker: 1 delvatten). S\u00e4g det till ett vinglas fyllt med is. Toppa upp med 3-4cl danska vatten och r\u00f6r fortfarande. Dekorera med persika och en citronb\u00e5t. Juni Pear Spritz: Fyll ett vinglas med isbitar kom 6cl juni kunglig p\u00e4ron och kardemom i glaset och fyll i 12cl mousserande vin, topp.<\/p>\n","protected":false},"excerpt":{"rendered":"<p>Distilled Infused Gin \u2013 France<\/p>\n","protected":false},"featured_media":29880,"template":"","meta":{"_acf_changed":false,"rs_blank_template":"","rs_page_bg_color":"","slide_template_v7":""},"product_brand":[],"product_cat":[2402,2404,4700],"product_tag":[],"class_list":{"0":"post-16877","1":"product","2":"type-product","3":"status-publish","4":"has-post-thumbnail","6":"product_cat-sprit-sv","7":"product_cat-gin-sv","8":"product_cat-flavoured-gin-sv","9":"pa_land-frankrike","10":"pa_procent-37-5-sv","11":"pa_producent-gvine-sv-2","12":"pa_volume-70-sv-2","14":"first","15":"instock","16":"sale","17":"taxable","18":"shipping-taxable","19":"purchasable","20":"product-type-simple"},"bundled_by":[],"bundle_stock_status":"instock","bundle_stock_quantity":null,"bundle_virtual":false,"bundle_layout":"","bundle_add_to_cart_form_location":"","bundle_editable_in_cart":false,"bundle_sold_individually_context":"","bundle_item_grouping":"","bundle_min_size":"","bundle_max_size":"","bundle_price":[],"bundled_items":[],"bundle_sell_ids":[],"acf":[],"_links":{"self":[{"href":"https:\/\/www.raschvin.com\/sv\/wp-json\/wp\/v2\/product\/16877","targetHints":{"allow":["GET"]}}],"collection":[{"href":"https:\/\/www.raschvin.com\/sv\/wp-json\/wp\/v2\/product"}],"about":[{"href":"https:\/\/www.raschvin.com\/sv\/wp-json\/wp\/v2\/types\/product"}],"wp:featuredmedia":[{"embeddable":true,"href":"https:\/\/www.raschvin.com\/sv\/wp-json\/wp\/v2\/media\/29880"}],"wp:attachment":[{"href":"https:\/\/www.raschvin.com\/sv\/wp-json\/wp\/v2\/media?parent=16877"}],"wp:term":[{"taxonomy":"product_brand","embeddable":true,"href":"https:\/\/www.raschvin.com\/sv\/wp-json\/wp\/v2\/product_brand?post=16877"},{"taxonomy":"product_cat","embeddable":true,"href":"https:\/\/www.raschvin.com\/sv\/wp-json\/wp\/v2\/product_cat?post=16877"},{"taxonomy":"product_tag","embeddable":true,"href":"https:\/\/www.raschvin.com\/sv\/wp-json\/wp\/v2\/product_tag?post=16877"}],"curies":[{"name":"wp","href":"https:\/\/api.w.org\/{rel}","templated":true}]}}