{"id":16875,"date":"2022-05-30T10:59:20","date_gmt":"2022-05-30T08:59:20","guid":{"rendered":"https:\/\/www.raschvin.com\/vare\/bacardi-spiced\/"},"modified":"2023-04-17T09:06:50","modified_gmt":"2023-04-17T07:06:50","slug":"bacardi-spiced","status":"publish","type":"product","link":"https:\/\/www.raschvin.com\/sv\/produkt\/bacardi-spiced\/","title":{"rendered":"Bacardi Spiced 70 cl. 35%"},"content":{"rendered":"<p>Ett kryddigt rum med en touch av r\u00f6k och karakt\u00e4r fr\u00e5n att lagra p\u00e5 amerikanska ekfat. I bakgrunden Noes finns torkad frukt, s\u00f6t kr\u00e4mig kr\u00e4mkaramelll och vanilj och honung.<\/p>\n","protected":false},"excerpt":{"rendered":"<p>Spirit Drink &#8211; Rum With Spices<\/p>\n","protected":false},"featured_media":9591,"template":"","meta":{"_acf_changed":false,"rs_blank_template":"","rs_page_bg_color":"","slide_template_v7":""},"product_brand":[],"product_cat":[2387,2391,4631],"product_tag":[],"class_list":{"0":"post-16875","1":"product","2":"type-product","3":"status-publish","4":"has-post-thumbnail","6":"product_cat-avec-sv","7":"product_cat-rom-sv","8":"product_cat-spiced-sv","9":"pa_land-puerto-rico-sv","10":"pa_procent-35-sv","11":"pa_producent-bacardi-martini-production-sv","12":"pa_volume-70-sv-2","14":"first","15":"instock","16":"sale","17":"taxable","18":"shipping-taxable","19":"purchasable","20":"product-type-simple"},"bundled_by":[],"bundle_stock_status":"instock","bundle_stock_quantity":null,"bundle_virtual":false,"bundle_layout":"","bundle_add_to_cart_form_location":"","bundle_editable_in_cart":false,"bundle_sold_individually_context":"","bundle_item_grouping":"","bundle_min_size":"","bundle_max_size":"","bundle_price":[],"bundled_items":[],"bundle_sell_ids":[],"acf":[],"_links":{"self":[{"href":"https:\/\/www.raschvin.com\/sv\/wp-json\/wp\/v2\/product\/16875","targetHints":{"allow":["GET"]}}],"collection":[{"href":"https:\/\/www.raschvin.com\/sv\/wp-json\/wp\/v2\/product"}],"about":[{"href":"https:\/\/www.raschvin.com\/sv\/wp-json\/wp\/v2\/types\/product"}],"wp:featuredmedia":[{"embeddable":true,"href":"https:\/\/www.raschvin.com\/sv\/wp-json\/wp\/v2\/media\/9591"}],"wp:attachment":[{"href":"https:\/\/www.raschvin.com\/sv\/wp-json\/wp\/v2\/media?parent=16875"}],"wp:term":[{"taxonomy":"product_brand","embeddable":true,"href":"https:\/\/www.raschvin.com\/sv\/wp-json\/wp\/v2\/product_brand?post=16875"},{"taxonomy":"product_cat","embeddable":true,"href":"https:\/\/www.raschvin.com\/sv\/wp-json\/wp\/v2\/product_cat?post=16875"},{"taxonomy":"product_tag","embeddable":true,"href":"https:\/\/www.raschvin.com\/sv\/wp-json\/wp\/v2\/product_tag?post=16875"}],"curies":[{"name":"wp","href":"https:\/\/api.w.org\/{rel}","templated":true}]}}