{"id":16874,"date":"2022-05-30T10:59:20","date_gmt":"2022-05-30T08:59:20","guid":{"rendered":"https:\/\/www.raschvin.com\/vare\/carlshamn-flaggpunsch-original-26\/"},"modified":"2022-11-08T18:27:41","modified_gmt":"2022-11-08T17:27:41","slug":"carlshamn-flaggpunsch-original-26","status":"publish","type":"product","link":"https:\/\/www.raschvin.com\/sv\/produkt\/carlshamn-flaggpunsch-original-26\/","title":{"rendered":"Carlshamn Flaggpunsch Original 50 cl. 26%"},"content":{"rendered":"<p>Carlshamns flaggpunsch h\u00e4rstammar p\u00e5 1700-talet, som handel i East India tog Arrak fr\u00e5n Batavia. Carlshamns Flaggpunsch \u00e4r gjord enligt ett original 19th century recept och har en rik, frisk, full arrak karakt\u00e4r med balanserad s\u00f6tma.<\/p>\n","protected":false},"excerpt":{"rendered":"<p>&#8221;Swedish&#8221; Punsch Liqueur<\/p>\n","protected":false},"featured_media":9578,"template":"","meta":{"_acf_changed":false,"rs_blank_template":"","rs_page_bg_color":"","slide_template_v7":""},"product_brand":[],"product_cat":[4716,2387,2390],"product_tag":[],"class_list":{"0":"post-16874","1":"product","2":"type-product","3":"status-publish","4":"has-post-thumbnail","6":"product_cat-andra-likorer","7":"product_cat-avec-sv","8":"product_cat-sprit","9":"pa_land-sverige-finland-sv","10":"pa_procent-26-sv","11":"pa_volume-50-sv","13":"first","14":"outofstock","15":"taxable","16":"shipping-taxable","17":"purchasable","18":"product-type-simple"},"bundled_by":[],"bundle_stock_status":"outofstock","bundle_stock_quantity":null,"bundle_virtual":false,"bundle_layout":"","bundle_add_to_cart_form_location":"","bundle_editable_in_cart":false,"bundle_sold_individually_context":"","bundle_item_grouping":"","bundle_min_size":"","bundle_max_size":"","bundle_price":[],"bundled_items":[],"bundle_sell_ids":[],"acf":[],"_links":{"self":[{"href":"https:\/\/www.raschvin.com\/sv\/wp-json\/wp\/v2\/product\/16874","targetHints":{"allow":["GET"]}}],"collection":[{"href":"https:\/\/www.raschvin.com\/sv\/wp-json\/wp\/v2\/product"}],"about":[{"href":"https:\/\/www.raschvin.com\/sv\/wp-json\/wp\/v2\/types\/product"}],"wp:featuredmedia":[{"embeddable":true,"href":"https:\/\/www.raschvin.com\/sv\/wp-json\/wp\/v2\/media\/9578"}],"wp:attachment":[{"href":"https:\/\/www.raschvin.com\/sv\/wp-json\/wp\/v2\/media?parent=16874"}],"wp:term":[{"taxonomy":"product_brand","embeddable":true,"href":"https:\/\/www.raschvin.com\/sv\/wp-json\/wp\/v2\/product_brand?post=16874"},{"taxonomy":"product_cat","embeddable":true,"href":"https:\/\/www.raschvin.com\/sv\/wp-json\/wp\/v2\/product_cat?post=16874"},{"taxonomy":"product_tag","embeddable":true,"href":"https:\/\/www.raschvin.com\/sv\/wp-json\/wp\/v2\/product_tag?post=16874"}],"curies":[{"name":"wp","href":"https:\/\/api.w.org\/{rel}","templated":true}]}}