{"id":16872,"date":"2022-05-30T10:57:35","date_gmt":"2022-05-30T08:57:35","guid":{"rendered":"https:\/\/www.raschvin.com\/vare\/lustau-solera-reserva-brandy\/"},"modified":"2022-11-23T19:50:23","modified_gmt":"2022-11-23T18:50:23","slug":"lustau-solera-reserva-brandy","status":"publish","type":"product","link":"https:\/\/www.raschvin.com\/sv\/produkt\/lustau-solera-reserva-brandy\/","title":{"rendered":"Lustau Brandy de Jerez &#8211; Solera Reserva 70 cl. 40%"},"content":{"rendered":"<p>Lagras i genomsnitt 3 \u00e5r i Solera-systemet p\u00e5 tidigare fina Amontillade Sherry Fade har gett en ny Ravgyld-brandy med anteckningar av apelsin, vanilj och anteckningar fr\u00e5n sk\u00e5len. b\u00e5de blommigt och tr\u00e4.<\/p>\n<p>Guldmedalj (b\u00e4st i klassen)<br \/>\nVid internationell vin och spritkonkurrens 2011<br \/>\nGuldmedalj (b\u00e4st i klassen)<br \/>\nVid International Spirit Challenge 2013<br \/>\nGuldmedalj vid Concours Mondial de Bruxelles 2013<\/p>\n<p>Det finns m\u00e5nga andra bra sherryhus, och det finns b\u00e5de st\u00f6rre och mer s\u00e5lda sherryhus. Men &#8211; som konkurrenterna ocks\u00e5 s\u00e4ger &#8211; det \u00e4r LUSTAUs kvalitet, ser alla att g\u00f6ra! F\u00f6retaget, grundat 1896, f\u00f6rv\u00e4rvades 1990 av Vinfirmaet Luis Caballero SA, som b\u00e5da medf\u00f6rde en stor p\u00e5se pengar och optimalt bel\u00e4gna f\u00e4lt f\u00f6r produktion av topp. Husets st\u00f6rsta investering \u00e4r utan tvekan f\u00f6rv\u00e4rvet av Bodega Los Arcos 2002. Los Arcos best\u00e5r faktiskt av sex sm\u00e5 separata Bodegas, s\u00e5 du kan lagra de enskilda produkttyperna, inte bara separat, men ocks\u00e5 i rimliga m\u00e4ngder. Det \u00e4r viktigt att h\u00e5lla de enskilda produkterna separat, som det. \u00e4r bakterier i luften som ger varje sherry sin individuella stil. Druvorna separeras och pressas, varefter syrahalten justeras med vinsyra. Det m\u00e5ste f\u00f6renas i stora st\u00e5ltankar och uppgraderas med druvprit till s\u00e4kringsstyrka (15-15,5%). Vinet \u00e4r placerat p\u00e5 stor blekning, som inte \u00e4r helt fyllt, varigenom det \u00e4r st\u00e4ndigt i kontakt med luft. Normalt skulle vinet omvandlas till \u00e4ttiksyra, men under dessa speciella f\u00f6rh\u00e5llanden bildas en skyddande hud av skum, kallad Flor. Efter denna behandling ing\u00e5r sherry ofta som en del av ett enda system: det h\u00e4r systemet sker enligt f\u00f6ljande: Du tar 1\/6 del av ett 10-\u00e5rigt vin och blanda upp i ett \u00e5r gammalt vin. D\u00e5 finns det ekvivalent 1\/6 del av ett 9-\u00e5rigt vin i och kompletterar den 6-\u00e5riga matr\u00e4tten och sedan fortfarande med en 8-\u00e5rig, 7-\u00e5rig och 6-\u00e5rig. Detta medf\u00f6r att de unga vinerna snabbare tar karakt\u00e4r av ett gammalt vin. Lustau har de senaste \u00e5ren vunnit m\u00e5nga priser f\u00f6r sin kvalitet, inte minst titeln som &#8221;Best Spanish Bodega&#8221;. M\u00e5nga av priserna har g\u00e5tt till Lustaus egna viner, men vissa har ocks\u00e5 g\u00e5tt till huset ber\u00f6mda Almacenista-sherrys. Sm\u00e5, individuella vinodlare s\u00e4ljer sina, ofta mycket nu cancers, vin f\u00f6r lustau. D\u00e4r alla andra sherryhus blandar Almacenistans vin i huset, \u00e4r Lustau det enda huset som l\u00e5ter Almacenista viner f\u00f6rfallna separat. Oavsett Lustau-Sherry v\u00e4ljer du som den f\u00f6rsta bekanta, du \u00e4r inte i tvivel om varf\u00f6r Lustau \u00e4r omr\u00e5dets ledande stj\u00e4rna och &#8221;trends\u00e4ttare&#8221; i resten av v\u00e4rlden!<\/p>\n","protected":false},"excerpt":{"rendered":"<p>Luis Caballero &#8211; Jerez<\/p>\n","protected":false},"featured_media":9558,"template":"","meta":{"_acf_changed":false,"rs_blank_template":"","rs_page_bg_color":"","slide_template_v7":""},"product_brand":[],"product_cat":[2395],"product_tag":[],"class_list":{"0":"post-16872","1":"product","2":"type-product","3":"status-publish","4":"has-post-thumbnail","6":"product_cat-brandy-sv","7":"pa_land-spanien-sv","8":"pa_procent-40-sv-2","9":"pa_producent-luis-caballero-sv","10":"pa_region-jerez-sv","11":"pa_volume-70-sv-2","13":"first","14":"instock","15":"taxable","16":"shipping-taxable","17":"purchasable","18":"product-type-simple"},"bundled_by":[],"bundle_stock_status":"instock","bundle_stock_quantity":null,"bundle_virtual":false,"bundle_layout":"","bundle_add_to_cart_form_location":"","bundle_editable_in_cart":false,"bundle_sold_individually_context":"","bundle_item_grouping":"","bundle_min_size":"","bundle_max_size":"","bundle_price":[],"bundled_items":[],"bundle_sell_ids":[],"acf":[],"_links":{"self":[{"href":"https:\/\/www.raschvin.com\/sv\/wp-json\/wp\/v2\/product\/16872","targetHints":{"allow":["GET"]}}],"collection":[{"href":"https:\/\/www.raschvin.com\/sv\/wp-json\/wp\/v2\/product"}],"about":[{"href":"https:\/\/www.raschvin.com\/sv\/wp-json\/wp\/v2\/types\/product"}],"wp:featuredmedia":[{"embeddable":true,"href":"https:\/\/www.raschvin.com\/sv\/wp-json\/wp\/v2\/media\/9558"}],"wp:attachment":[{"href":"https:\/\/www.raschvin.com\/sv\/wp-json\/wp\/v2\/media?parent=16872"}],"wp:term":[{"taxonomy":"product_brand","embeddable":true,"href":"https:\/\/www.raschvin.com\/sv\/wp-json\/wp\/v2\/product_brand?post=16872"},{"taxonomy":"product_cat","embeddable":true,"href":"https:\/\/www.raschvin.com\/sv\/wp-json\/wp\/v2\/product_cat?post=16872"},{"taxonomy":"product_tag","embeddable":true,"href":"https:\/\/www.raschvin.com\/sv\/wp-json\/wp\/v2\/product_tag?post=16872"}],"curies":[{"name":"wp","href":"https:\/\/api.w.org\/{rel}","templated":true}]}}