{"id":16871,"date":"2022-05-30T10:57:35","date_gmt":"2022-05-30T08:57:35","guid":{"rendered":"https:\/\/www.raschvin.com\/vare\/silvio-carta-gillo-38-100-cl\/"},"modified":"2022-12-06T21:01:51","modified_gmt":"2022-12-06T20:01:51","slug":"silvio-carta-gillo-38-100-cl","status":"publish","type":"product","link":"https:\/\/www.raschvin.com\/sv\/produkt\/silvio-carta-gillo-38-100-cl\/","title":{"rendered":"Silvio Carta Gillo Gin 100 cl. 38%"},"content":{"rendered":"<p>Den klara ginen har en helt klassisk, distinkt, aromatisk anteckning av sardiska botaniska \u00e4mnen. P\u00e5 tungan f\u00e5r du en helt mjuk ginupplevelse med en klassisk, kryddig smak och eftersmak i Enebars lite balsamiska touch med en saltkontakt fr\u00e5n det n\u00e4rbel\u00e4gna havet.<\/p>\n<p>Silvio Carta g\u00f6r fascinerande gin och lik\u00f6rer p\u00e5 den italienska \u00f6n Sardinien. Silvio b\u00f6rjade ursprungligen g\u00f6ra vitt vin p\u00e5 Vernaccia-druvan i b\u00f6rjan av 1950-talet. Men det \u00e4r deras andar och lik\u00f6rer som f\u00e5ngade v\u00e5r uppm\u00e4rksamhet! Detsamma g\u00e4ller f\u00f6r resten av v\u00e4rlden, och Silvios gin \u00e4r ocks\u00e5 mycket varmt mottaget av den ber\u00f6mda italienska vinstocken, Gambero Rosso. Silvio, som startade f\u00f6retaget, driver idag produktion med Son Elio. De f\u00f6renar anm\u00e4rkningsv\u00e4rt traditionerna inom f\u00f6rnyelse och innovation. En kvalitet inte alla kan skapa och balansera. Silvio Carta \u00e4r mer \u00e4n gin och lik\u00f6r; Det handlar ocks\u00e5 om kultur och tradition. Huset \u00e4r baserat p\u00e5 de lokala och anv\u00e4nder ingredienser som \u00e4r ganska speciella f\u00f6r \u00f6n, i sin produktion av fantastiska andar. Produkterna speglar d\u00e4rf\u00f6r en mycket speciell plats. De g\u00f6r t.ex. Deras olika gin p\u00e5 den lokala enb\u00e4r som v\u00e4xer i omr\u00e5det. Vidare anv\u00e4nder Silvio Carta lokala kryddor och v\u00e4xter som myrte, salvia och lentischio f\u00f6r b\u00e5de deras lik\u00f6rer och olika gin. Ingredienser vi kanske inte har h\u00f6rt talas om tidigare, men som l\u00e4gger till en mycket speciell karakt\u00e4r f\u00f6r andarna. Dessa \u00e4r unika f\u00f6r omr\u00e5det och v\u00e4xer i sj\u00f6fartsklimatet l\u00e4ngs den bl\u00e5 sardiska kusten. De mogna b\u00e4ren fr\u00e5n mythplanten anv\u00e4nds ocks\u00e5 traditionellt f\u00f6r att g\u00f6ra den lokala lik\u00f6ren, mirto.<\/p>\n","protected":false},"excerpt":{"rendered":"<p> Quality Italian Dry Gin<\/p>\n","protected":false},"featured_media":9554,"template":"","meta":{"_acf_changed":false,"rs_blank_template":"","rs_page_bg_color":"","slide_template_v7":""},"product_brand":[],"product_cat":[4711,2404,2402],"product_tag":[],"class_list":{"0":"post-16871","1":"product","2":"type-product","3":"status-publish","4":"has-post-thumbnail","6":"product_cat-andra-gins","7":"product_cat-gin-sv","8":"product_cat-sprit-sv","9":"pa_land-italien-sv","10":"pa_procent-38-sv","11":"pa_producent-silvio-carta-sv","12":"pa_region-sardinien-sv","13":"pa_volume-100-sv","15":"first","16":"instock","17":"sale","18":"taxable","19":"shipping-taxable","20":"purchasable","21":"product-type-simple"},"bundled_by":[],"bundle_stock_status":"instock","bundle_stock_quantity":null,"bundle_virtual":false,"bundle_layout":"","bundle_add_to_cart_form_location":"","bundle_editable_in_cart":false,"bundle_sold_individually_context":"","bundle_item_grouping":"","bundle_min_size":"","bundle_max_size":"","bundle_price":[],"bundled_items":[],"bundle_sell_ids":[],"acf":[],"_links":{"self":[{"href":"https:\/\/www.raschvin.com\/sv\/wp-json\/wp\/v2\/product\/16871","targetHints":{"allow":["GET"]}}],"collection":[{"href":"https:\/\/www.raschvin.com\/sv\/wp-json\/wp\/v2\/product"}],"about":[{"href":"https:\/\/www.raschvin.com\/sv\/wp-json\/wp\/v2\/types\/product"}],"wp:featuredmedia":[{"embeddable":true,"href":"https:\/\/www.raschvin.com\/sv\/wp-json\/wp\/v2\/media\/9554"}],"wp:attachment":[{"href":"https:\/\/www.raschvin.com\/sv\/wp-json\/wp\/v2\/media?parent=16871"}],"wp:term":[{"taxonomy":"product_brand","embeddable":true,"href":"https:\/\/www.raschvin.com\/sv\/wp-json\/wp\/v2\/product_brand?post=16871"},{"taxonomy":"product_cat","embeddable":true,"href":"https:\/\/www.raschvin.com\/sv\/wp-json\/wp\/v2\/product_cat?post=16871"},{"taxonomy":"product_tag","embeddable":true,"href":"https:\/\/www.raschvin.com\/sv\/wp-json\/wp\/v2\/product_tag?post=16871"}],"curies":[{"name":"wp","href":"https:\/\/api.w.org\/{rel}","templated":true}]}}