{"id":16861,"date":"2022-05-30T10:55:50","date_gmt":"2022-05-30T08:55:50","guid":{"rendered":"https:\/\/www.raschvin.com\/vare\/ron-alegre-seleccion-de-familia-x-o\/"},"modified":"2022-12-03T07:39:41","modified_gmt":"2022-12-03T06:39:41","slug":"ron-alegre-seleccion-de-familia-x-o","status":"publish","type":"product","link":"https:\/\/www.raschvin.com\/sv\/produkt\/ron-alegre-seleccion-de-familia-x-o\/","title":{"rendered":"Ron Alegre Selecci\u00f3n de Familia X.Ron Alegre Selecci\u00f3n de Familia XO 70 cl. 40%"},"content":{"rendered":"<p>En \u00e4kta, Xo (extra gammal) Dominikanska republiken Rom, Ron Alegre \u00e4r i 10 \u00e5r i amerikanska ex-sherry-r\u00e4tter. Den har en h\u00e4rlig mahognyf\u00e4rg, en harmonisk, balanserad bukett med tips av plommon eau-de-vie och brandy k\u00f6rsb\u00e4r, vit frukt och rostat socker. I munnen, den raffinerade, sl\u00e4ta och silkeslen. Trots att du \u00e4r en gammal Rom, kommer du snart att h\u00e4lla ett glas p\u00e5 hans friskhet &#8230;<\/p>\n<p>Ron Alegre \u00e4r hur vi forts\u00e4tter v\u00e5r passion f\u00f6r ett tidsbest\u00e4mt yrke, n\u00e5got vi k\u00e4nner oss s\u00e5 starka att vi helt enkelt m\u00e5ste dela det med v\u00e4rlden. Rom har varit en del av v\u00e5r livsstil sedan 1910, \u00e5ret d\u00e5 v\u00e5r familj b\u00f6rjade producera den mest k\u00e4nda kubanska Rom i Europa. \u00c4nda sedan vi vet att detta var v\u00e5rt \u00f6de.<\/p>\n","protected":false},"excerpt":{"rendered":"<p>Dominican Republic Premium Aged Rum<\/p>\n","protected":false},"featured_media":9463,"template":"","meta":{"_acf_changed":false,"rs_blank_template":"","rs_page_bg_color":"","slide_template_v7":""},"product_brand":[],"product_cat":[2387,4634,2391],"product_tag":[],"class_list":{"0":"post-16861","1":"product","2":"type-product","3":"status-publish","4":"has-post-thumbnail","6":"product_cat-avec-sv","7":"product_cat-premium-aged-sv","8":"product_cat-rom-sv","9":"pa_land-dominikanska-republiken","10":"pa_procent-40-sv-2","11":"pa_producent-alegre-sv","12":"pa_volume-70-sv-2","14":"first","15":"instock","16":"sale","17":"taxable","18":"shipping-taxable","19":"purchasable","20":"product-type-simple"},"bundled_by":[],"bundle_stock_status":"instock","bundle_stock_quantity":null,"bundle_virtual":false,"bundle_layout":"","bundle_add_to_cart_form_location":"","bundle_editable_in_cart":false,"bundle_sold_individually_context":"","bundle_item_grouping":"","bundle_min_size":"","bundle_max_size":"","bundle_price":[],"bundled_items":[],"bundle_sell_ids":[],"acf":[],"_links":{"self":[{"href":"https:\/\/www.raschvin.com\/sv\/wp-json\/wp\/v2\/product\/16861","targetHints":{"allow":["GET"]}}],"collection":[{"href":"https:\/\/www.raschvin.com\/sv\/wp-json\/wp\/v2\/product"}],"about":[{"href":"https:\/\/www.raschvin.com\/sv\/wp-json\/wp\/v2\/types\/product"}],"wp:featuredmedia":[{"embeddable":true,"href":"https:\/\/www.raschvin.com\/sv\/wp-json\/wp\/v2\/media\/9463"}],"wp:attachment":[{"href":"https:\/\/www.raschvin.com\/sv\/wp-json\/wp\/v2\/media?parent=16861"}],"wp:term":[{"taxonomy":"product_brand","embeddable":true,"href":"https:\/\/www.raschvin.com\/sv\/wp-json\/wp\/v2\/product_brand?post=16861"},{"taxonomy":"product_cat","embeddable":true,"href":"https:\/\/www.raschvin.com\/sv\/wp-json\/wp\/v2\/product_cat?post=16861"},{"taxonomy":"product_tag","embeddable":true,"href":"https:\/\/www.raschvin.com\/sv\/wp-json\/wp\/v2\/product_tag?post=16861"}],"curies":[{"name":"wp","href":"https:\/\/api.w.org\/{rel}","templated":true}]}}