{"id":16858,"date":"2022-05-30T10:55:50","date_gmt":"2022-05-30T08:55:50","guid":{"rendered":"https:\/\/www.raschvin.com\/vare\/few-bourbon\/"},"modified":"2023-03-23T08:04:37","modified_gmt":"2023-03-23T07:04:37","slug":"few-bourbon","status":"publish","type":"product","link":"https:\/\/www.raschvin.com\/sv\/produkt\/few-bourbon\/","title":{"rendered":"FEW Bourbon 70 cl. 46,5%"},"content":{"rendered":"<p>En riktigt trevlig Bourbon whisky fr\u00e5n f\u00e5 i Chicago, gjord p\u00e5 70% lokalt odlad majs, 20% r\u00e5g och 10% korn. Den fermenterade med en noggrant vald j\u00e4ststam, som vanligtvis anv\u00e4nds f\u00f6r Saison-\u00f6l, som f\u00e5 s\u00e4ger ger en dyr, kryddig karakt\u00e4r. Det harmoniserar verkligen Bourbons vaniljb\u00e4ddar och l\u00e4tta karamelller. Ett fl\u00e4ckskott fr\u00e5n Chicago om bara sedan Michael Jordans spelvinnare mot Utah Jazz i NBA-finalen 1998!<\/p>\n<p>F\u00e4rg: M\u00f6rk Amber.<br \/>\nFragrance: Ah, r\u00e4tt anteckningar av godis socker och brunt farin, sm\u00e4lt sm\u00f6r, en k\u00e4nsla av \u00e4ppelkaka, vaniljst\u00e5ng, peppar och popcorn.<br \/>\nSmak Anm\u00e4rkningar: P\u00e5 tungan \u00e4r whiskyen runt och mjuk &#8211; ingen alkohol sticker ut &#8211; men med mycket smak. Anteckningar av cinnamin socker, majs, vanilj och k\u00f6rsb\u00e4r. Efter magan \u00e4r relativt l\u00e5ng, kryddig och med trevlig torrhet.<\/p>\n<p>Serveringsf\u00f6rslag: kan avnjutas ren eller i cocktails, som gammaldags eller boulevardier.<\/p>\n<p>F\u00e5 andar \u00e4r ett &#8221;korn-till-glas&#8221; destilleri i Chicago, Illinois. Beteckningen \u00e4r den stolta \u00f6ver &#8211; att vara h\u00e4nderna p\u00e5 hela processen \u00e4r inte vardagsliv i modernt whisky landskap. F\u00e5 startades 2011 av Paul Hlemko. Hans morf\u00f6r\u00e4ldrar \u00e4gde ett bryggeri i Tjeckien, som &#8221;beslagtagits&#8221; av nazisterna under andra v\u00e4rldskriget och att hedra sitt minne gick han ocks\u00e5 in i alkoholindustrin. Det borde emellertid inte vara ganska detsamma, f\u00f6r att Paulus alltid f\u00f6rs\u00f6ker nya horisonter, s\u00e5 b\u00f6rjade han ist\u00e4llet ett destilleri i Evanston &#8211; och trots att denna stad var centrum f\u00f6r kampen mot alkohol under f\u00f6rbudet. Faktum \u00e4r att staden drogs upp till 1972! F\u00e5 andar blev den f\u00f6rsta juridiska alkoholproduktionen i staden n\u00e5gonsin.<\/p>\n<p>De sm\u00e5 destilleriet rymmer tre pot stills, och b\u00e5de Bourbon, Rye, singel malt och en m\u00e4ngd gins &#8211; allt med kvalitet och det goda hantverket i \u00e5tanke.<\/p>\n","protected":false},"excerpt":{"rendered":"<p>American Bourbon<\/p>\n","protected":false},"featured_media":9424,"template":"","meta":{"_acf_changed":false,"rs_blank_template":"","rs_page_bg_color":"","slide_template_v7":""},"product_brand":[],"product_cat":[4657,2387,2392],"product_tag":[],"class_list":{"0":"post-16858","1":"product","2":"type-product","3":"status-publish","4":"has-post-thumbnail","6":"product_cat-american-bourbon-sv","7":"product_cat-avec-sv","8":"product_cat-whisky-sv","9":"pa_land-usa-sv","10":"pa_procent-46-5-sv","11":"pa_producent-few-sv","12":"pa_region-illinois-sv","13":"pa_volume-70-sv-2","15":"first","16":"instock","17":"taxable","18":"shipping-taxable","19":"purchasable","20":"product-type-simple"},"bundled_by":[],"bundle_stock_status":"instock","bundle_stock_quantity":null,"bundle_virtual":false,"bundle_layout":"","bundle_add_to_cart_form_location":"","bundle_editable_in_cart":false,"bundle_sold_individually_context":"","bundle_item_grouping":"","bundle_min_size":"","bundle_max_size":"","bundle_price":[],"bundled_items":[],"bundle_sell_ids":[],"acf":[],"_links":{"self":[{"href":"https:\/\/www.raschvin.com\/sv\/wp-json\/wp\/v2\/product\/16858","targetHints":{"allow":["GET"]}}],"collection":[{"href":"https:\/\/www.raschvin.com\/sv\/wp-json\/wp\/v2\/product"}],"about":[{"href":"https:\/\/www.raschvin.com\/sv\/wp-json\/wp\/v2\/types\/product"}],"wp:featuredmedia":[{"embeddable":true,"href":"https:\/\/www.raschvin.com\/sv\/wp-json\/wp\/v2\/media\/9424"}],"wp:attachment":[{"href":"https:\/\/www.raschvin.com\/sv\/wp-json\/wp\/v2\/media?parent=16858"}],"wp:term":[{"taxonomy":"product_brand","embeddable":true,"href":"https:\/\/www.raschvin.com\/sv\/wp-json\/wp\/v2\/product_brand?post=16858"},{"taxonomy":"product_cat","embeddable":true,"href":"https:\/\/www.raschvin.com\/sv\/wp-json\/wp\/v2\/product_cat?post=16858"},{"taxonomy":"product_tag","embeddable":true,"href":"https:\/\/www.raschvin.com\/sv\/wp-json\/wp\/v2\/product_tag?post=16858"}],"curies":[{"name":"wp","href":"https:\/\/api.w.org\/{rel}","templated":true}]}}