{"id":16857,"date":"2022-05-30T10:55:50","date_gmt":"2022-05-30T08:55:50","guid":{"rendered":"https:\/\/www.raschvin.com\/vare\/few-rye\/"},"modified":"2023-03-23T08:07:23","modified_gmt":"2023-03-23T07:07:23","slug":"few-rye","status":"publish","type":"product","link":"https:\/\/www.raschvin.com\/sv\/produkt\/few-rye\/","title":{"rendered":"FEW Rye 70 cl. 46,5%"},"content":{"rendered":"<p>93 Point \/ Excellent &#8211; Ultimate Spirits Challenge 2019<\/p>\n<p>F\u00e5 r\u00e5g \u00e4r en whisky fr\u00e5n Chicago av 70% r\u00e5g, 20% (lokal) majs och 10% korn. F\u00f6r deras r\u00e5g anv\u00e4nder f\u00e5 en mycket speciell j\u00e4ststam isolerad fr\u00e5n Loire i Frankrike, d\u00e4r den vanligtvis anv\u00e4nds f\u00f6r vinproduktion. Resultatet \u00e4r en fruktig, rik och lyxig andar med en karakteristisk, kryddig spark fr\u00e5n ruggen. Den tappas till 46,5% &#8211; en ganska perfekt niv\u00e5 om du fr\u00e5gar oss var whiskyen \u00e4r l\u00e4tt att dricka utan att f\u00f6rlora makt eller djup.<\/p>\n<p>F\u00e4rg: Djup Amber.<br \/>\nFragrance: Riktigt fin doft av bakade \u00e4pplen, p\u00e4ron, vanilj, kardemumma och peppar.<br \/>\nSmak Anm\u00e4rkningar: Smaken \u00e4r djup, b\u00e5de kryddig och l\u00e4tt s\u00f6t, med anteckningar av apelsinskal, rostad ek, vanilj och rosmarin.<\/p>\n<p>Serveringsf\u00f6rslag: kan avnjutas ren eller p\u00e5 en suver\u00e4n manhattan!<\/p>\n<p>F\u00e5 andar \u00e4r ett &#8221;korn-till-glas&#8221; destilleri i Chicago, Illinois. Beteckningen \u00e4r den stolta \u00f6ver &#8211; att vara h\u00e4nderna p\u00e5 hela processen \u00e4r inte vardagsliv i modernt whisky landskap. F\u00e5 startades 2011 av Paul Hlemko. Hans morf\u00f6r\u00e4ldrar \u00e4gde ett bryggeri i Tjeckien, som &#8221;beslagtagits&#8221; av nazisterna under andra v\u00e4rldskriget och att hedra sitt minne gick han ocks\u00e5 in i alkoholindustrin. Det borde emellertid inte vara ganska detsamma, f\u00f6r att Paulus alltid f\u00f6rs\u00f6ker nya horisonter, s\u00e5 b\u00f6rjade han ist\u00e4llet ett destilleri i Evanston &#8211; och trots att denna stad var centrum f\u00f6r kampen mot alkohol under f\u00f6rbudet. Faktum \u00e4r att staden drogs upp till 1972! F\u00e5 andar blev den f\u00f6rsta juridiska alkoholproduktionen i staden n\u00e5gonsin.<\/p>\n<p>De sm\u00e5 destilleriet rymmer tre pot stills, och b\u00e5de Bourbon, Rye, singel malt och en m\u00e4ngd gins &#8211; allt med kvalitet och det goda hantverket i \u00e5tanke.<\/p>\n","protected":false},"excerpt":{"rendered":"<p>American Rye<\/p>\n","protected":false},"featured_media":9411,"template":"","meta":{"_acf_changed":false,"rs_blank_template":"","rs_page_bg_color":"","slide_template_v7":""},"product_brand":[],"product_cat":[4657,2387,4663,2392],"product_tag":[],"class_list":{"0":"post-16857","1":"product","2":"type-product","3":"status-publish","4":"has-post-thumbnail","6":"product_cat-american-bourbon-sv","7":"product_cat-avec-sv","8":"product_cat-rye-sv","9":"product_cat-whisky-sv","10":"pa_land-usa-sv","11":"pa_procent-46-5-sv","12":"pa_producent-few-sv","13":"pa_region-illinois-sv","14":"pa_volume-70-sv-2","16":"first","17":"instock","18":"taxable","19":"shipping-taxable","20":"purchasable","21":"product-type-simple"},"bundled_by":[],"bundle_stock_status":"instock","bundle_stock_quantity":null,"bundle_virtual":false,"bundle_layout":"","bundle_add_to_cart_form_location":"","bundle_editable_in_cart":false,"bundle_sold_individually_context":"","bundle_item_grouping":"","bundle_min_size":"","bundle_max_size":"","bundle_price":[],"bundled_items":[],"bundle_sell_ids":[],"acf":[],"_links":{"self":[{"href":"https:\/\/www.raschvin.com\/sv\/wp-json\/wp\/v2\/product\/16857","targetHints":{"allow":["GET"]}}],"collection":[{"href":"https:\/\/www.raschvin.com\/sv\/wp-json\/wp\/v2\/product"}],"about":[{"href":"https:\/\/www.raschvin.com\/sv\/wp-json\/wp\/v2\/types\/product"}],"wp:featuredmedia":[{"embeddable":true,"href":"https:\/\/www.raschvin.com\/sv\/wp-json\/wp\/v2\/media\/9411"}],"wp:attachment":[{"href":"https:\/\/www.raschvin.com\/sv\/wp-json\/wp\/v2\/media?parent=16857"}],"wp:term":[{"taxonomy":"product_brand","embeddable":true,"href":"https:\/\/www.raschvin.com\/sv\/wp-json\/wp\/v2\/product_brand?post=16857"},{"taxonomy":"product_cat","embeddable":true,"href":"https:\/\/www.raschvin.com\/sv\/wp-json\/wp\/v2\/product_cat?post=16857"},{"taxonomy":"product_tag","embeddable":true,"href":"https:\/\/www.raschvin.com\/sv\/wp-json\/wp\/v2\/product_tag?post=16857"}],"curies":[{"name":"wp","href":"https:\/\/api.w.org\/{rel}","templated":true}]}}