{"id":16856,"date":"2022-05-30T10:55:50","date_gmt":"2022-05-30T08:55:50","guid":{"rendered":"https:\/\/www.raschvin.com\/vare\/black-tot-navy-rum-last-consignment\/"},"modified":"2022-10-26T20:05:14","modified_gmt":"2022-10-26T18:05:14","slug":"black-tot-navy-rum-last-consignment","status":"publish","type":"product","link":"https:\/\/www.raschvin.com\/sv\/produkt\/black-tot-navy-rum-last-consignment\/","title":{"rendered":"Black Tot Navy Rum Last Consignment 70 cl. 54,3%"},"content":{"rendered":"<p>N\u00e4r det brittiska parlamentet r\u00f6stade f\u00f6r att avskaffa flottans dagliga dosering av Rom 1970, senast den 31 juli &#8211; bara 6 m\u00e5l dagar efter omr\u00f6stningen. Naturligtvis kunde man inte n\u00e5 f\u00f6r att dricka hela flottans enorma inventering av Rom vid den tiden (\u00e4ven om vissa f\u00f6rmodligen f\u00f6rs\u00f6kt) och resten lagrades. Black Tot sista s\u00e4ndningen kommer fr\u00e5n de ursprungliga stengodsflakonerna som fylldes efter Black Tot Day, s\u00e5 h\u00e4r f\u00e5r du chansen att smaka p\u00e5 den ursprungliga Navy-Rom. Flytande historia, helt enkelt.<\/p>\n<p>F\u00e4rg: Ljus mahogny.<br \/>\nDoft: full och komplex doft av kryddor som nellike, svartpeppar och kanel, m\u00f6rka b\u00e4r, melass och balsamic.<br \/>\nSmak Anm\u00e4rkningar: St\u00e4ng och intensiv med enorma m\u00e5nga lager. Hints av tobak, melass, lakrits, m\u00f6rka kryddor och en touch av kaffe i eftersmaken.<\/p>\n<p>Serveringsf\u00f6rslag: b\u00f6r avnjutas ren.<\/p>\n<p>Namnet Black Tot v\u00e4cker en speciell k\u00e4nsla som lever i historiens intresserade rumsfans. Namnet kommer fr\u00e5n den \u00f6desdigra svarta Tot Day &#8211; 31 juli 1970 &#8211; Vem var den dag d\u00e5 den brittiska flottan f\u00f6r sista g\u00e5ngen slutf\u00f6rde hundratals \u00e5r gammal tradition med dagliga dispensationer av Rom. Vid denna tidpunkt hade det g\u00e5tt upp till majoriteten att en daglig lossning p\u00e5 7 cl starka Rom (54,5%) var of\u00f6renlig med atomiserade ub\u00e5tar och missiler.<br \/>\n  Fr\u00e5n och med d\u00e5 fylldes flottan kvarvarande ROM-butiken p\u00e5 stengodsflakoner och lagrades, endast f\u00f6r anv\u00e4ndning vid speciella tillf\u00e4llen som kungliga br\u00f6llop eller diplomatiska h\u00e4ndelser. Och s\u00e5 gl\u00f6mdes flottfickan mer eller mindre i decennier, tills Sukhinder Singh fr\u00e5n Elixir Distillers (se nedan) fick fingrarna i ett par av de ursprungliga flakonerna med den \u00e4kta Navy-Rome fr\u00e5n 1970. Den s\u00e4llsynta marinen-Romen tappades Under namnet Black Tot och senast skapade Sukhinder och laget bakom Elixir Distillers ocks\u00e5 en modern blandning, inspirerad av den gamla, ursprungliga Rom.<\/p>\n<p>Blender och beslutsfall Elixir Distillers grundas av de tv\u00e5 br\u00f6d Sukhinder och Rajbir Singh, som ocks\u00e5 ligger bakom aff\u00e4ren Whisky Exchange. De spenderar sin stora erfarenhet fr\u00e5n praktiskt taget alla h\u00f6rn av spritv\u00e4rlden f\u00f6r att sl\u00e5 samman den traditionella hantverket med en om\u00e4ttlig hunger efter att ha experimenterat och f\u00f6rnyat. Huvudfokus \u00e4r bara avsett p\u00e5 skotsk whisky, men \u00e4ven japanska, irl\u00e4ndska och amerikanska whisky och tequila och Rom har hittat sig i Elixir Distillers vackert utformade flaskor. Bland de mest anm\u00e4rkningsv\u00e4rda varum\u00e4rkena hittar vi Elements of Islay, Port Askaig, Single Malts of Scotland och Black Tot.<\/p>\n<p>Ursprungligen kallade specialdrycker, och namnet \u00e4ndrats f\u00f6rst till Elixir Distillers \u00e5r 2017 &#8211; men om de tv\u00e5 br\u00f6derna bl\u00e4ndar och trycker p\u00e5 whisky, vart kommer &#8221;destiller&#8221; del i? Tja, 2018, meddelade planerna att bygga ett nytt destilleri p\u00e5 Islays South Coast. Framtiden ser ljus ut bredvid fans av r\u00f6k och torv!<\/p>\n","protected":false},"excerpt":{"rendered":"<p>Caribbean Premium Aged Rum<\/p>\n","protected":false},"featured_media":9398,"template":"","meta":{"_acf_changed":false,"rs_blank_template":"","rs_page_bg_color":"","slide_template_v7":""},"product_brand":[],"product_cat":[2387,4634,2391],"product_tag":[],"class_list":{"0":"post-16856","1":"product","2":"type-product","3":"status-publish","4":"has-post-thumbnail","6":"product_cat-avec-sv","7":"product_cat-premium-aged-sv","8":"product_cat-rom-sv","9":"pa_champagne-type-single-cask-sv","10":"pa_land-guyana-sv","11":"pa_procent-54-3-sv","12":"pa_producent-elixir-distillers-sv","13":"pa_volume-70-sv-2","15":"first","16":"instock","17":"taxable","18":"shipping-taxable","19":"purchasable","20":"product-type-simple"},"bundled_by":[],"bundle_stock_status":"instock","bundle_stock_quantity":null,"bundle_virtual":false,"bundle_layout":"","bundle_add_to_cart_form_location":"","bundle_editable_in_cart":false,"bundle_sold_individually_context":"","bundle_item_grouping":"","bundle_min_size":"","bundle_max_size":"","bundle_price":[],"bundled_items":[],"bundle_sell_ids":[],"acf":[],"_links":{"self":[{"href":"https:\/\/www.raschvin.com\/sv\/wp-json\/wp\/v2\/product\/16856","targetHints":{"allow":["GET"]}}],"collection":[{"href":"https:\/\/www.raschvin.com\/sv\/wp-json\/wp\/v2\/product"}],"about":[{"href":"https:\/\/www.raschvin.com\/sv\/wp-json\/wp\/v2\/types\/product"}],"wp:featuredmedia":[{"embeddable":true,"href":"https:\/\/www.raschvin.com\/sv\/wp-json\/wp\/v2\/media\/9398"}],"wp:attachment":[{"href":"https:\/\/www.raschvin.com\/sv\/wp-json\/wp\/v2\/media?parent=16856"}],"wp:term":[{"taxonomy":"product_brand","embeddable":true,"href":"https:\/\/www.raschvin.com\/sv\/wp-json\/wp\/v2\/product_brand?post=16856"},{"taxonomy":"product_cat","embeddable":true,"href":"https:\/\/www.raschvin.com\/sv\/wp-json\/wp\/v2\/product_cat?post=16856"},{"taxonomy":"product_tag","embeddable":true,"href":"https:\/\/www.raschvin.com\/sv\/wp-json\/wp\/v2\/product_tag?post=16856"}],"curies":[{"name":"wp","href":"https:\/\/api.w.org\/{rel}","templated":true}]}}