{"id":16855,"date":"2022-05-30T10:55:50","date_gmt":"2022-05-30T08:55:50","guid":{"rendered":"https:\/\/www.raschvin.com\/vare\/black-tot-40-years-demerara-c-s-rum\/"},"modified":"2022-10-26T19:54:40","modified_gmt":"2022-10-26T17:54:40","slug":"black-tot-40-years-demerara-c-s-rum","status":"publish","type":"product","link":"https:\/\/www.raschvin.com\/sv\/produkt\/black-tot-40-years-demerara-c-s-rum\/","title":{"rendered":"Black Tot 40 Years Demerara Rum 44,2% 70 cl."},"content":{"rendered":"<p>Black Tot Rare Old i \u00e5ldern 40 \u00e5r \u00e4r n\u00e5got som s\u00e4llsynt som en 40-\u00e5rig Rom fr\u00e5n Guyana. Det var destillerat tillbaka 1975! Rummet \u00e4r en slags eftertr\u00e4dare till Black Tot sista s\u00e4ndningen, och \u00e4ven om den brittiska flottan f\u00f6rmodligen s\u00e4llan serveras ren guyana-rome (och sedan alls i den h\u00e4r \u00e5ldern), tror vi s\u00e4kert att det \u00e4r en v\u00e4rdig eftertr\u00e4dare. M\u00f6rk, kraftfull och koncentrerad som f\u00e5 andra! Rummet \u00e4r naturligtvis tappad av Fadan styrka, som i det h\u00e4r fallet har kommit ner vid 44,2% alkohol.<\/p>\n<p>F\u00e4rg: St\u00e4ng mahogny.<br \/>\nDoft: n\u00e4ra doft av lakrits, stj\u00e4rnanis, svartpeppar, br\u00e4nd ek och melass. Riktigt m\u00e5nga lager! Baker filt cigarr r\u00f6k och tj\u00e4ra. Tunga saker.<br \/>\nSmak: Superconcentrated med massor av melass, ek, tobak, lakrits, br\u00e4nd kanel och n\u00e4stan alla kryddor vi kan t\u00e4nka p\u00e5.<\/p>\n<p>Serveringsf\u00f6rslag: b\u00f6r avnjutas ren.<\/p>\n<p>Namnet Black Tot v\u00e4cker en speciell k\u00e4nsla som lever i historiens intresserade rumsfans. Namnet kommer fr\u00e5n den \u00f6desdigra svarta Tot Day &#8211; 31 juli 1970 &#8211; Vem var den dag d\u00e5 den brittiska flottan f\u00f6r sista g\u00e5ngen slutf\u00f6rde hundratals \u00e5r gammal tradition med dagliga dispensationer av Rom. Vid denna tidpunkt hade det g\u00e5tt upp till majoriteten att ett dagligt byte av 7 cl starkt Rom (54,5%) var of\u00f6renligt med atomiserade ub\u00e5tar och missiler, och fr\u00e5n den \u00e5terst\u00e5ende ROM-butiken fylldes p\u00e5 stengodsflakoner och lagrade, endast f\u00f6r Anv\u00e4nds vid speciella tillf\u00e4llen som kungliga br\u00f6llop eller diplomatiska h\u00e4ndelser. Och s\u00e5 gl\u00f6mdes flottfickan mer eller mindre i decennier, tills Sukhinder Singh fr\u00e5n Elixir Distillers (se nedan) fick fingrarna i ett par av de ursprungliga flakonerna med den \u00e4kta Navy-Rome fr\u00e5n 1970. Den s\u00e4llsynta marinen-Romen tappades Under namnet Black Tot och senast skapade Sukhinder och laget bakom Elixir Distillers ocks\u00e5 en modern blandning, inspirerad av den gamla, ursprungliga Rom.<\/p>\n<p>Blender och beslutsfall Elixir Distillers grundas av de tv\u00e5 br\u00f6d Sukhinder och Rajbir Singh, som ocks\u00e5 ligger bakom aff\u00e4ren Whisky Exchange. De spenderar sin stora erfarenhet fr\u00e5n praktiskt taget alla h\u00f6rn av spritv\u00e4rlden f\u00f6r att sl\u00e5 samman den traditionella hantverket med en om\u00e4ttlig hunger efter att ha experimenterat och f\u00f6rnyat. Huvudfokus \u00e4r bara avsett p\u00e5 skotsk whisky, men \u00e4ven japanska, irl\u00e4ndska och amerikanska whisky och tequila och Rom har hittat sig i Elixir Distillers vackert utformade flaskor. Bland de mest anm\u00e4rkningsv\u00e4rda varum\u00e4rkena hittar vi Elements of Islay, Port Askaig, Single Malts of Scotland och Black Tot.<\/p>\n<p>Ursprungligen kallade specialdrycker, och namnet \u00e4ndrats f\u00f6rst till Elixir Distillers \u00e5r 2017 &#8211; men om de tv\u00e5 br\u00f6derna bl\u00e4ndar och trycker p\u00e5 whisky, vart kommer &#8221;destiller&#8221; del i? Tja, 2018, meddelade planerna att bygga ett nytt destilleri p\u00e5 Islays South Coast. Framtiden ser ljus ut bredvid fans av r\u00f6k och torv!<\/p>\n","protected":false},"excerpt":{"rendered":"<p>Guyana Single Cask Premium Rum<\/p>\n","protected":false},"featured_media":9385,"template":"","meta":{"_acf_changed":false,"rs_blank_template":"","rs_page_bg_color":"","slide_template_v7":""},"product_brand":[],"product_cat":[2387,4634,2391],"product_tag":[],"class_list":{"0":"post-16855","1":"product","2":"type-product","3":"status-publish","4":"has-post-thumbnail","6":"product_cat-avec-sv","7":"product_cat-premium-aged-sv","8":"product_cat-rom-sv","9":"pa_land-guyana-sv","10":"pa_procent-44-2-sv","11":"pa_producent-elixir-distillers-sv","12":"pa_volume-70-sv-2","14":"first","15":"instock","16":"taxable","17":"shipping-taxable","18":"purchasable","19":"product-type-simple"},"bundled_by":[],"bundle_stock_status":"instock","bundle_stock_quantity":null,"bundle_virtual":false,"bundle_layout":"","bundle_add_to_cart_form_location":"","bundle_editable_in_cart":false,"bundle_sold_individually_context":"","bundle_item_grouping":"","bundle_min_size":"","bundle_max_size":"","bundle_price":[],"bundled_items":[],"bundle_sell_ids":[],"acf":[],"_links":{"self":[{"href":"https:\/\/www.raschvin.com\/sv\/wp-json\/wp\/v2\/product\/16855","targetHints":{"allow":["GET"]}}],"collection":[{"href":"https:\/\/www.raschvin.com\/sv\/wp-json\/wp\/v2\/product"}],"about":[{"href":"https:\/\/www.raschvin.com\/sv\/wp-json\/wp\/v2\/types\/product"}],"wp:featuredmedia":[{"embeddable":true,"href":"https:\/\/www.raschvin.com\/sv\/wp-json\/wp\/v2\/media\/9385"}],"wp:attachment":[{"href":"https:\/\/www.raschvin.com\/sv\/wp-json\/wp\/v2\/media?parent=16855"}],"wp:term":[{"taxonomy":"product_brand","embeddable":true,"href":"https:\/\/www.raschvin.com\/sv\/wp-json\/wp\/v2\/product_brand?post=16855"},{"taxonomy":"product_cat","embeddable":true,"href":"https:\/\/www.raschvin.com\/sv\/wp-json\/wp\/v2\/product_cat?post=16855"},{"taxonomy":"product_tag","embeddable":true,"href":"https:\/\/www.raschvin.com\/sv\/wp-json\/wp\/v2\/product_tag?post=16855"}],"curies":[{"name":"wp","href":"https:\/\/api.w.org\/{rel}","templated":true}]}}