{"id":16854,"date":"2022-05-30T10:55:50","date_gmt":"2022-05-30T08:55:50","guid":{"rendered":"https:\/\/www.raschvin.com\/vare\/cdi-trinidad-ten-cane-ping-15-61-7\/"},"modified":"2022-11-10T08:15:14","modified_gmt":"2022-11-10T07:15:14","slug":"cdi-trinidad-ten-cane-ping-15-61-7","status":"publish","type":"product","link":"https:\/\/www.raschvin.com\/sv\/produkt\/cdi-trinidad-ten-cane-ping-15-61-7\/","title":{"rendered":"CDI &#8211; Ten Cane &#8211; Trinidad &#8211; Ping 15 70 cl. 61,7%"},"content":{"rendered":"<p>1 Flaska kvar.<\/p>\n<p>Ping 15 \u00e4r 100% sockerr\u00f6rsjuice destillerad p\u00e5 potten fortfarande fr\u00e5n det st\u00e4ngda tio sockerr\u00f6rdistillerin. M\u00f6et Hennessey grundade destilleriet 2005 och st\u00e4ngde det redan 2015 p\u00e5 grund av massiva misslyckade f\u00f6rv\u00e4ntningar p\u00e5 high end Golden Rom till den amerikanska marknaden.<br \/>\nF\u00e5 blekna \u00f6verlevt och kvalitet efter 10 \u00e5r p\u00e5 matr\u00e4tten \u00e4r Eminent, och det har blivit Ping 15. Du har f\u00f6reningar till Rhum Agricole och Jamaica High Ester Room i smaken. Den \u00e4r lagrad p\u00e5 en ny bourbonr\u00e4tt s\u00e5 det finns l\u00e4ckra intensiva s\u00f6ta vaniljb\u00e4ddar i spelet.<\/p>\n<p>94\/100 po\u00e4ng &#8211; Romhatten.dk<br \/>\n&#8221;&#8221; Jag \u00e4r mycket f\u00f6rv\u00e5nad \u00f6ver varf\u00f6r du har valt att st\u00e4nga ett destilleri som kan g\u00f6ra rum av s\u00e5 h\u00f6g kvalitet som detta. Det \u00e4r jag en g\u00e5ta. [&#8230;] Vad jag s\u00e4kert kan dra slutsatsen \u00e4r att kvaliteten p\u00e5 flaskhalten \u00e4r h\u00f6g. Det \u00e4r bara tappade 282 flaskor av denna ping 15, och mitt r\u00e5d f\u00f6r dig \u00e4r: K\u00f6p. Nu.&#8221;<\/p>\n<p>Det \u00e4r alltid ett n\u00f6je att presentera den nya ping. Det \u00e4r en tappning som betyder mycket f\u00f6r oss &#8211; inte minst f\u00f6r att vi g\u00f6r extra problem att hitta n\u00e5got riktigt, riktigt bra. Och den h\u00e4r g\u00e5ngen har det lyckats gr\u00e4va n\u00e5got utomordentligt fram\u00e5t fr\u00e5n ett litet beskrivet kapitel i Romms historia: En matr\u00e4tt fr\u00e5n det slutna Trinidad-destilleriet, tio sockerr\u00f6r. Toppen av o\u00f6vertr\u00e4ffad h\u00f6g kvalitet.<\/p>\n<p>Om du inte har h\u00f6rt talas om tio sockerr\u00f6r, skyller vi inte p\u00e5 dig, f\u00f6r det \u00e4r ganska f\u00e5 som har. Men inte det h\u00e4r imponerande Rom snart p\u00e5 allas l\u00e4ppar &#8211; bokstavligen.<\/p>\n<p>Vi har hittat sk\u00e5len (eller det \u00e4r tv\u00e4rtom?) Via den franska avst\u00e4ngningen Compagnie des Ines, som skriver f\u00f6ljande om tio sockerr\u00f6r:<\/p>\n<p>&#8221;Tio Cane Distillery skapades av LVMH [Louis Vuitton Mo\u00ebt Hennesy] Tv\u00e5 producerar ren sockerr\u00f6r Juice Pot fortfarande utrymme f\u00f6r den amerikanska marknaden. M\u00e4rket hittade aldrig sin publik, den multinationella beslutade att riva ner det distansiska bara n\u00e5gra \u00e5r efter den stora \u00f6ppningen. Du kommer att ha f\u00f6rst\u00e5tt att destilleriet nu \u00e4r st\u00e4ngt och d\u00e4rmed \u00e4r dess rum mycket s\u00e4llsynta potte fortfarande rum 100% ren sockerr\u00f6rsaft (jordbruksstil).<\/p>\n<p>\u00c4ven om rummet vann hardcore fans i en liten massa romer, var marknaden i allm\u00e4nhet inte klar f\u00f6r 10 sockerr\u00f6r. Vi m\u00e5ste lova att det \u00e4r idag.<\/p>\n<p>Efter 10 \u00e5r p\u00e5 Bourbonfad har n\u00e5got mycket vackert h\u00e4nt med denna tio sockerr\u00f6r, vilket givetvis tappas p\u00e5 FAD-kraften och utan tillsats av socker.<\/p>\n<p>F\u00e4rg: Amber.<br \/>\nFragrance: Rumble hoppar upp glaset med en stor och intensiv arom som ger f\u00f6reningar f\u00f6r b\u00e5de h\u00f6g ester Jamaica-Rom och bra, v\u00e4lutrustade Agricole. V\u00e4rmekryddiga anteckningar av muskotn\u00f6t och br\u00e4nt tr\u00e4. Unik och mycket, mycket trevlig doft!<br \/>\nSmak Anm\u00e4rkningar: P\u00e5 tungan \u00e4r rummet sp\u00e4nt och koncentrerat med \u00f6verd\u00e5diga vaniljb\u00e4ddar fr\u00e5n Bourbon-sk\u00e5len, varma, fulla anteckningar av bakat \u00e4pple och mogen banan. Eftersmaken \u00e4r l\u00e5ng och inbjuder dig en annan t\u00e5r.<\/p>\n<p>Serveringsf\u00f6rslag: b\u00f6r avnjutas ren. F\u00f6rs\u00f6k eventuellt. med en droppe av kallt vatten eller tv\u00e5.<\/p>\n<p>Denna flaska \u00e4r utesluten fr\u00e5n rabattkoder.<\/p>\n<p>Compagnie des Ines \u00e4r en s\u00e5 kallad &#8221;oberoende bottler&#8221;. F\u00f6retaget har b\u00f6rjat av fransmannen Florent Beuchet, och plockar upp inspiration fr\u00e5n det brittiska ostindiska f\u00f6retaget, som i sexton, sjutton och artonhundratalet importerade s\u00e4llsynta och exotiska varor fr\u00e5n hela v\u00e4rlden till Europa. P\u00e5 samma s\u00e4tt, Florent bleknar fr\u00e5n m\u00e4klare och destillerier i hela ROM-v\u00e4rlden &#8211; som str\u00e4cker sig fr\u00e5n Florida till Jamaica, Fiji och Indonesien &#8211; och knackar p\u00e5 dem under Brandet Compagnie des Ines. M\u00e5nga \u00e4r tappade som &#8221;single casks&#8221;, men CDI publicerar ocks\u00e5 v\u00e4lkomponerade blandningar.<\/p>\n<p>De senaste \u00e5ren har resten av Europa krokig avundsjuka till Danmark n\u00e4r Florent serverar den \u00e5rliga satsen av exklusiva, danska singelkapslar. Dessa \u00e4r alltid tappade i disken och utan extra f\u00e4rg eller socker &#8211; n\u00e5got som f\u00e5r t\u00e4nderna att springa i vatten p\u00e5 romers \u00f6ver hela v\u00e4rlden! Men du hittar ocks\u00e5 mer s\u00f6t och l\u00e4ttdrink Rom i serien av transcaribbeanblandningar; t.ex. Latino och Cara\u00efbes. H\u00e4r \u00e4r n\u00e5got f\u00f6r alla.<\/p>\n","protected":false},"excerpt":{"rendered":"<p>Single Cask Premium Aged Rum<\/p>\n","protected":false},"featured_media":9378,"template":"","meta":{"_acf_changed":false,"rs_blank_template":"","rs_page_bg_color":"","slide_template_v7":""},"product_brand":[],"product_cat":[2387,4634,2391],"product_tag":[],"class_list":{"0":"post-16854","1":"product","2":"type-product","3":"status-publish","4":"has-post-thumbnail","6":"product_cat-avec-sv","7":"product_cat-premium-aged-sv","8":"product_cat-rom-sv","9":"pa_champagne-type-single-cask-sv","10":"pa_land-karibien","11":"pa_procent-61-7-sv","12":"pa_producent-compagnie-des-indes-sv","13":"pa_volume-70-sv-2","15":"first","16":"instock","17":"taxable","18":"shipping-taxable","19":"purchasable","20":"product-type-simple"},"bundled_by":[],"bundle_stock_status":"instock","bundle_stock_quantity":1,"bundle_virtual":false,"bundle_layout":"","bundle_add_to_cart_form_location":"","bundle_editable_in_cart":false,"bundle_sold_individually_context":"","bundle_item_grouping":"","bundle_min_size":"","bundle_max_size":"","bundle_price":[],"bundled_items":[],"bundle_sell_ids":[],"acf":[],"_links":{"self":[{"href":"https:\/\/www.raschvin.com\/sv\/wp-json\/wp\/v2\/product\/16854","targetHints":{"allow":["GET"]}}],"collection":[{"href":"https:\/\/www.raschvin.com\/sv\/wp-json\/wp\/v2\/product"}],"about":[{"href":"https:\/\/www.raschvin.com\/sv\/wp-json\/wp\/v2\/types\/product"}],"wp:featuredmedia":[{"embeddable":true,"href":"https:\/\/www.raschvin.com\/sv\/wp-json\/wp\/v2\/media\/9378"}],"wp:attachment":[{"href":"https:\/\/www.raschvin.com\/sv\/wp-json\/wp\/v2\/media?parent=16854"}],"wp:term":[{"taxonomy":"product_brand","embeddable":true,"href":"https:\/\/www.raschvin.com\/sv\/wp-json\/wp\/v2\/product_brand?post=16854"},{"taxonomy":"product_cat","embeddable":true,"href":"https:\/\/www.raschvin.com\/sv\/wp-json\/wp\/v2\/product_cat?post=16854"},{"taxonomy":"product_tag","embeddable":true,"href":"https:\/\/www.raschvin.com\/sv\/wp-json\/wp\/v2\/product_tag?post=16854"}],"curies":[{"name":"wp","href":"https:\/\/api.w.org\/{rel}","templated":true}]}}