{"id":16851,"date":"2022-05-30T10:54:10","date_gmt":"2022-05-30T08:54:10","guid":{"rendered":"https:\/\/www.raschvin.com\/vare\/pierre-ferrand-ambre-1er-cru\/"},"modified":"2025-04-30T18:22:04","modified_gmt":"2025-04-30T16:22:04","slug":"pierre-ferrand-ambre-1er-cru","status":"publish","type":"product","link":"https:\/\/www.raschvin.com\/sv\/produkt\/pierre-ferrand-ambre-1er-cru\/","title":{"rendered":"Cognac Pierre Ferrand &#8211; Ambr\u00e9 1er Cru 70 cl. 40%"},"content":{"rendered":"<p>Ferrand Cognac Ambr\u00e9 \u00e4r en blandning av Ugni Blanc och Colombard fr\u00e5n Ferrands egna ving\u00e5rdar i Grande Champagne \u2013 det absolut finaste omr\u00e5det i Cognac. Colombard \u00e4r numera s\u00e4llsynt i regionen, men Ferrand har \u00e5terintroducerat druvan tack vare dess aromatiska komplexitet. Och det m\u00e4rks i denna cognac, som \u00e4r otroligt aromatisk, fr\u00e4sch, blommig och helt enkelt en ren njutning att dricka.<\/p>\n<p>F\u00e4rg: Ljust gyllene<br \/>\nDoft: Frisk och blommig med inslag av \u00e4ppelblom, krispigt p\u00e4ron och Earl Grey-te.<br \/>\nSmak: Mjuk och mild p\u00e5 tungan med fruktiga toner av \u00e4pple, aprikos och florala te-nyanser.<\/p>\n<p>Maison Ferrand, listad av Spiritus Guru Alexandre Gabriel, \u00e4r f\u00f6retaget bakom n\u00e5gra av de viktigaste cognac, Rom och gins i det moderna andliga landskapet. F\u00f6retaget omfattar brett, men vanligt f\u00f6r varje en droppe \u00e4r ett obetydlig engagemang f\u00f6r kvalitet.<\/p>\n<p>Maison Ferrand skapades med ett uppdrag: f\u00f6r att bevara Frankrikes gastronomiska skatter. Alexandre har gjort en dygd av andningslivet i gamla och l\u00e5nggl\u00f6mda traditioner, och den eviga fransmannen \u00e4r bland annat k\u00e4nt f\u00f6r att komma upp och k\u00f6pa gamla arkiv fr\u00e5n konkurshus f\u00f6r att l\u00e4ra sig mer om tidigare produktionsmetoder. Men vid Ferrand f\u00f6rst\u00e5r ocks\u00e5 v\u00e4rdet av f\u00f6rnyelse, och idag uppskattar innovationen s\u00e5 h\u00f6g som tradition.<\/p>\n","protected":false},"excerpt":{"rendered":"<p>Cognac\u00a0Grand Champagne de France &#8211; Maison Ferrand<\/p>\n","protected":false},"featured_media":87953,"template":"","meta":{"_acf_changed":false,"rs_blank_template":"","rs_page_bg_color":"","slide_template_v7":""},"product_brand":[],"product_cat":[2387,2389,8359,4606],"product_tag":[],"class_list":{"0":"post-16851","1":"product","2":"type-product","3":"status-publish","4":"has-post-thumbnail","6":"product_cat-avec-sv","7":"product_cat-cognac-sv","8":"product_cat-planteray-sv","9":"product_cat-v-s-o-p-sv","10":"pa_land-frankrike","11":"pa_procent-40-sv-2","12":"pa_producent-maison-ferrand-sv","13":"pa_region-cognac-sv","14":"pa_volume-70-sv-2","16":"first","17":"instock","18":"taxable","19":"shipping-taxable","20":"purchasable","21":"product-type-simple"},"bundled_by":[],"bundle_stock_status":"instock","bundle_stock_quantity":1,"bundle_virtual":false,"bundle_layout":"","bundle_add_to_cart_form_location":"","bundle_editable_in_cart":false,"bundle_sold_individually_context":"","bundle_item_grouping":"","bundle_min_size":"","bundle_max_size":"","bundle_price":[],"bundled_items":[],"bundle_sell_ids":[],"acf":[],"_links":{"self":[{"href":"https:\/\/www.raschvin.com\/sv\/wp-json\/wp\/v2\/product\/16851","targetHints":{"allow":["GET"]}}],"collection":[{"href":"https:\/\/www.raschvin.com\/sv\/wp-json\/wp\/v2\/product"}],"about":[{"href":"https:\/\/www.raschvin.com\/sv\/wp-json\/wp\/v2\/types\/product"}],"wp:featuredmedia":[{"embeddable":true,"href":"https:\/\/www.raschvin.com\/sv\/wp-json\/wp\/v2\/media\/87953"}],"wp:attachment":[{"href":"https:\/\/www.raschvin.com\/sv\/wp-json\/wp\/v2\/media?parent=16851"}],"wp:term":[{"taxonomy":"product_brand","embeddable":true,"href":"https:\/\/www.raschvin.com\/sv\/wp-json\/wp\/v2\/product_brand?post=16851"},{"taxonomy":"product_cat","embeddable":true,"href":"https:\/\/www.raschvin.com\/sv\/wp-json\/wp\/v2\/product_cat?post=16851"},{"taxonomy":"product_tag","embeddable":true,"href":"https:\/\/www.raschvin.com\/sv\/wp-json\/wp\/v2\/product_tag?post=16851"}],"curies":[{"name":"wp","href":"https:\/\/api.w.org\/{rel}","templated":true}]}}