{"id":16850,"date":"2022-05-30T10:54:10","date_gmt":"2022-05-30T08:54:10","guid":{"rendered":"https:\/\/www.raschvin.com\/vare\/om-mad-og-vin-og-hvad-der-virker-bog\/"},"modified":"2022-06-08T15:03:54","modified_gmt":"2022-06-08T13:03:54","slug":"om-mad-og-vin-og-hvad-der-virker-bog","status":"publish","type":"product","link":"https:\/\/www.raschvin.com\/sv\/produkt\/om-mad-og-vin-og-hvad-der-virker-bog\/","title":{"rendered":"Om Mad Og Vin Og Hvad Der Virker &#8211; Bog"},"content":{"rendered":"<p>Beskrivning av mat och vin och vad som fungerar<\/p>\n<p>Vad ska vi dricka f\u00f6r maten p\u00e5 l\u00f6rdag? Vad \u00e4r en barolo verkligen, och vilken typ av mat fungerar b\u00e4st med det? Om vin och mat och vad fungerar \u00e4r en opretenti\u00f6s handlinje till alla som vill ha ett bra r\u00e5d om vilket vin som passar maten eller vilken typ mat, m\u00e5ste du tj\u00e4na tillsammans med det vin du har. Med den h\u00e4r lilla boken p\u00e5 hyllan tillsammans med kockb\u00f6ckerna har du alltid ett referensarbete till hands n\u00e4r du s\u00f6ker inspiration f\u00f6r g\u00e4stmiddagen eller vardagen. Hare.martin Northern Discal \u00e4r utbildad sommelier fr\u00e5n Vina Academy och har m\u00e5nga \u00e5rs erfarenhet som en vinkonsult och fr\u00e5n restaurangbranschen som en tj\u00e4nare och restaurangchef.<\/p>\n<p>B\u00f6cker av martin norra quaddy<br \/>\nDen tidigare vinnaren av masterkocken och jakten p\u00e5 Danmarks b\u00e4sta recept har genomf\u00f6rt m\u00e5nga titlar genom \u00e5ren. F\u00f6rutom utbildad kock, n\u00e4ringskonsult och sommarlier, kan han ocks\u00e5 kalla sig f\u00f6rfattare. Martin North Distance har publicerat upp till flera b\u00f6cker i olika genre. Han s\u00e4tter namnet p\u00e5 kostboken &#8221;en diet till m\u00e4n&#8221; och ungdoms roman &#8221;Bandit&#8221;. Martin \u00e4r uppvuxen i Kors\u00f8r, men \u00e4r f\u00f6r n\u00e4rvarande bosatt i Frederikssund med maka Benjamin och hundarna Kuba och Rocco. N\u00e4r Martin Northern Discal skriver b\u00f6cker, verkar det som om han skriver fr\u00e5n livserfarenhet, som boken &#8221;Euroar&#8221; som agerar p\u00e5 5 pojkar som fr\u00e5gar upp till audition med pojkebandage. Martin Northern Qvist har i samband med 90-talet varit en s\u00e5ngare av Boyman Fortyfive grader och kanske har dragit lite inspiration h\u00e4rifr\u00e5n? H\u00e4r har vi \u00e5tminstone en f\u00f6rfattare med livlig fantasi och god erfarenhet av de \u00e4mnen som han skriver om.<\/p>\n","protected":false},"excerpt":{"rendered":"<p>Af Martin Nordkvist<\/p>\n","protected":false},"featured_media":9335,"template":"","meta":{"_acf_changed":false,"rs_blank_template":"","rs_page_bg_color":"","slide_template_v7":""},"product_brand":[],"product_cat":[2753,2761],"product_tag":[],"class_list":{"0":"post-16850","1":"product","2":"type-product","3":"status-publish","4":"has-post-thumbnail","6":"product_cat-gaavor","7":"product_cat-tillbehoer","8":"pa_producent-martin-nordkvist-sv","10":"first","11":"instock","12":"sale","13":"taxable","14":"shipping-taxable","15":"purchasable","16":"product-type-simple"},"bundled_by":[],"bundle_stock_status":"instock","bundle_stock_quantity":null,"bundle_virtual":false,"bundle_layout":"","bundle_add_to_cart_form_location":"","bundle_editable_in_cart":false,"bundle_sold_individually_context":"","bundle_item_grouping":"","bundle_min_size":"","bundle_max_size":"","bundle_price":[],"bundled_items":[],"bundle_sell_ids":[],"acf":[],"_links":{"self":[{"href":"https:\/\/www.raschvin.com\/sv\/wp-json\/wp\/v2\/product\/16850","targetHints":{"allow":["GET"]}}],"collection":[{"href":"https:\/\/www.raschvin.com\/sv\/wp-json\/wp\/v2\/product"}],"about":[{"href":"https:\/\/www.raschvin.com\/sv\/wp-json\/wp\/v2\/types\/product"}],"wp:featuredmedia":[{"embeddable":true,"href":"https:\/\/www.raschvin.com\/sv\/wp-json\/wp\/v2\/media\/9335"}],"wp:attachment":[{"href":"https:\/\/www.raschvin.com\/sv\/wp-json\/wp\/v2\/media?parent=16850"}],"wp:term":[{"taxonomy":"product_brand","embeddable":true,"href":"https:\/\/www.raschvin.com\/sv\/wp-json\/wp\/v2\/product_brand?post=16850"},{"taxonomy":"product_cat","embeddable":true,"href":"https:\/\/www.raschvin.com\/sv\/wp-json\/wp\/v2\/product_cat?post=16850"},{"taxonomy":"product_tag","embeddable":true,"href":"https:\/\/www.raschvin.com\/sv\/wp-json\/wp\/v2\/product_tag?post=16850"}],"curies":[{"name":"wp","href":"https:\/\/api.w.org\/{rel}","templated":true}]}}