{"id":16848,"date":"2022-05-30T10:54:10","date_gmt":"2022-05-30T08:54:10","guid":{"rendered":"https:\/\/www.raschvin.com\/vare\/rittenhouse-straight-rye-100-proof\/"},"modified":"2022-12-03T07:01:05","modified_gmt":"2022-12-03T06:01:05","slug":"rittenhouse-straight-rye-100-proof","status":"publish","type":"product","link":"https:\/\/www.raschvin.com\/sv\/produkt\/rittenhouse-straight-rye-100-proof\/","title":{"rendered":"Rittenhouse Straight Rye Whiskey &#8211; 100 Proof 70 cl. 50%"},"content":{"rendered":"<p>Till skillnad fr\u00e5n bourbon produceras fr\u00e4mst p\u00e5 majs, produceras Rittenhouse Straight Ryey minst 51% r\u00e5g.<\/p>\n<p>Detta resulterar i en stark, fruktig och ganska intensiv whisky som erbjuder doften av torkade frukter, piptobak och toffee, i smaken hittar du kakao, kanel och mjuk apelsinskal.<\/p>\n<p>RittenHouse Straight Rye Whiskey 100 Bevis \u00e4r ett mycket anm\u00e4lt fall att Whisky Magazine heter v\u00e4rldens b\u00e4sta nordamerikanska whisky. Men priserna kan ocks\u00e5 amma, inklusive Rittenhouse Straight Rye Whisky 100 Bevisvinnan Dubbel guldmedalj p\u00e5 San Francisco World Spirits t\u00e4vling. &#8211; En scoop f\u00f6r priset!<\/p>\n<p>Om du s\u00f6ker inspiration rekommenderas Rittehouse Straight Rye Whiskey 100-bevis f\u00f6r en Manhattan coctail:<\/p>\n<p>5 cl. Rittenhouse rye whisky<\/p>\n<p>2 cl. s\u00f6t vermouth<\/p>\n<p>En liten droppe angostura bitter.<\/p>\n","protected":false},"excerpt":{"rendered":"<p>Bottled In Bond &#8211; American Rye Whiskey<\/p>\n","protected":false},"featured_media":9315,"template":"","meta":{"_acf_changed":false,"rs_blank_template":"","rs_page_bg_color":"","slide_template_v7":""},"product_brand":[],"product_cat":[4657,2387,4663,2392],"product_tag":[],"class_list":{"0":"post-16848","1":"product","2":"type-product","3":"status-publish","4":"has-post-thumbnail","6":"product_cat-american-bourbon-sv","7":"product_cat-avec-sv","8":"product_cat-rye-sv","9":"product_cat-whisky-sv","10":"pa_land-usa-sv","11":"pa_procent-50-sv","12":"pa_producent-heaven-hill-distillery-sv","13":"pa_region-kentucky-sv","14":"pa_volume-75-sv","16":"first","17":"instock","18":"taxable","19":"shipping-taxable","20":"purchasable","21":"product-type-simple"},"bundled_by":[],"bundle_stock_status":"instock","bundle_stock_quantity":null,"bundle_virtual":false,"bundle_layout":"","bundle_add_to_cart_form_location":"","bundle_editable_in_cart":false,"bundle_sold_individually_context":"","bundle_item_grouping":"","bundle_min_size":"","bundle_max_size":"","bundle_price":[],"bundled_items":[],"bundle_sell_ids":[],"acf":[],"_links":{"self":[{"href":"https:\/\/www.raschvin.com\/sv\/wp-json\/wp\/v2\/product\/16848","targetHints":{"allow":["GET"]}}],"collection":[{"href":"https:\/\/www.raschvin.com\/sv\/wp-json\/wp\/v2\/product"}],"about":[{"href":"https:\/\/www.raschvin.com\/sv\/wp-json\/wp\/v2\/types\/product"}],"wp:featuredmedia":[{"embeddable":true,"href":"https:\/\/www.raschvin.com\/sv\/wp-json\/wp\/v2\/media\/9315"}],"wp:attachment":[{"href":"https:\/\/www.raschvin.com\/sv\/wp-json\/wp\/v2\/media?parent=16848"}],"wp:term":[{"taxonomy":"product_brand","embeddable":true,"href":"https:\/\/www.raschvin.com\/sv\/wp-json\/wp\/v2\/product_brand?post=16848"},{"taxonomy":"product_cat","embeddable":true,"href":"https:\/\/www.raschvin.com\/sv\/wp-json\/wp\/v2\/product_cat?post=16848"},{"taxonomy":"product_tag","embeddable":true,"href":"https:\/\/www.raschvin.com\/sv\/wp-json\/wp\/v2\/product_tag?post=16848"}],"curies":[{"name":"wp","href":"https:\/\/api.w.org\/{rel}","templated":true}]}}