{"id":16847,"date":"2022-05-30T10:54:10","date_gmt":"2022-05-30T08:54:10","guid":{"rendered":"https:\/\/www.raschvin.com\/vare\/old-overholt-straight-rye-100-cl\/"},"modified":"2022-11-29T15:53:21","modified_gmt":"2022-11-29T14:53:21","slug":"old-overholt-straight-rye-100-cl","status":"publish","type":"product","link":"https:\/\/www.raschvin.com\/sv\/produkt\/old-overholt-straight-rye-100-cl\/","title":{"rendered":"Old Overholt Straight Rye 100 cl. 40%"},"content":{"rendered":"<p>Old Overholt \u00e4r en av Amerikas helt klassiska Ryes &#8211; en h\u00f6rnsten i den amerikanska whiskyindustrin och den \u00e4ldsta, kontinuerligt bibeh\u00e5llen eld, med ursprung i strax tillbaka 1810! Idag \u00e4r det str\u00e5lkastare som tillverkar whiskyen till detta (go&#8217;e) gamla traversal. Whiskyen \u00e4r lagrad 3 \u00e5r p\u00e5 nya, oanv\u00e4nda ekfat och tappade p\u00e5 40%. Var n\u00e5gon sagt Manhattans?<\/p>\n<p>F\u00e4rg: Golden.<br \/>\nFragrance: Milda kryddiga anteckningar av kanel och kardemumma \u00e5tf\u00f6ljer mogna \u00e4pplen och en touch av karamelll.<br \/>\nSmak Anm\u00e4rkningar: Fortfarande mildt kryddat, och h\u00e4r ocks\u00e5 massor av vanilj, med en torr slut.<\/p>\n<p>Serveringsf\u00f6rslag: kan avnjutas ren, \u00f6ver is eller i cocktails. Ett uppenbart val f\u00f6r Manhattans.<\/p>\n<p>Portf\u00f6ljen vid Jim Beam Distillery \u00e4r bred. Den str\u00e4cker sig \u00f6ver ganska billiga whiskyer avsedda f\u00f6r &#8221;blandning&#8221;, Bestseller-Bourbons och extremt s\u00e4llsynta lyxutsl\u00e4pp. De tv\u00e5 fabrikerna \u00e4r b\u00e5da i Clermont i Kentucky-staten som m\u00e5ste betraktas som Bourbons arnest. Som utg\u00e5ngspunkt anv\u00e4nder Jim Beam av tv\u00e5 olika Mashbills, ett med ett l\u00e5gt matta inneh\u00e5ll (77% majs, 13% r\u00e5g och 10% korn) och den andra med en h\u00f6g (63% majs, 27% r\u00e5g och 10% bygical ), Men de g\u00f6r ocks\u00e5 r\u00e5g och whiskys med mer experimentella kornkompositioner. Allt deras bourbon lagras minst 4 \u00e5r p\u00e5 nya ekr\u00e4tter, vilket \u00e4r dubbelt s\u00e5 l\u00e4nge som lagen kr\u00e4ver.<\/p>\n<p>F\u00f6retaget grundades av tyskarna i slutet av 18th century (&#8221;Beam&#8221; \u00e4r en anglisering av B\u00f6hm), \u200b\u200boch idag drivs den med 7. Generation, men sedan 2014 har f\u00f6retaget varit japanskt efter en f\u00f6rdelad $ 14 miljarder dyrt Tackover av suntory.<\/p>\n","protected":false},"excerpt":{"rendered":"<p>Straight Rye Whiskey<\/p>\n","protected":false},"featured_media":9302,"template":"","meta":{"_acf_changed":false,"rs_blank_template":"","rs_page_bg_color":"","slide_template_v7":""},"product_brand":[],"product_cat":[2387,4663,2392],"product_tag":[],"class_list":{"0":"post-16847","1":"product","2":"type-product","3":"status-publish","4":"has-post-thumbnail","6":"product_cat-avec-sv","7":"product_cat-rye-sv","8":"product_cat-whisky-sv","9":"pa_land-usa-sv","10":"pa_procent-40-sv-2","11":"pa_producent-jim-beam-distillery-sv","12":"pa_region-kentucky-sv","13":"pa_volume-100-sv","15":"first","16":"outofstock","17":"taxable","18":"shipping-taxable","19":"purchasable","20":"product-type-simple"},"bundled_by":[],"bundle_stock_status":"outofstock","bundle_stock_quantity":null,"bundle_virtual":false,"bundle_layout":"","bundle_add_to_cart_form_location":"","bundle_editable_in_cart":false,"bundle_sold_individually_context":"","bundle_item_grouping":"","bundle_min_size":"","bundle_max_size":"","bundle_price":[],"bundled_items":[],"bundle_sell_ids":[],"acf":[],"_links":{"self":[{"href":"https:\/\/www.raschvin.com\/sv\/wp-json\/wp\/v2\/product\/16847","targetHints":{"allow":["GET"]}}],"collection":[{"href":"https:\/\/www.raschvin.com\/sv\/wp-json\/wp\/v2\/product"}],"about":[{"href":"https:\/\/www.raschvin.com\/sv\/wp-json\/wp\/v2\/types\/product"}],"wp:featuredmedia":[{"embeddable":true,"href":"https:\/\/www.raschvin.com\/sv\/wp-json\/wp\/v2\/media\/9302"}],"wp:attachment":[{"href":"https:\/\/www.raschvin.com\/sv\/wp-json\/wp\/v2\/media?parent=16847"}],"wp:term":[{"taxonomy":"product_brand","embeddable":true,"href":"https:\/\/www.raschvin.com\/sv\/wp-json\/wp\/v2\/product_brand?post=16847"},{"taxonomy":"product_cat","embeddable":true,"href":"https:\/\/www.raschvin.com\/sv\/wp-json\/wp\/v2\/product_cat?post=16847"},{"taxonomy":"product_tag","embeddable":true,"href":"https:\/\/www.raschvin.com\/sv\/wp-json\/wp\/v2\/product_tag?post=16847"}],"curies":[{"name":"wp","href":"https:\/\/api.w.org\/{rel}","templated":true}]}}