{"id":16845,"date":"2022-05-30T10:54:10","date_gmt":"2022-05-30T08:54:10","guid":{"rendered":"https:\/\/www.raschvin.com\/vare\/togouchi-18-years\/"},"modified":"2022-12-11T14:50:29","modified_gmt":"2022-12-11T13:50:29","slug":"togouchi-18-years","status":"publish","type":"product","link":"https:\/\/www.raschvin.com\/sv\/produkt\/togouchi-18-years\/","title":{"rendered":"Togouchi &#8211; Aged 18 Years 70 cl. 43,8%"},"content":{"rendered":"<p>Chugoku Jozo kanske inte \u00e4r det namn som kallar de flesta klockor med de flesta, men det \u00e4r \u00e4nd\u00e5 de som st\u00e5r bakom Togouchi, en av de mest dunkla blandningarna p\u00e5 marknaden. Denna 18-\u00e5riga blandning \u00e4r inte bara speciell p\u00e5 grund av sin h\u00f6ga \u00e5lder, men p\u00e5 grund av bakgrunden av dess sammans\u00e4ttning. Det finns ingen av de komponenter som produceras i Japan, och ist\u00e4llet har importerat maltwhisky fr\u00e5n Skottland och Grainwhisky fr\u00e5n Kanada och fyllde den p\u00e5 ekfat i Japan.<\/p>\n<p>D\u00e5 har det till\u00e5tits att lagra i n\u00e5got som unikt som en gammal j\u00e4rnv\u00e4gstunnel &#8211; en v\u00e4lbeh\u00f6vlig avledning fr\u00e5n traditionella varuhus &#8211; och i slut\u00e4ndan flaskas till den h\u00e4r turbulenta f\u00f6rundran.<\/p>\n<p>N\u00e4sa: doftande ek och timjan honung med en touch av brandy k\u00f6rsb\u00e4r nere.<\/p>\n<p>Gane: Sultana och torkad aprikos, blommig korn, stalk ingef\u00e4ra och en touch av bakning riktningar.<\/p>\n<p>Avsluta: Kontinuerlig karamelll och spannm\u00e5l. Vaniljtips och apelsinskal.<\/p>\n","protected":false},"excerpt":{"rendered":"<p>Japanese Blended Whisky<\/p>\n","protected":false},"featured_media":9276,"template":"","meta":{"_acf_changed":false,"rs_blank_template":"","rs_page_bg_color":"","slide_template_v7":""},"product_brand":[],"product_cat":[2387,2392,4765],"product_tag":[],"class_list":{"0":"post-16845","1":"product","2":"type-product","3":"status-publish","4":"has-post-thumbnail","6":"product_cat-avec-sv","7":"product_cat-whisky-sv","8":"product_cat-blended-sv","9":"pa_land-japan-sv","10":"pa_procent-43-8-sv","11":"pa_producent-chugoku-jozo-sv","12":"pa_region-hiroshima-sv","13":"pa_volume-70-sv-2","15":"first","16":"outofstock","17":"sale","18":"taxable","19":"shipping-taxable","20":"purchasable","21":"product-type-simple"},"bundled_by":[],"bundle_stock_status":"outofstock","bundle_stock_quantity":null,"bundle_virtual":false,"bundle_layout":"","bundle_add_to_cart_form_location":"","bundle_editable_in_cart":false,"bundle_sold_individually_context":"","bundle_item_grouping":"","bundle_min_size":"","bundle_max_size":"","bundle_price":[],"bundled_items":[],"bundle_sell_ids":[],"acf":[],"_links":{"self":[{"href":"https:\/\/www.raschvin.com\/sv\/wp-json\/wp\/v2\/product\/16845","targetHints":{"allow":["GET"]}}],"collection":[{"href":"https:\/\/www.raschvin.com\/sv\/wp-json\/wp\/v2\/product"}],"about":[{"href":"https:\/\/www.raschvin.com\/sv\/wp-json\/wp\/v2\/types\/product"}],"wp:featuredmedia":[{"embeddable":true,"href":"https:\/\/www.raschvin.com\/sv\/wp-json\/wp\/v2\/media\/9276"}],"wp:attachment":[{"href":"https:\/\/www.raschvin.com\/sv\/wp-json\/wp\/v2\/media?parent=16845"}],"wp:term":[{"taxonomy":"product_brand","embeddable":true,"href":"https:\/\/www.raschvin.com\/sv\/wp-json\/wp\/v2\/product_brand?post=16845"},{"taxonomy":"product_cat","embeddable":true,"href":"https:\/\/www.raschvin.com\/sv\/wp-json\/wp\/v2\/product_cat?post=16845"},{"taxonomy":"product_tag","embeddable":true,"href":"https:\/\/www.raschvin.com\/sv\/wp-json\/wp\/v2\/product_tag?post=16845"}],"curies":[{"name":"wp","href":"https:\/\/api.w.org\/{rel}","templated":true}]}}