{"id":16844,"date":"2022-05-30T10:54:10","date_gmt":"2022-05-30T08:54:10","guid":{"rendered":"https:\/\/www.raschvin.com\/vare\/togouchi-12-years\/"},"modified":"2022-12-11T14:46:09","modified_gmt":"2022-12-11T13:46:09","slug":"togouchi-12-years","status":"publish","type":"product","link":"https:\/\/www.raschvin.com\/sv\/produkt\/togouchi-12-years\/","title":{"rendered":"Togouchi &#8211;  Aged 12 Years 70 cl. 40%"},"content":{"rendered":"<p>Unik japansk blandad whiskyflaska p\u00e5 40%<\/p>\n<p>Togouchi 12 \u00e5r av japansk blandad whisky kommer fr\u00e5n ett bergsomr\u00e5de n\u00e4ra Hiroshima, Japan.<\/p>\n<p>\u00c4ven om malt och korn whiskyer som \u00e4r blandade h\u00e4rstammar fr\u00e5n Skottland och Kanada, har ToGouchi en japansk sj\u00e4l. \u00c5ldrande, blandning och tappning \u00e4ger rum i Japan av Chugoku Jozo. Temperaturen p\u00e5 tunneln f\u00f6r att lagra whisky p\u00e5 Togouchi \u00e4r alltid 15 grader, och temperaturen p\u00e5 k\u00e4llaren p\u00e5 huvudkontor i Hatsukaichi City \u00e4r lite h\u00f6gre \u00e4n det. Fade fr\u00e5n b\u00e5da platserna bidrar till att skapa en komplex blandad whisky d\u00e4r smaken k\u00e4nnetecknas av att lagra p\u00e5 ekfat, och lukten inneh\u00e5ller ocks\u00e5 fina k\u00e4nsliga anteckningar av torv.<\/p>\n<p>Det \u00e4r en mycket charmad dram med gott djup och intensitet. Finalen \u00e4r l\u00e5ng och uts\u00f6kt<\/p>\n","protected":false},"excerpt":{"rendered":"<p>Japanese Blended Whisky<\/p>\n","protected":false},"featured_media":31232,"template":"","meta":{"_acf_changed":false,"rs_blank_template":"","rs_page_bg_color":"","slide_template_v7":""},"product_brand":[],"product_cat":[2387,2392,4765],"product_tag":[],"class_list":{"0":"post-16844","1":"product","2":"type-product","3":"status-publish","4":"has-post-thumbnail","6":"product_cat-avec-sv","7":"product_cat-whisky-sv","8":"product_cat-blended-sv","9":"pa_land-japan-sv","10":"pa_procent-40-sv-2","11":"pa_producent-chugoku-jozo-sv","12":"pa_region-hiroshima-sv","13":"pa_volume-70-sv-2","15":"first","16":"outofstock","17":"sale","18":"taxable","19":"shipping-taxable","20":"purchasable","21":"product-type-simple"},"bundled_by":[],"bundle_stock_status":"outofstock","bundle_stock_quantity":null,"bundle_virtual":false,"bundle_layout":"","bundle_add_to_cart_form_location":"","bundle_editable_in_cart":false,"bundle_sold_individually_context":"","bundle_item_grouping":"","bundle_min_size":"","bundle_max_size":"","bundle_price":[],"bundled_items":[],"bundle_sell_ids":[],"acf":[],"_links":{"self":[{"href":"https:\/\/www.raschvin.com\/sv\/wp-json\/wp\/v2\/product\/16844","targetHints":{"allow":["GET"]}}],"collection":[{"href":"https:\/\/www.raschvin.com\/sv\/wp-json\/wp\/v2\/product"}],"about":[{"href":"https:\/\/www.raschvin.com\/sv\/wp-json\/wp\/v2\/types\/product"}],"wp:featuredmedia":[{"embeddable":true,"href":"https:\/\/www.raschvin.com\/sv\/wp-json\/wp\/v2\/media\/31232"}],"wp:attachment":[{"href":"https:\/\/www.raschvin.com\/sv\/wp-json\/wp\/v2\/media?parent=16844"}],"wp:term":[{"taxonomy":"product_brand","embeddable":true,"href":"https:\/\/www.raschvin.com\/sv\/wp-json\/wp\/v2\/product_brand?post=16844"},{"taxonomy":"product_cat","embeddable":true,"href":"https:\/\/www.raschvin.com\/sv\/wp-json\/wp\/v2\/product_cat?post=16844"},{"taxonomy":"product_tag","embeddable":true,"href":"https:\/\/www.raschvin.com\/sv\/wp-json\/wp\/v2\/product_tag?post=16844"}],"curies":[{"name":"wp","href":"https:\/\/api.w.org\/{rel}","templated":true}]}}