{"id":16835,"date":"2022-05-30T10:52:17","date_gmt":"2022-05-30T08:52:17","guid":{"rendered":"https:\/\/www.raschvin.com\/vare\/bols-blue-curacao-liqueur\/"},"modified":"2022-10-29T08:43:45","modified_gmt":"2022-10-29T06:43:45","slug":"bols-blue-curacao-liqueur","status":"publish","type":"product","link":"https:\/\/www.raschvin.com\/sv\/produkt\/bols-blue-curacao-liqueur\/","title":{"rendered":"Bols Blue Curacao Liqueur 50 cl. 21%"},"content":{"rendered":"<p>Bols Blue \u00e4r den ursprungliga bl\u00e5 Curacao och en av de \u00e4ldsta varianterna i Bols sortiment. Bols Blue h\u00f6r fortfarande till v\u00e4rldens b\u00e4sts\u00e4ljande bl\u00e5 curacaoes. Under det senaste \u00e5rhundradet var Bols Blue k\u00e4nt som &#8221;Cr\u00e8me de Ciel&#8221; &#8211; eller i den danska &#8221;Heavenly Cream&#8221; &#8211; och lik\u00f6ren smakar fortfarande s\u00e5 att \u00e4nglarna sjunger!<\/p>\n<p>Bols har producerat sprit och blandare sedan \u00e5r 1575 och \u00e4r k\u00e4nda \u00f6ver hela v\u00e4rlden f\u00f6r sina m\u00e5nga olika produkter. Bols har sitt destilleri i Amsterdam.<\/p>\n","protected":false},"excerpt":{"rendered":"<p>Product of Holland Amsterdam Since 1575<\/p>\n","protected":false},"featured_media":9152,"template":"","meta":{"_acf_changed":false,"rs_blank_template":"","rs_page_bg_color":"","slide_template_v7":""},"product_brand":[],"product_cat":[2387,4670,2390],"product_tag":[],"class_list":{"0":"post-16835","1":"product","2":"type-product","3":"status-publish","4":"has-post-thumbnail","6":"product_cat-avec-sv","7":"product_cat-frukt","8":"product_cat-sprit","9":"pa_land-nederlaenderna","10":"pa_procent-21-sv","11":"pa_producent-bols-sv","12":"pa_region-amsterdam-sv","13":"pa_volume-50-sv","15":"first","16":"instock","17":"taxable","18":"shipping-taxable","19":"purchasable","20":"product-type-simple"},"bundled_by":[],"bundle_stock_status":"instock","bundle_stock_quantity":null,"bundle_virtual":false,"bundle_layout":"","bundle_add_to_cart_form_location":"","bundle_editable_in_cart":false,"bundle_sold_individually_context":"","bundle_item_grouping":"","bundle_min_size":"","bundle_max_size":"","bundle_price":[],"bundled_items":[],"bundle_sell_ids":[],"acf":[],"_links":{"self":[{"href":"https:\/\/www.raschvin.com\/sv\/wp-json\/wp\/v2\/product\/16835","targetHints":{"allow":["GET"]}}],"collection":[{"href":"https:\/\/www.raschvin.com\/sv\/wp-json\/wp\/v2\/product"}],"about":[{"href":"https:\/\/www.raschvin.com\/sv\/wp-json\/wp\/v2\/types\/product"}],"wp:featuredmedia":[{"embeddable":true,"href":"https:\/\/www.raschvin.com\/sv\/wp-json\/wp\/v2\/media\/9152"}],"wp:attachment":[{"href":"https:\/\/www.raschvin.com\/sv\/wp-json\/wp\/v2\/media?parent=16835"}],"wp:term":[{"taxonomy":"product_brand","embeddable":true,"href":"https:\/\/www.raschvin.com\/sv\/wp-json\/wp\/v2\/product_brand?post=16835"},{"taxonomy":"product_cat","embeddable":true,"href":"https:\/\/www.raschvin.com\/sv\/wp-json\/wp\/v2\/product_cat?post=16835"},{"taxonomy":"product_tag","embeddable":true,"href":"https:\/\/www.raschvin.com\/sv\/wp-json\/wp\/v2\/product_tag?post=16835"}],"curies":[{"name":"wp","href":"https:\/\/api.w.org\/{rel}","templated":true}]}}