{"id":16830,"date":"2022-05-30T10:50:34","date_gmt":"2022-05-30T08:50:34","guid":{"rendered":"https:\/\/www.raschvin.com\/vare\/bols-parfait-amourviolet\/"},"modified":"2022-10-29T09:28:27","modified_gmt":"2022-10-29T07:28:27","slug":"bols-parfait-amourviolet","status":"publish","type":"product","link":"https:\/\/www.raschvin.com\/sv\/produkt\/bols-parfait-amourviolet\/","title":{"rendered":"Bols Parfait Amour(Violet) 50 cl. 24%"},"content":{"rendered":"<p>Bols Parfait Amour \u00e4r en vacker, m\u00f6rk lila lik\u00f6r med smak av blomblad &#8211; fr\u00e4mst rosor och violetter &#8211; och vanilj med anteckningar av apelsinskal och mandel. Bols Parfait Amour har ersatt flera \u00e5rhundraden gamla Cr\u00e8me de violette. De flesta bartenders \u00e4r fascinerade av Parfait Amours komplexitet, f\u00f6r h\u00e4r \u00e4r verkligen en s\u00e4llsynt lik\u00f6r, som fr\u00e4mst anv\u00e4nds i relativt ok\u00e4nda recept.<\/p>\n<p>Bols har producerat sprit och blandare sedan \u00e5r 1575 och \u00e4r k\u00e4nda \u00f6ver hela v\u00e4rlden f\u00f6r sina m\u00e5nga olika produkter. Bols har sitt destilleri i Amsterdam.<\/p>\n","protected":false},"excerpt":{"rendered":"<p>Product of Holland Amsterdam Since 1575<\/p>\n","protected":false},"featured_media":9087,"template":"","meta":{"_acf_changed":false,"rs_blank_template":"","rs_page_bg_color":"","slide_template_v7":""},"product_brand":[],"product_cat":[4716,2387,2390],"product_tag":[],"class_list":{"0":"post-16830","1":"product","2":"type-product","3":"status-publish","4":"has-post-thumbnail","6":"product_cat-andra-likorer","7":"product_cat-avec-sv","8":"product_cat-sprit","9":"pa_land-nederlaenderna","10":"pa_procent-24-sv","11":"pa_producent-bols-sv","12":"pa_region-amsterdam-sv","13":"pa_volume-50-sv","15":"first","16":"instock","17":"taxable","18":"shipping-taxable","19":"purchasable","20":"product-type-simple"},"bundled_by":["117463"],"bundle_stock_status":"instock","bundle_stock_quantity":null,"bundle_virtual":false,"bundle_layout":"","bundle_add_to_cart_form_location":"","bundle_editable_in_cart":false,"bundle_sold_individually_context":"","bundle_item_grouping":"","bundle_min_size":"","bundle_max_size":"","bundle_price":[],"bundled_items":[],"bundle_sell_ids":[],"acf":[],"_links":{"self":[{"href":"https:\/\/www.raschvin.com\/sv\/wp-json\/wp\/v2\/product\/16830","targetHints":{"allow":["GET"]}}],"collection":[{"href":"https:\/\/www.raschvin.com\/sv\/wp-json\/wp\/v2\/product"}],"about":[{"href":"https:\/\/www.raschvin.com\/sv\/wp-json\/wp\/v2\/types\/product"}],"wp:featuredmedia":[{"embeddable":true,"href":"https:\/\/www.raschvin.com\/sv\/wp-json\/wp\/v2\/media\/9087"}],"wp:attachment":[{"href":"https:\/\/www.raschvin.com\/sv\/wp-json\/wp\/v2\/media?parent=16830"}],"wp:term":[{"taxonomy":"product_brand","embeddable":true,"href":"https:\/\/www.raschvin.com\/sv\/wp-json\/wp\/v2\/product_brand?post=16830"},{"taxonomy":"product_cat","embeddable":true,"href":"https:\/\/www.raschvin.com\/sv\/wp-json\/wp\/v2\/product_cat?post=16830"},{"taxonomy":"product_tag","embeddable":true,"href":"https:\/\/www.raschvin.com\/sv\/wp-json\/wp\/v2\/product_tag?post=16830"}],"curies":[{"name":"wp","href":"https:\/\/api.w.org\/{rel}","templated":true}]}}