{"id":16827,"date":"2022-05-30T10:50:34","date_gmt":"2022-05-30T08:50:34","guid":{"rendered":"https:\/\/www.raschvin.com\/vare\/bols-advocaat-egg-liqueur\/"},"modified":"2022-10-29T08:31:22","modified_gmt":"2022-10-29T06:31:22","slug":"bols-advocaat-egg-liqueur","status":"publish","type":"product","link":"https:\/\/www.raschvin.com\/sv\/produkt\/bols-advocaat-egg-liqueur\/","title":{"rendered":"Bols Advocaat Egg Liqueur 70 cl. 15%"},"content":{"rendered":"<p>Bols Advocaat \u00e4gglik\u00f6r p\u00e5 15% alkohol har sin egen exceptionella smakprofil. Denna lik\u00f6r \u00e4r fl\u00e4tig med en touch av vanilj och en markerad mindre dominerande alkoholsmak \u00e4n liknande lik\u00f6rer.<\/p>\n<p>Bols Advocaat \u00e4gglik\u00f6r kommer fr\u00e5n Holland, och det \u00e4r en l\u00e4cker kr\u00e4mig lik\u00f6r gjord av \u00e4gg, socker och konjak. Den har en fyllig, kr\u00e4mig smak som \u00e4r perfekt f\u00f6r blandning i drycker och cocktails.<\/p>\n<p>Bols har producerat sprit och blandare sedan \u00e5r 1575 och \u00e4r k\u00e4nda \u00f6ver hela v\u00e4rlden f\u00f6r sina m\u00e5nga olika produkter. Bols har sitt destilleri i Amsterdam.<\/p>\n","protected":false},"excerpt":{"rendered":"<p>Product of Holland Amsterdam Since 1575<\/p>\n","protected":false},"featured_media":9051,"template":"","meta":{"_acf_changed":false,"rs_blank_template":"","rs_page_bg_color":"","slide_template_v7":""},"product_brand":[],"product_cat":[4716,2387,4673,2390],"product_tag":[],"class_list":{"0":"post-16827","1":"product","2":"type-product","3":"status-publish","4":"has-post-thumbnail","6":"product_cat-andra-likorer","7":"product_cat-avec-sv","8":"product_cat-creme-sv","9":"product_cat-sprit","10":"pa_land-nederlaenderna","11":"pa_procent-15-sv","12":"pa_producent-bols-sv","13":"pa_region-amsterdam-sv","14":"pa_volume-70-sv-2","16":"first","17":"instock","18":"taxable","19":"shipping-taxable","20":"purchasable","21":"product-type-simple"},"bundled_by":[],"bundle_stock_status":"instock","bundle_stock_quantity":null,"bundle_virtual":false,"bundle_layout":"","bundle_add_to_cart_form_location":"","bundle_editable_in_cart":false,"bundle_sold_individually_context":"","bundle_item_grouping":"","bundle_min_size":"","bundle_max_size":"","bundle_price":[],"bundled_items":[],"bundle_sell_ids":[],"acf":[],"_links":{"self":[{"href":"https:\/\/www.raschvin.com\/sv\/wp-json\/wp\/v2\/product\/16827","targetHints":{"allow":["GET"]}}],"collection":[{"href":"https:\/\/www.raschvin.com\/sv\/wp-json\/wp\/v2\/product"}],"about":[{"href":"https:\/\/www.raschvin.com\/sv\/wp-json\/wp\/v2\/types\/product"}],"wp:featuredmedia":[{"embeddable":true,"href":"https:\/\/www.raschvin.com\/sv\/wp-json\/wp\/v2\/media\/9051"}],"wp:attachment":[{"href":"https:\/\/www.raschvin.com\/sv\/wp-json\/wp\/v2\/media?parent=16827"}],"wp:term":[{"taxonomy":"product_brand","embeddable":true,"href":"https:\/\/www.raschvin.com\/sv\/wp-json\/wp\/v2\/product_brand?post=16827"},{"taxonomy":"product_cat","embeddable":true,"href":"https:\/\/www.raschvin.com\/sv\/wp-json\/wp\/v2\/product_cat?post=16827"},{"taxonomy":"product_tag","embeddable":true,"href":"https:\/\/www.raschvin.com\/sv\/wp-json\/wp\/v2\/product_tag?post=16827"}],"curies":[{"name":"wp","href":"https:\/\/api.w.org\/{rel}","templated":true}]}}